{"id":998,"date":"2022-12-27T12:46:34","date_gmt":"2022-12-27T09:46:34","guid":{"rendered":"https:\/\/kackaryapi.com.tr\/?post_type=product&#038;p=998"},"modified":"2022-12-27T12:47:39","modified_gmt":"2022-12-27T09:47:39","slug":"baumit-finish","status":"publish","type":"product","link":"https:\/\/kackaryapi.com.tr\/en\/product\/baumit-finish\/","title":{"rendered":"Baumit Finish"},"content":{"rendered":"","protected":false},"excerpt":{"rendered":"<p class=\"bodytext body-text-overwrite-for-mobil\">Baumit Efekt Boyas\u0131<\/p>\n<p class=\"introtext\">Dispersiyon esasl\u0131, kullan\u0131ma haz\u0131r, \u015feffaf tasar\u0131m boyas\u0131d\u0131r. Lasur \u00fcr\u00fcn\u00fcn \u00fczerine koruma ama\u00e7l\u0131 olarak uygulan\u0131r.<\/p>\n<ul class=\"highlights highlights-with-h2\">\n<li>Baumit Lasur i\u00e7in koruma katman\u0131<\/li>\n<li>Farkl\u0131 cephe tasar\u0131mlar\u0131 i\u00e7in efekt yaratma<\/li>\n<li>\u015eeffaf<\/li>\n<\/ul>","protected":false},"featured_media":999,"comment_status":"open","ping_status":"closed","template":"","meta":[],"product_cat":[217,225],"product_tag":[44,36,46,219,226,221,201,43,35,202,39,45,38,72],"class_list":["post-998","product","type-product","status-publish","has-post-thumbnail","hentry","product_cat-baumit","product_cat-baumit-son-kat","product_tag-alci","product_tag-astarlar","product_tag-atasehir-yapi","product_tag-baumit","product_tag-baumit-classico-special","product_tag-baumit-nivello-quattro","product_tag-hazir-siva","product_tag-kackar-yapi","product_tag-macunlar","product_tag-mantolama","product_tag-yapi","product_tag-yapi-onarim","product_tag-yapi-sistemleri","product_tag-zemin-sistemleri"],"_links":{"self":[{"href":"https:\/\/kackaryapi.com.tr\/en\/wp-json\/wp\/v2\/product\/998","targetHints":{"allow":["GET"]}}],"collection":[{"href":"https:\/\/kackaryapi.com.tr\/en\/wp-json\/wp\/v2\/product"}],"about":[{"href":"https:\/\/kackaryapi.com.tr\/en\/wp-json\/wp\/v2\/types\/product"}],"replies":[{"embeddable":true,"href":"https:\/\/kackaryapi.com.tr\/en\/wp-json\/wp\/v2\/comments?post=998"}],"wp:featuredmedia":[{"embeddable":true,"href":"https:\/\/kackaryapi.com.tr\/en\/wp-json\/wp\/v2\/media\/999"}],"wp:attachment":[{"href":"https:\/\/kackaryapi.com.tr\/en\/wp-json\/wp\/v2\/media?parent=998"}],"wp:term":[{"taxonomy":"product_cat","embeddable":true,"href":"https:\/\/kackaryapi.com.tr\/en\/wp-json\/wp\/v2\/product_cat?post=998"},{"taxonomy":"product_tag","embeddable":true,"href":"https:\/\/kackaryapi.com.tr\/en\/wp-json\/wp\/v2\/product_tag?post=998"}],"curies":[{"name":"wp","href":"https:\/\/api.w.org\/{rel}","templated":true}]}}