{"id":996,"date":"2022-12-27T12:43:26","date_gmt":"2022-12-27T09:43:26","guid":{"rendered":"https:\/\/kackaryapi.com.tr\/?post_type=product&#038;p=996"},"modified":"2024-04-11T18:36:10","modified_gmt":"2024-04-11T15:36:10","slug":"baumit-fillprimer","status":"publish","type":"product","link":"https:\/\/kackaryapi.com.tr\/en\/product\/baumit-fillprimer\/","title":{"rendered":"Baumit FillPrimer"},"content":{"rendered":"","protected":false},"excerpt":{"rendered":"<p class=\"bodytext body-text-overwrite-for-mobil\">\u00c7atlak &#8211; Dolgu Astar\u0131<\/p>\n<p class=\"introtext\">\u0130\u00e7 ve d\u0131\u015f cepheler i\u00e7in geni\u015f kullan\u0131m ama\u00e7l\u0131, \u00e7atlaklar\u0131 doldurma \u00f6zelli\u011fine sahip, elyaf takviyeli kullan\u0131ma haz\u0131r astard\u0131r. Solvent i\u00e7ermez. \u00d6zellikle \u0131s\u0131 yal\u0131t\u0131m sistemlerinin tadilat\u0131nda 0,5 mm\u2019ye kadar ince \u00e7atlaklar\u0131n kapat\u0131lmas\u0131 i\u00e7in uygundur. Mineral veya organik ba\u011flay\u0131c\u0131l\u0131 kaplama veya boya \u00fcr\u00fcnleri uygulamas\u0131ndan \u00f6nce s\u0131va y\u00fczeyinde \u00f6n haz\u0131rl\u0131k amac\u0131 ile kullan\u0131l\u0131r.<\/p>\n<ul class=\"highlights highlights-with-h2\">\n<li>0,5 mm&#8217;e kadar \u00e7atlak kapatabilme<\/li>\n<li>\u0130ki katman aras\u0131nda y\u00fcksek ba\u011flanma performans\u0131<\/li>\n<li>Cephe yenileme i\u00e7in en uygun astar<\/li>\n<\/ul>","protected":false},"featured_media":997,"comment_status":"open","ping_status":"closed","template":"","meta":[],"product_cat":[217,225],"product_tag":[44,36,46,219,226,221,201,43,35,202,39,45,38,72],"class_list":["post-996","product","type-product","status-publish","has-post-thumbnail","hentry","product_cat-baumit","product_cat-baumit-son-kat","product_tag-alci","product_tag-astarlar","product_tag-atasehir-yapi","product_tag-baumit","product_tag-baumit-classico-special","product_tag-baumit-nivello-quattro","product_tag-hazir-siva","product_tag-kackar-yapi","product_tag-macunlar","product_tag-mantolama","product_tag-yapi","product_tag-yapi-onarim","product_tag-yapi-sistemleri","product_tag-zemin-sistemleri"],"_links":{"self":[{"href":"https:\/\/kackaryapi.com.tr\/en\/wp-json\/wp\/v2\/product\/996","targetHints":{"allow":["GET"]}}],"collection":[{"href":"https:\/\/kackaryapi.com.tr\/en\/wp-json\/wp\/v2\/product"}],"about":[{"href":"https:\/\/kackaryapi.com.tr\/en\/wp-json\/wp\/v2\/types\/product"}],"replies":[{"embeddable":true,"href":"https:\/\/kackaryapi.com.tr\/en\/wp-json\/wp\/v2\/comments?post=996"}],"wp:featuredmedia":[{"embeddable":true,"href":"https:\/\/kackaryapi.com.tr\/en\/wp-json\/wp\/v2\/media\/997"}],"wp:attachment":[{"href":"https:\/\/kackaryapi.com.tr\/en\/wp-json\/wp\/v2\/media?parent=996"}],"wp:term":[{"taxonomy":"product_cat","embeddable":true,"href":"https:\/\/kackaryapi.com.tr\/en\/wp-json\/wp\/v2\/product_cat?post=996"},{"taxonomy":"product_tag","embeddable":true,"href":"https:\/\/kackaryapi.com.tr\/en\/wp-json\/wp\/v2\/product_tag?post=996"}],"curies":[{"name":"wp","href":"https:\/\/api.w.org\/{rel}","templated":true}]}}