{"id":991,"date":"2022-12-27T12:40:35","date_gmt":"2022-12-27T09:40:35","guid":{"rendered":"https:\/\/kackaryapi.com.tr\/?post_type=product&#038;p=991"},"modified":"2022-12-27T12:41:19","modified_gmt":"2022-12-27T09:41:19","slug":"baumit-creativtop","status":"publish","type":"product","link":"https:\/\/kackaryapi.com.tr\/en\/product\/baumit-creativtop\/","title":{"rendered":"Baumit CreativTop"},"content":{"rendered":"","protected":false},"excerpt":{"rendered":"<p class=\"bodytext body-text-overwrite-for-mobil\">Tasar\u0131m Haz\u0131r Dekoratif Kaplama<\/p>\n<p class=\"introtext\">Yarat\u0131c\u0131 d\u0131\u015f cephe tasar\u0131mlar\u0131 i\u00e7in, kullan\u0131ma haz\u0131r farkl\u0131 dokularla \u015fekillendirilebilen son kat kaplamad\u0131r. T\u00fcketim miktar\u0131, uygulama tekni\u011fine ba\u011fl\u0131 olarak de\u011fi\u015fiklik g\u00f6sterebilmektedir.<\/p>\n<ul class=\"highlights highlights-with-h2\">\n<li>S\u0131n\u0131rs\u0131z tasar\u0131m olana\u011f\u0131<\/li>\n<li>Kolay uygulama<\/li>\n<li>Yarat\u0131c\u0131 ve renkli<\/li>\n<\/ul>","protected":false},"featured_media":992,"comment_status":"open","ping_status":"closed","template":"","meta":[],"product_cat":[217,225],"product_tag":[44,36,46,219,226,221,201,43,35,202,39,45,38,72],"class_list":["post-991","product","type-product","status-publish","has-post-thumbnail","hentry","product_cat-baumit","product_cat-baumit-son-kat","product_tag-alci","product_tag-astarlar","product_tag-atasehir-yapi","product_tag-baumit","product_tag-baumit-classico-special","product_tag-baumit-nivello-quattro","product_tag-hazir-siva","product_tag-kackar-yapi","product_tag-macunlar","product_tag-mantolama","product_tag-yapi","product_tag-yapi-onarim","product_tag-yapi-sistemleri","product_tag-zemin-sistemleri"],"_links":{"self":[{"href":"https:\/\/kackaryapi.com.tr\/en\/wp-json\/wp\/v2\/product\/991","targetHints":{"allow":["GET"]}}],"collection":[{"href":"https:\/\/kackaryapi.com.tr\/en\/wp-json\/wp\/v2\/product"}],"about":[{"href":"https:\/\/kackaryapi.com.tr\/en\/wp-json\/wp\/v2\/types\/product"}],"replies":[{"embeddable":true,"href":"https:\/\/kackaryapi.com.tr\/en\/wp-json\/wp\/v2\/comments?post=991"}],"wp:featuredmedia":[{"embeddable":true,"href":"https:\/\/kackaryapi.com.tr\/en\/wp-json\/wp\/v2\/media\/992"}],"wp:attachment":[{"href":"https:\/\/kackaryapi.com.tr\/en\/wp-json\/wp\/v2\/media?parent=991"}],"wp:term":[{"taxonomy":"product_cat","embeddable":true,"href":"https:\/\/kackaryapi.com.tr\/en\/wp-json\/wp\/v2\/product_cat?post=991"},{"taxonomy":"product_tag","embeddable":true,"href":"https:\/\/kackaryapi.com.tr\/en\/wp-json\/wp\/v2\/product_tag?post=991"}],"curies":[{"name":"wp","href":"https:\/\/api.w.org\/{rel}","templated":true}]}}