{"id":989,"date":"2022-12-27T12:37:12","date_gmt":"2022-12-27T09:37:12","guid":{"rendered":"https:\/\/kackaryapi.com.tr\/?post_type=product&#038;p=989"},"modified":"2022-12-27T12:39:38","modified_gmt":"2022-12-27T09:39:38","slug":"baumit-classico-special","status":"publish","type":"product","link":"https:\/\/kackaryapi.com.tr\/en\/product\/baumit-classico-special\/","title":{"rendered":"Baumit Classico Special"},"content":{"rendered":"","protected":false},"excerpt":{"rendered":"<p class=\"bodytext body-text-overwrite-for-mobil\">Dekoratif kaplama<\/p>\n<p class=\"introtext\">Beyaz \u00e7imento esasl\u0131,polimerlerle takviye edilmi\u015f y\u00fcksek su iticili\u011fe sahip nefes alma kabiliyeti geli\u015ftirilmi\u015f dekoratif(mineral) kaplama \u00fcr\u00fcn\u00fcd\u00fcr.Mukavemeti ve \u00f6mr\u00fc artt\u0131ran mermer tanecikleri i\u00e7eren,gercek 2mm tanecik boyutuna ,beyaz renge ve m\u00fckemmel doku g\u00f6r\u00fcnt\u00fcs\u00fcne sahip \u00fcr\u00fcn,d\u0131\u015f cephe \u0131s\u0131 yal\u0131t\u0131m sistemleri \u00fczerinde kullan\u0131labilir<\/p>\n<ul class=\"highlights highlights-with-h2\">\n<li>Benzersiz beyazl\u0131k<\/li>\n<li>Y\u00fcksek darbe direnci<\/li>\n<li>Zorlu iklim ko\u015fullar\u0131na y\u00fcksek dayan\u0131m<\/li>\n<\/ul>","protected":false},"featured_media":990,"comment_status":"open","ping_status":"closed","template":"","meta":[],"product_cat":[217,225],"product_tag":[44,36,46,219,226,221,201,43,35,202,39,45,38,72],"class_list":["post-989","product","type-product","status-publish","has-post-thumbnail","hentry","product_cat-baumit","product_cat-baumit-son-kat","product_tag-alci","product_tag-astarlar","product_tag-atasehir-yapi","product_tag-baumit","product_tag-baumit-classico-special","product_tag-baumit-nivello-quattro","product_tag-hazir-siva","product_tag-kackar-yapi","product_tag-macunlar","product_tag-mantolama","product_tag-yapi","product_tag-yapi-onarim","product_tag-yapi-sistemleri","product_tag-zemin-sistemleri"],"_links":{"self":[{"href":"https:\/\/kackaryapi.com.tr\/en\/wp-json\/wp\/v2\/product\/989","targetHints":{"allow":["GET"]}}],"collection":[{"href":"https:\/\/kackaryapi.com.tr\/en\/wp-json\/wp\/v2\/product"}],"about":[{"href":"https:\/\/kackaryapi.com.tr\/en\/wp-json\/wp\/v2\/types\/product"}],"replies":[{"embeddable":true,"href":"https:\/\/kackaryapi.com.tr\/en\/wp-json\/wp\/v2\/comments?post=989"}],"wp:featuredmedia":[{"embeddable":true,"href":"https:\/\/kackaryapi.com.tr\/en\/wp-json\/wp\/v2\/media\/990"}],"wp:attachment":[{"href":"https:\/\/kackaryapi.com.tr\/en\/wp-json\/wp\/v2\/media?parent=989"}],"wp:term":[{"taxonomy":"product_cat","embeddable":true,"href":"https:\/\/kackaryapi.com.tr\/en\/wp-json\/wp\/v2\/product_cat?post=989"},{"taxonomy":"product_tag","embeddable":true,"href":"https:\/\/kackaryapi.com.tr\/en\/wp-json\/wp\/v2\/product_tag?post=989"}],"curies":[{"name":"wp","href":"https:\/\/api.w.org\/{rel}","templated":true}]}}