{"id":987,"date":"2022-12-26T19:03:25","date_gmt":"2022-12-26T16:03:25","guid":{"rendered":"https:\/\/kackaryapi.com.tr\/?post_type=product&#038;p=987"},"modified":"2022-12-26T19:04:09","modified_gmt":"2022-12-26T16:04:09","slug":"baumit-mvr-uni","status":"publish","type":"product","link":"https:\/\/kackaryapi.com.tr\/en\/product\/baumit-mvr-uni\/","title":{"rendered":"Baumit MVR Uni"},"content":{"rendered":"","protected":false},"excerpt":{"rendered":"<p class=\"bodytext body-text-overwrite-for-mobil\">Baumit \u0130\u00e7 ve D\u0131\u015f Mekanlar i\u00e7in El S\u0131vas\u0131<\/p>\n<p class=\"introtext\">Beyaz \u00e7imento esasl\u0131, y\u00fcksek nefes alma kabiliyetine ve su iticili\u011fe sahip, el ile uygulanabilen fabrika kar\u0131\u015f\u0131m\u0131 perlitli haz\u0131r s\u0131vad\u0131r. T\u00fcm yap\u0131larda, i\u00e7 ve d\u0131\u015f cephelerde kullan\u0131labilir. Tu\u011fla, gazbeton, beton, br\u00fct beton, bims duvarlar ve tavanlar i\u00e7in uygundur.<\/p>\n<ul class=\"highlights highlights-with-h2\">\n<li>Beyaz \u00e7imento kalitesi ve y\u00fcksek nefes alma \u00f6zel<\/li>\n<li>Gazbeton \u00fczerine do\u011frudan uygulama ve y\u00fcksek ade<\/li>\n<li>Perlitli hafif s\u0131va<\/li>\n<\/ul>","protected":false},"featured_media":988,"comment_status":"open","ping_status":"closed","template":"","meta":[],"product_cat":[217,223],"product_tag":[44,36,46,219,221,222,224,220,211,201,43,35,202,39,45,38,72],"class_list":["post-987","product","type-product","status-publish","has-post-thumbnail","hentry","product_cat-baumit","product_cat-baumit-sivalar","product_tag-alci","product_tag-astarlar","product_tag-atasehir-yapi","product_tag-baumit","product_tag-baumit-nivello-quattro","product_tag-baumit-nivello-uno","product_tag-baumit-spritz","product_tag-baumit-zemin","product_tag-decocement","product_tag-hazir-siva","product_tag-kackar-yapi","product_tag-macunlar","product_tag-mantolama","product_tag-yapi","product_tag-yapi-onarim","product_tag-yapi-sistemleri","product_tag-zemin-sistemleri"],"_links":{"self":[{"href":"https:\/\/kackaryapi.com.tr\/en\/wp-json\/wp\/v2\/product\/987","targetHints":{"allow":["GET"]}}],"collection":[{"href":"https:\/\/kackaryapi.com.tr\/en\/wp-json\/wp\/v2\/product"}],"about":[{"href":"https:\/\/kackaryapi.com.tr\/en\/wp-json\/wp\/v2\/types\/product"}],"replies":[{"embeddable":true,"href":"https:\/\/kackaryapi.com.tr\/en\/wp-json\/wp\/v2\/comments?post=987"}],"wp:featuredmedia":[{"embeddable":true,"href":"https:\/\/kackaryapi.com.tr\/en\/wp-json\/wp\/v2\/media\/988"}],"wp:attachment":[{"href":"https:\/\/kackaryapi.com.tr\/en\/wp-json\/wp\/v2\/media?parent=987"}],"wp:term":[{"taxonomy":"product_cat","embeddable":true,"href":"https:\/\/kackaryapi.com.tr\/en\/wp-json\/wp\/v2\/product_cat?post=987"},{"taxonomy":"product_tag","embeddable":true,"href":"https:\/\/kackaryapi.com.tr\/en\/wp-json\/wp\/v2\/product_tag?post=987"}],"curies":[{"name":"wp","href":"https:\/\/api.w.org\/{rel}","templated":true}]}}