{"id":985,"date":"2022-12-26T19:01:58","date_gmt":"2022-12-26T16:01:58","guid":{"rendered":"https:\/\/kackaryapi.com.tr\/?post_type=product&#038;p=985"},"modified":"2022-12-26T19:02:43","modified_gmt":"2022-12-26T16:02:43","slug":"baumit-beton-kontakt","status":"publish","type":"product","link":"https:\/\/kackaryapi.com.tr\/en\/product\/baumit-beton-kontakt\/","title":{"rendered":"Baumit Beton Kontakt"},"content":{"rendered":"","protected":false},"excerpt":{"rendered":"<p class=\"bodytext body-text-overwrite-for-mobil\">Al\u00e7\u0131 ve \u00c7imento Esasl\u0131 S\u0131valar \u0130\u00e7in Beton Y\u00fczey Astar\u0131<\/p>\n<p class=\"introtext\">Organik esasl\u0131, kullan\u0131ma haz\u0131r, al\u00e7\u0131 ve \u00e7imento esasl\u0131 s\u0131va uygulamalar\u0131 \u00f6ncesinde aderans\u0131 art\u0131rmak ve y\u00fczey emicili\u011fini dengelemek i\u00e7in kullan\u0131lan astar \u00fcr\u00fcn\u00fcd\u00fcr. Rulo ile uygulanabilir. T\u00fcm yap\u0131larda, i\u00e7 cephelerde (\u0131slak hacimler hari\u00e7) kullan\u0131labilir. Beton ve br\u00fct beton gibi parlak y\u00fczeylerin al\u00e7\u0131 s\u0131va uygulamalar\u0131na haz\u0131r hale getirilmesi i\u00e7in kullan\u0131l\u0131r.<\/p>\n<ul class=\"highlights highlights-with-h2\">\n<li>H\u0131zl\u0131 ve kolay uygulama<\/li>\n<li>Y\u00fcksek aderans<\/li>\n<li>Parlak y\u00fczeylerde al\u00e7\u0131 s\u0131va \u00f6ncesi y\u00fczey haz\u0131rlama<\/li>\n<\/ul>","protected":false},"featured_media":986,"comment_status":"open","ping_status":"closed","template":"","meta":[],"product_cat":[217,223],"product_tag":[44,36,46,219,221,222,224,220,211,201,43,35,202,39,45,38,72],"class_list":["post-985","product","type-product","status-publish","has-post-thumbnail","hentry","product_cat-baumit","product_cat-baumit-sivalar","product_tag-alci","product_tag-astarlar","product_tag-atasehir-yapi","product_tag-baumit","product_tag-baumit-nivello-quattro","product_tag-baumit-nivello-uno","product_tag-baumit-spritz","product_tag-baumit-zemin","product_tag-decocement","product_tag-hazir-siva","product_tag-kackar-yapi","product_tag-macunlar","product_tag-mantolama","product_tag-yapi","product_tag-yapi-onarim","product_tag-yapi-sistemleri","product_tag-zemin-sistemleri"],"_links":{"self":[{"href":"https:\/\/kackaryapi.com.tr\/en\/wp-json\/wp\/v2\/product\/985","targetHints":{"allow":["GET"]}}],"collection":[{"href":"https:\/\/kackaryapi.com.tr\/en\/wp-json\/wp\/v2\/product"}],"about":[{"href":"https:\/\/kackaryapi.com.tr\/en\/wp-json\/wp\/v2\/types\/product"}],"replies":[{"embeddable":true,"href":"https:\/\/kackaryapi.com.tr\/en\/wp-json\/wp\/v2\/comments?post=985"}],"wp:featuredmedia":[{"embeddable":true,"href":"https:\/\/kackaryapi.com.tr\/en\/wp-json\/wp\/v2\/media\/986"}],"wp:attachment":[{"href":"https:\/\/kackaryapi.com.tr\/en\/wp-json\/wp\/v2\/media?parent=985"}],"wp:term":[{"taxonomy":"product_cat","embeddable":true,"href":"https:\/\/kackaryapi.com.tr\/en\/wp-json\/wp\/v2\/product_cat?post=985"},{"taxonomy":"product_tag","embeddable":true,"href":"https:\/\/kackaryapi.com.tr\/en\/wp-json\/wp\/v2\/product_tag?post=985"}],"curies":[{"name":"wp","href":"https:\/\/api.w.org\/{rel}","templated":true}]}}