{"id":981,"date":"2022-12-26T18:58:11","date_gmt":"2022-12-26T15:58:11","guid":{"rendered":"https:\/\/kackaryapi.com.tr\/?post_type=product&#038;p=981"},"modified":"2022-12-26T18:58:47","modified_gmt":"2022-12-26T15:58:47","slug":"baumit-glemabrillant","status":"publish","type":"product","link":"https:\/\/kackaryapi.com.tr\/en\/product\/baumit-glemabrillant\/","title":{"rendered":"Baumit GlemaBrillant"},"content":{"rendered":"","protected":false},"excerpt":{"rendered":"<p class=\"bodytext body-text-overwrite-for-mobil\">Baumit Saten S\u0131va<\/p>\n<p class=\"introtext\">Beyaz \u00e7imento esasl\u0131, y\u00fcksek nefes alma kabiliyetine ve su iticili\u011fe sahip, \u00e7ok ince dokulu, elle uygulanabilen fabrika kar\u0131\u015f\u0131m\u0131 saten macundur. T\u00fcm yap\u0131larda, i\u00e7 cephelerde kullan\u0131labilir. \u00d6zellikle beton, kaba s\u0131va, ince s\u0131va ve mineral esasl\u0131 y\u00fczeylerde uygulan\u0131r. Y\u00fczeyin boyaya haz\u0131rlanmas\u0131 i\u00e7in p\u00fcr\u00fczs\u00fcz bir y\u00fczey elde etme amac\u0131 ile kullan\u0131l\u0131r.<\/p>\n<ul class=\"highlights highlights-with-h2\">\n<li>P\u00fcr\u00fczs\u00fcz y\u00fczey<\/li>\n<li>Al\u00e7\u0131ya g\u00f6re daha y\u00fcksek aderans ve dayan\u0131kl\u0131l\u0131k<\/li>\n<li>Islak hacimler i\u00e7in uygun<\/li>\n<\/ul>","protected":false},"featured_media":982,"comment_status":"open","ping_status":"closed","template":"","meta":[],"product_cat":[217,223],"product_tag":[44,36,46,219,221,222,224,220,211,201,43,35,202,39,45,38,72],"class_list":["post-981","product","type-product","status-publish","has-post-thumbnail","hentry","product_cat-baumit","product_cat-baumit-sivalar","product_tag-alci","product_tag-astarlar","product_tag-atasehir-yapi","product_tag-baumit","product_tag-baumit-nivello-quattro","product_tag-baumit-nivello-uno","product_tag-baumit-spritz","product_tag-baumit-zemin","product_tag-decocement","product_tag-hazir-siva","product_tag-kackar-yapi","product_tag-macunlar","product_tag-mantolama","product_tag-yapi","product_tag-yapi-onarim","product_tag-yapi-sistemleri","product_tag-zemin-sistemleri"],"_links":{"self":[{"href":"https:\/\/kackaryapi.com.tr\/en\/wp-json\/wp\/v2\/product\/981","targetHints":{"allow":["GET"]}}],"collection":[{"href":"https:\/\/kackaryapi.com.tr\/en\/wp-json\/wp\/v2\/product"}],"about":[{"href":"https:\/\/kackaryapi.com.tr\/en\/wp-json\/wp\/v2\/types\/product"}],"replies":[{"embeddable":true,"href":"https:\/\/kackaryapi.com.tr\/en\/wp-json\/wp\/v2\/comments?post=981"}],"wp:featuredmedia":[{"embeddable":true,"href":"https:\/\/kackaryapi.com.tr\/en\/wp-json\/wp\/v2\/media\/982"}],"wp:attachment":[{"href":"https:\/\/kackaryapi.com.tr\/en\/wp-json\/wp\/v2\/media?parent=981"}],"wp:term":[{"taxonomy":"product_cat","embeddable":true,"href":"https:\/\/kackaryapi.com.tr\/en\/wp-json\/wp\/v2\/product_cat?post=981"},{"taxonomy":"product_tag","embeddable":true,"href":"https:\/\/kackaryapi.com.tr\/en\/wp-json\/wp\/v2\/product_tag?post=981"}],"curies":[{"name":"wp","href":"https:\/\/api.w.org\/{rel}","templated":true}]}}