{"id":979,"date":"2022-12-26T18:56:23","date_gmt":"2022-12-26T15:56:23","guid":{"rendered":"https:\/\/kackaryapi.com.tr\/?post_type=product&#038;p=979"},"modified":"2022-12-26T18:57:20","modified_gmt":"2022-12-26T15:57:20","slug":"baumit-spritz","status":"publish","type":"product","link":"https:\/\/kackaryapi.com.tr\/en\/product\/baumit-spritz\/","title":{"rendered":"Baumit Spritz"},"content":{"rendered":"","protected":false},"excerpt":{"rendered":"<p class=\"introtext\">\u00c7imento esasl\u0131, s\u0131va uygulamalar\u0131 \u00f6ncesinde aderans\u0131 art\u0131rmak ve y\u00fczey emicili\u011fini dengelemek i\u00e7in kullan\u0131lan y\u00fczey haz\u0131rlama (\u00f6n serpme) \u00fcr\u00fcn\u00fcd\u00fcr. T\u00fcm yap\u0131larda, i\u00e7 ve d\u0131\u015f cephelerde (\u0131slak hacimler dahil) kullan\u0131labilir. Tu\u011fla, gazbeton, beton, br\u00fct beton, bims duvarlar ve tavanlar i\u00e7in uygundur. El ile uygulanabilmekte olup, makine ile uygulama detaylar\u0131 i\u00e7in Baumit\u2019ten bilgi al\u0131n\u0131z.<\/p>\n<ul class=\"highlights highlights-with-h2\">\n<li>Y\u00fcksek tutunma g\u00fcc\u00fc<\/li>\n<li>Y\u00fcksek emi\u015f dengeleme kabiliyeti<\/li>\n<li>TSE Belgeli<\/li>\n<\/ul>","protected":false},"featured_media":980,"comment_status":"open","ping_status":"closed","template":"","meta":[],"product_cat":[217,223],"product_tag":[44,36,46,219,221,222,224,220,211,201,43,35,202,39,45,38,72],"class_list":["post-979","product","type-product","status-publish","has-post-thumbnail","hentry","product_cat-baumit","product_cat-baumit-sivalar","product_tag-alci","product_tag-astarlar","product_tag-atasehir-yapi","product_tag-baumit","product_tag-baumit-nivello-quattro","product_tag-baumit-nivello-uno","product_tag-baumit-spritz","product_tag-baumit-zemin","product_tag-decocement","product_tag-hazir-siva","product_tag-kackar-yapi","product_tag-macunlar","product_tag-mantolama","product_tag-yapi","product_tag-yapi-onarim","product_tag-yapi-sistemleri","product_tag-zemin-sistemleri"],"_links":{"self":[{"href":"https:\/\/kackaryapi.com.tr\/en\/wp-json\/wp\/v2\/product\/979","targetHints":{"allow":["GET"]}}],"collection":[{"href":"https:\/\/kackaryapi.com.tr\/en\/wp-json\/wp\/v2\/product"}],"about":[{"href":"https:\/\/kackaryapi.com.tr\/en\/wp-json\/wp\/v2\/types\/product"}],"replies":[{"embeddable":true,"href":"https:\/\/kackaryapi.com.tr\/en\/wp-json\/wp\/v2\/comments?post=979"}],"wp:featuredmedia":[{"embeddable":true,"href":"https:\/\/kackaryapi.com.tr\/en\/wp-json\/wp\/v2\/media\/980"}],"wp:attachment":[{"href":"https:\/\/kackaryapi.com.tr\/en\/wp-json\/wp\/v2\/media?parent=979"}],"wp:term":[{"taxonomy":"product_cat","embeddable":true,"href":"https:\/\/kackaryapi.com.tr\/en\/wp-json\/wp\/v2\/product_cat?post=979"},{"taxonomy":"product_tag","embeddable":true,"href":"https:\/\/kackaryapi.com.tr\/en\/wp-json\/wp\/v2\/product_tag?post=979"}],"curies":[{"name":"wp","href":"https:\/\/api.w.org\/{rel}","templated":true}]}}