{"id":977,"date":"2022-12-26T18:53:27","date_gmt":"2022-12-26T15:53:27","guid":{"rendered":"https:\/\/kackaryapi.com.tr\/?post_type=product&#038;p=977"},"modified":"2022-12-26T18:56:10","modified_gmt":"2022-12-26T15:56:10","slug":"baumit-manu-2","status":"publish","type":"product","link":"https:\/\/kackaryapi.com.tr\/en\/product\/baumit-manu-2\/","title":{"rendered":"Baumit Manu 2"},"content":{"rendered":"","protected":false},"excerpt":{"rendered":"<p class=\"bodytext body-text-overwrite-for-mobil\">Baumit \u0130\u00e7 ve D\u0131\u015f Mekanlar i\u00e7in El S\u0131vas\u0131<\/p>\n<p class=\"introtext\">\u00c7imento esasl\u0131, y\u00fcksek nefes alma kabiliyetine ve su iticili\u011fe sahip, iri taneli dokusu ile dolguya gelebilen, el ile uygulanabilen fabrika kar\u0131\u015f\u0131m\u0131 haz\u0131r s\u0131vad\u0131r. T\u00fcm yap\u0131larda, i\u00e7 ve d\u0131\u015f cephelerde kullan\u0131labilir. Tu\u011fla, gazbeton, beton, br\u00fct beton, bims duvarlar ve tavanlar i\u00e7in uygundur.<\/p>\n<ul class=\"highlights highlights-with-h2\">\n<li>\u015eantiye kar\u0131\u015f\u0131m\u0131na g\u00f6re daha y\u00fcksek performans<\/li>\n<li>Ambalajl\u0131 olmas\u0131 sayesinde minimum \u00fcr\u00fcn kayb\u0131<\/li>\n<li>Her torbada ayn\u0131 kalite<\/li>\n<\/ul>","protected":false},"featured_media":978,"comment_status":"open","ping_status":"closed","template":"","meta":[],"product_cat":[217,223],"product_tag":[44,36,46,219,221,222,220,211,201,43,35,202,209,39,45,38,207,72],"class_list":["post-977","product","type-product","status-publish","has-post-thumbnail","hentry","product_cat-baumit","product_cat-baumit-sivalar","product_tag-alci","product_tag-astarlar","product_tag-atasehir-yapi","product_tag-baumit","product_tag-baumit-nivello-quattro","product_tag-baumit-nivello-uno","product_tag-baumit-zemin","product_tag-decocement","product_tag-hazir-siva","product_tag-kackar-yapi","product_tag-macunlar","product_tag-mantolama","product_tag-multicement","product_tag-yapi","product_tag-yapi-onarim","product_tag-yapi-sistemleri","product_tag-yapicement","product_tag-zemin-sistemleri"],"_links":{"self":[{"href":"https:\/\/kackaryapi.com.tr\/en\/wp-json\/wp\/v2\/product\/977","targetHints":{"allow":["GET"]}}],"collection":[{"href":"https:\/\/kackaryapi.com.tr\/en\/wp-json\/wp\/v2\/product"}],"about":[{"href":"https:\/\/kackaryapi.com.tr\/en\/wp-json\/wp\/v2\/types\/product"}],"replies":[{"embeddable":true,"href":"https:\/\/kackaryapi.com.tr\/en\/wp-json\/wp\/v2\/comments?post=977"}],"wp:featuredmedia":[{"embeddable":true,"href":"https:\/\/kackaryapi.com.tr\/en\/wp-json\/wp\/v2\/media\/978"}],"wp:attachment":[{"href":"https:\/\/kackaryapi.com.tr\/en\/wp-json\/wp\/v2\/media?parent=977"}],"wp:term":[{"taxonomy":"product_cat","embeddable":true,"href":"https:\/\/kackaryapi.com.tr\/en\/wp-json\/wp\/v2\/product_cat?post=977"},{"taxonomy":"product_tag","embeddable":true,"href":"https:\/\/kackaryapi.com.tr\/en\/wp-json\/wp\/v2\/product_tag?post=977"}],"curies":[{"name":"wp","href":"https:\/\/api.w.org\/{rel}","templated":true}]}}