{"id":975,"date":"2022-12-26T18:47:58","date_gmt":"2022-12-26T15:47:58","guid":{"rendered":"https:\/\/kackaryapi.com.tr\/?post_type=product&#038;p=975"},"modified":"2022-12-26T18:51:48","modified_gmt":"2022-12-26T15:51:48","slug":"baumit-solido-160","status":"publish","type":"product","link":"https:\/\/kackaryapi.com.tr\/en\/product\/baumit-solido-160\/","title":{"rendered":"Baumit Solido 160"},"content":{"rendered":"","protected":false},"excerpt":{"rendered":"<p class=\"bodytext body-text-overwrite-for-mobil\">Baumit Kendinden Yay\u0131lan \u015eap<\/p>\n<p class=\"introtext\">\u00c7imento esasl\u0131, polimerik ve puzolanik katk\u0131lar i\u00e7eren, C16-F4 s\u0131n\u0131f\u0131, elle veya makine ile uygulanabilen, fabrika kar\u0131\u015f\u0131m\u0131 haz\u0131r kendinden seviye alan zemin \u015fap\u0131d\u0131r. Zemin bozukluklar\u0131n\u0131 d\u00fczelten, s\u0131v\u0131 halde pompalanabilen ve m\u00fckemmel yay\u0131lan, y\u00fcksek performansl\u0131, y\u00fczey gerilimsiz ve minimum \u00e7atlama riski olan bir \u00fcr\u00fcnd\u00fcr.<\/p>\n<ul class=\"highlights highlights-with-h2\">\n<li>\u00c7imento esasl\u0131<\/li>\n<li>P\u00fcr\u00fczs\u00fcz ve homojen \u00fcst y\u00fczey<\/li>\n<li>3 &#8211; 20 mm uygulama kal\u0131nl\u0131\u011f\u0131<\/li>\n<\/ul>","protected":false},"featured_media":976,"comment_status":"open","ping_status":"closed","template":"","meta":[],"product_cat":[217,218],"product_tag":[44,36,46,219,221,222,220,211,201,43,35,202,209,39,45,38,207,72],"class_list":["post-975","product","type-product","status-publish","has-post-thumbnail","hentry","product_cat-baumit","product_cat-baumit-zemin-sistemleri","product_tag-alci","product_tag-astarlar","product_tag-atasehir-yapi","product_tag-baumit","product_tag-baumit-nivello-quattro","product_tag-baumit-nivello-uno","product_tag-baumit-zemin","product_tag-decocement","product_tag-hazir-siva","product_tag-kackar-yapi","product_tag-macunlar","product_tag-mantolama","product_tag-multicement","product_tag-yapi","product_tag-yapi-onarim","product_tag-yapi-sistemleri","product_tag-yapicement","product_tag-zemin-sistemleri"],"_links":{"self":[{"href":"https:\/\/kackaryapi.com.tr\/en\/wp-json\/wp\/v2\/product\/975","targetHints":{"allow":["GET"]}}],"collection":[{"href":"https:\/\/kackaryapi.com.tr\/en\/wp-json\/wp\/v2\/product"}],"about":[{"href":"https:\/\/kackaryapi.com.tr\/en\/wp-json\/wp\/v2\/types\/product"}],"replies":[{"embeddable":true,"href":"https:\/\/kackaryapi.com.tr\/en\/wp-json\/wp\/v2\/comments?post=975"}],"wp:featuredmedia":[{"embeddable":true,"href":"https:\/\/kackaryapi.com.tr\/en\/wp-json\/wp\/v2\/media\/976"}],"wp:attachment":[{"href":"https:\/\/kackaryapi.com.tr\/en\/wp-json\/wp\/v2\/media?parent=975"}],"wp:term":[{"taxonomy":"product_cat","embeddable":true,"href":"https:\/\/kackaryapi.com.tr\/en\/wp-json\/wp\/v2\/product_cat?post=975"},{"taxonomy":"product_tag","embeddable":true,"href":"https:\/\/kackaryapi.com.tr\/en\/wp-json\/wp\/v2\/product_tag?post=975"}],"curies":[{"name":"wp","href":"https:\/\/api.w.org\/{rel}","templated":true}]}}