{"id":971,"date":"2022-12-26T18:40:40","date_gmt":"2022-12-26T15:40:40","guid":{"rendered":"https:\/\/kackaryapi.com.tr\/?post_type=product&#038;p=971"},"modified":"2024-10-24T03:55:05","modified_gmt":"2024-10-24T00:55:05","slug":"baumit-nivello-quattro","status":"publish","type":"product","link":"https:\/\/kackaryapi.com.tr\/en\/product\/baumit-nivello-quattro\/","title":{"rendered":"Baumit Nivello Quattro"},"content":{"rendered":"","protected":false},"excerpt":{"rendered":"<p>Kalsiyum s\u00fclfat esasl\u0131, polimer katk\u0131lar i\u00e7eren, C20-F6 s\u0131n\u0131f\u0131, elle veya makine ile uygulanabilen, fabrika kar\u0131\u015f\u0131m\u0131 haz\u0131r kendinden yay\u0131lan zemin \u015fap\u0131d\u0131r. Zemin bozukluklar\u0131n\u0131 d\u00fczelten, s\u0131v\u0131 halde pompalanabilen ve m\u00fckemmel yay\u0131lan, d\u00fc\u015f\u00fck y\u00fczey gerilimine sahip, \u00e7atlak ve k\u0131r\u0131klar\u0131n olu\u015fmad\u0131\u011f\u0131 y\u00fcksek performansl\u0131 \u00fcr\u00fcnd\u00fcr. T\u00fcm yap\u0131larda, i\u00e7 mekanlarda kullan\u0131labilir.<\/p>\n<ul class=\"highlights highlights-with-h2\">\n<li>S\u0131f\u0131r \u00e7atlak<\/li>\n<li>Eski zeminlerin renovasyonu i\u00e7in uygun<\/li>\n<li>Yerden \u0131s\u0131tma sistemlerine uygun<\/li>\n<\/ul>","protected":false},"featured_media":972,"comment_status":"open","ping_status":"closed","template":"","meta":[],"product_cat":[217,218],"product_tag":[44,36,46,219,221,220,211,201,43,35,202,209,39,45,38,207,72],"class_list":["post-971","product","type-product","status-publish","has-post-thumbnail","hentry","product_cat-baumit","product_cat-baumit-zemin-sistemleri","product_tag-alci","product_tag-astarlar","product_tag-atasehir-yapi","product_tag-baumit","product_tag-baumit-nivello-quattro","product_tag-baumit-zemin","product_tag-decocement","product_tag-hazir-siva","product_tag-kackar-yapi","product_tag-macunlar","product_tag-mantolama","product_tag-multicement","product_tag-yapi","product_tag-yapi-onarim","product_tag-yapi-sistemleri","product_tag-yapicement","product_tag-zemin-sistemleri"],"_links":{"self":[{"href":"https:\/\/kackaryapi.com.tr\/en\/wp-json\/wp\/v2\/product\/971","targetHints":{"allow":["GET"]}}],"collection":[{"href":"https:\/\/kackaryapi.com.tr\/en\/wp-json\/wp\/v2\/product"}],"about":[{"href":"https:\/\/kackaryapi.com.tr\/en\/wp-json\/wp\/v2\/types\/product"}],"replies":[{"embeddable":true,"href":"https:\/\/kackaryapi.com.tr\/en\/wp-json\/wp\/v2\/comments?post=971"}],"wp:featuredmedia":[{"embeddable":true,"href":"https:\/\/kackaryapi.com.tr\/en\/wp-json\/wp\/v2\/media\/972"}],"wp:attachment":[{"href":"https:\/\/kackaryapi.com.tr\/en\/wp-json\/wp\/v2\/media?parent=971"}],"wp:term":[{"taxonomy":"product_cat","embeddable":true,"href":"https:\/\/kackaryapi.com.tr\/en\/wp-json\/wp\/v2\/product_cat?post=971"},{"taxonomy":"product_tag","embeddable":true,"href":"https:\/\/kackaryapi.com.tr\/en\/wp-json\/wp\/v2\/product_tag?post=971"}],"curies":[{"name":"wp","href":"https:\/\/api.w.org\/{rel}","templated":true}]}}