{"id":969,"date":"2022-12-26T18:38:49","date_gmt":"2022-12-26T15:38:49","guid":{"rendered":"https:\/\/kackaryapi.com.tr\/?post_type=product&#038;p=969"},"modified":"2022-12-26T18:39:37","modified_gmt":"2022-12-26T15:39:37","slug":"baumit-grund","status":"publish","type":"product","link":"https:\/\/kackaryapi.com.tr\/en\/product\/baumit-grund\/","title":{"rendered":"Baumit Grund"},"content":{"rendered":"","protected":false},"excerpt":{"rendered":"<p class=\"bodytext body-text-overwrite-for-mobil\">Baumit Zemin Astar\u0131<\/p>\n<p class=\"introtext\">Akrilik esasl\u0131, organik ba\u011flay\u0131c\u0131lar ve polimerik katk\u0131lar i\u00e7eren, tek bile\u015fenli, emici veya g\u00f6zenekli yap\u0131ya sahip y\u00fczeylere, kendinden yay\u0131lan \u015fap, klasik \u015fap ve beton \u00fcr\u00fcnleri \u00f6ncesinde, emicili\u011fi dengelemek ve tutunmay\u0131 art\u0131rmak i\u00e7in kullan\u0131lan, kullan\u0131ma haz\u0131r astard\u0131r. T\u00fcm yap\u0131larda, i\u00e7 ve d\u0131\u015f mekanlarda, yatay ve dikey uygulamalarda kullan\u0131labilir.<\/p>\n<ul class=\"highlights highlights-with-h2\">\n<li>Y\u00fcksek emicilik kontrol\u00fc<\/li>\n<li>M\u00fckemmel tutunma<\/li>\n<li>Kullan\u0131ma haz\u0131r<\/li>\n<\/ul>","protected":false},"featured_media":970,"comment_status":"open","ping_status":"closed","template":"","meta":[],"product_cat":[217,218],"product_tag":[44,36,46,219,220,211,201,43,35,202,209,39,45,38,207,72],"class_list":["post-969","product","type-product","status-publish","has-post-thumbnail","hentry","product_cat-baumit","product_cat-baumit-zemin-sistemleri","product_tag-alci","product_tag-astarlar","product_tag-atasehir-yapi","product_tag-baumit","product_tag-baumit-zemin","product_tag-decocement","product_tag-hazir-siva","product_tag-kackar-yapi","product_tag-macunlar","product_tag-mantolama","product_tag-multicement","product_tag-yapi","product_tag-yapi-onarim","product_tag-yapi-sistemleri","product_tag-yapicement","product_tag-zemin-sistemleri"],"_links":{"self":[{"href":"https:\/\/kackaryapi.com.tr\/en\/wp-json\/wp\/v2\/product\/969","targetHints":{"allow":["GET"]}}],"collection":[{"href":"https:\/\/kackaryapi.com.tr\/en\/wp-json\/wp\/v2\/product"}],"about":[{"href":"https:\/\/kackaryapi.com.tr\/en\/wp-json\/wp\/v2\/types\/product"}],"replies":[{"embeddable":true,"href":"https:\/\/kackaryapi.com.tr\/en\/wp-json\/wp\/v2\/comments?post=969"}],"wp:featuredmedia":[{"embeddable":true,"href":"https:\/\/kackaryapi.com.tr\/en\/wp-json\/wp\/v2\/media\/970"}],"wp:attachment":[{"href":"https:\/\/kackaryapi.com.tr\/en\/wp-json\/wp\/v2\/media?parent=969"}],"wp:term":[{"taxonomy":"product_cat","embeddable":true,"href":"https:\/\/kackaryapi.com.tr\/en\/wp-json\/wp\/v2\/product_cat?post=969"},{"taxonomy":"product_tag","embeddable":true,"href":"https:\/\/kackaryapi.com.tr\/en\/wp-json\/wp\/v2\/product_tag?post=969"}],"curies":[{"name":"wp","href":"https:\/\/api.w.org\/{rel}","templated":true}]}}