{"id":967,"date":"2022-12-26T18:28:37","date_gmt":"2022-12-26T15:28:37","guid":{"rendered":"https:\/\/kackaryapi.com.tr\/?post_type=product&#038;p=967"},"modified":"2022-12-26T18:37:34","modified_gmt":"2022-12-26T15:37:34","slug":"baumit-e-225","status":"publish","type":"product","link":"https:\/\/kackaryapi.com.tr\/en\/product\/baumit-e-225\/","title":{"rendered":"Baumit E 225"},"content":{"rendered":"","protected":false},"excerpt":{"rendered":"<p class=\"introtext\">\u00c7imento esasl\u0131, polimer katk\u0131lar i\u00e7eren, C20-F5 s\u0131n\u0131f\u0131, elle veya makine ile uygulanabilen, fabrika kar\u0131\u015f\u0131m\u0131 haz\u0131r zemin \u015fap\u0131d\u0131r. T\u00fcm yap\u0131larda, i\u00e7 ve d\u0131\u015f mekanlarda kullan\u0131labilir.<\/p>\n<ul class=\"highlights highlights-with-h2\">\n<li>\u015eantiye kar\u0131\u015f\u0131m\u0131na g\u00f6re daha y\u00fcksek performans<\/li>\n<li>Ambalajl\u0131 olmas\u0131 sayesinde minimum \u00fcr\u00fcn kayb\u0131<\/li>\n<li>Projeler i\u00e7in makine ile h\u0131zl\u0131 uygulama<\/li>\n<\/ul>","protected":false},"featured_media":968,"comment_status":"open","ping_status":"closed","template":"","meta":[],"product_cat":[217,218],"product_tag":[44,36,46,219,220,211,201,43,35,202,209,39,45,38,207,72],"class_list":["post-967","product","type-product","status-publish","has-post-thumbnail","hentry","product_cat-baumit","product_cat-baumit-zemin-sistemleri","product_tag-alci","product_tag-astarlar","product_tag-atasehir-yapi","product_tag-baumit","product_tag-baumit-zemin","product_tag-decocement","product_tag-hazir-siva","product_tag-kackar-yapi","product_tag-macunlar","product_tag-mantolama","product_tag-multicement","product_tag-yapi","product_tag-yapi-onarim","product_tag-yapi-sistemleri","product_tag-yapicement","product_tag-zemin-sistemleri"],"_links":{"self":[{"href":"https:\/\/kackaryapi.com.tr\/en\/wp-json\/wp\/v2\/product\/967","targetHints":{"allow":["GET"]}}],"collection":[{"href":"https:\/\/kackaryapi.com.tr\/en\/wp-json\/wp\/v2\/product"}],"about":[{"href":"https:\/\/kackaryapi.com.tr\/en\/wp-json\/wp\/v2\/types\/product"}],"replies":[{"embeddable":true,"href":"https:\/\/kackaryapi.com.tr\/en\/wp-json\/wp\/v2\/comments?post=967"}],"wp:featuredmedia":[{"embeddable":true,"href":"https:\/\/kackaryapi.com.tr\/en\/wp-json\/wp\/v2\/media\/968"}],"wp:attachment":[{"href":"https:\/\/kackaryapi.com.tr\/en\/wp-json\/wp\/v2\/media?parent=967"}],"wp:term":[{"taxonomy":"product_cat","embeddable":true,"href":"https:\/\/kackaryapi.com.tr\/en\/wp-json\/wp\/v2\/product_cat?post=967"},{"taxonomy":"product_tag","embeddable":true,"href":"https:\/\/kackaryapi.com.tr\/en\/wp-json\/wp\/v2\/product_tag?post=967"}],"curies":[{"name":"wp","href":"https:\/\/api.w.org\/{rel}","templated":true}]}}