{"id":946,"date":"2022-12-21T00:12:55","date_gmt":"2022-12-20T21:12:55","guid":{"rendered":"https:\/\/kackaryapi.com.tr\/?post_type=product&#038;p=946"},"modified":"2022-12-21T00:13:24","modified_gmt":"2022-12-20T21:13:24","slug":"k1-flex","status":"publish","type":"product","link":"https:\/\/kackaryapi.com.tr\/en\/product\/k1-flex\/","title":{"rendered":"K1 Flex"},"content":{"rendered":"","protected":false},"excerpt":{"rendered":"<p><strong>\u00c7imento esasl\u0131, kayma \u00f6zelli\u011fi azalt\u0131lm\u0131\u015f, a\u00e7\u0131k bekletme s\u00fcresi uzat\u0131lm\u0131\u015f, ilave \u00f6zelliklerle geli\u015ftirilmi\u015f y\u00fcksek performansl\u0131, esnek; fayans, seramik, mermer, mozaik ve granit yap\u0131\u015ft\u0131r\u0131c\u0131s\u0131d\u0131r.<\/strong><\/p>\n<p><strong>\u00d6zellikleri:<\/strong><\/p>\n<ul>\n<li>Esnek<\/li>\n<li>Normal Sertle\u015fme<\/li>\n<li>Azalt\u0131lm\u0131\u015f kayma \u00f6zelli\u011fi<\/li>\n<li>Uzat\u0131lm\u0131\u015f a\u00e7\u0131k bekletme s\u00fcresi<\/li>\n<li>Y\u00fcksek yap\u0131\u015fma g\u00fcc\u00fc<\/li>\n<\/ul>\n<p><strong>Kullan\u0131m Alanlar\u0131:<\/strong><\/p>\n<ul>\n<li>Yo\u011fun yaya trafi\u011fi olan i\u00e7 ve d\u0131\u015f mekanlarda; beton duvarlar, s\u0131va uygulanm\u0131\u015f y\u00fczeyler zeminde \u015fap ve duvarda al\u00e7\u0131 plaka \u00fczerine y\u00fczeye uygun astar kullan\u0131larak uygulan\u0131r. Su emilimi d\u00fc\u015f\u00fck olan karolarda y\u00fcksek yap\u0131\u015fma g\u00fcc\u00fc g\u00f6sterir.<\/li>\n<\/ul>\n<p><strong>Ebatlar ve Genel \u00d6zellikler:<\/strong><\/p>\n<ul>\n<li>A\u011f\u0131rl\u0131k: 25 kg<\/li>\n<li>Renk: Gri\/beyaz<\/li>\n<li>Paketleme: 54 torba\/palet<\/li>\n<li>Raf \u00d6mr\u00fc: 12 ay<\/li>\n<\/ul>","protected":false},"featured_media":947,"comment_status":"open","ping_status":"closed","template":"","meta":[],"product_cat":[199,212],"product_tag":[44,36,47,46,211,201,213,215,214,43,34,35,202,209,39,45,38,207,72],"class_list":["post-946","product","type-product","status-publish","has-post-thumbnail","hentry","product_cat-mantolama","product_cat-yapistiricilar","product_tag-alci","product_tag-astarlar","product_tag-atasehir-knauf","product_tag-atasehir-yapi","product_tag-decocement","product_tag-hazir-siva","product_tag-k1","product_tag-k1-flex","product_tag-k1-plus","product_tag-kackar-yapi","product_tag-knauf","product_tag-macunlar","product_tag-mantolama","product_tag-multicement","product_tag-yapi","product_tag-yapi-onarim","product_tag-yapi-sistemleri","product_tag-yapicement","product_tag-zemin-sistemleri"],"_links":{"self":[{"href":"https:\/\/kackaryapi.com.tr\/en\/wp-json\/wp\/v2\/product\/946","targetHints":{"allow":["GET"]}}],"collection":[{"href":"https:\/\/kackaryapi.com.tr\/en\/wp-json\/wp\/v2\/product"}],"about":[{"href":"https:\/\/kackaryapi.com.tr\/en\/wp-json\/wp\/v2\/types\/product"}],"replies":[{"embeddable":true,"href":"https:\/\/kackaryapi.com.tr\/en\/wp-json\/wp\/v2\/comments?post=946"}],"wp:featuredmedia":[{"embeddable":true,"href":"https:\/\/kackaryapi.com.tr\/en\/wp-json\/wp\/v2\/media\/947"}],"wp:attachment":[{"href":"https:\/\/kackaryapi.com.tr\/en\/wp-json\/wp\/v2\/media?parent=946"}],"wp:term":[{"taxonomy":"product_cat","embeddable":true,"href":"https:\/\/kackaryapi.com.tr\/en\/wp-json\/wp\/v2\/product_cat?post=946"},{"taxonomy":"product_tag","embeddable":true,"href":"https:\/\/kackaryapi.com.tr\/en\/wp-json\/wp\/v2\/product_tag?post=946"}],"curies":[{"name":"wp","href":"https:\/\/api.w.org\/{rel}","templated":true}]}}