{"id":940,"date":"2022-12-21T00:08:04","date_gmt":"2022-12-20T21:08:04","guid":{"rendered":"https:\/\/kackaryapi.com.tr\/?post_type=product&#038;p=940"},"modified":"2022-12-21T00:08:56","modified_gmt":"2022-12-20T21:08:56","slug":"decocement","status":"publish","type":"product","link":"https:\/\/kackaryapi.com.tr\/en\/product\/decocement\/","title":{"rendered":"Decocement"},"content":{"rendered":"","protected":false},"excerpt":{"rendered":"<p>D\u0131\u015ftan \u0131s\u0131 yal\u0131t\u0131m\u0131nda kullan\u0131lan, mineral esasl\u0131 boya \u00f6ncesi son kat s\u0131vas\u0131d\u0131r.<\/p>\n<p><strong>\u00d6zellikler:<\/strong><\/p>\n<ul>\n<li>Su iticilik<\/li>\n<li>Y\u00fcksek yap\u0131\u015fma g\u00fcc\u00fc<\/li>\n<li>Boyanabilirlik<\/li>\n<li>Nefes alma \u00f6zelli\u011fi<\/li>\n<li>Farkl\u0131 tane se\u00e7enekleri (1,5 \/ 2 mm)<\/li>\n<li>\u00c7atlamaya kar\u015f\u0131 diren\u00e7<\/li>\n<li>Kolay ve h\u0131zl\u0131 uygulama<\/li>\n<\/ul>\n<p><strong>Kullan\u0131m Alanlar\u0131:<\/strong><\/p>\n<ul>\n<li>D\u0131\u015f cephelerde<\/li>\n<li>D\u0131\u015ftan \u0131s\u0131 yal\u0131t\u0131m sistemlerinde donat\u0131 s\u0131vas\u0131 \u00fczerine<\/li>\n<li>Boya \u00f6ncesi i\u00e7 ve d\u0131\u015f mekanlarda<\/li>\n<li>Yeni veya onar\u0131lm\u0131\u015f s\u0131va, d\u00fczg\u00fcn beton, gazbeton, al\u00e7\u0131, al\u00e7\u0131 plaka vb. y\u00fczeyler<\/li>\n<\/ul>\n<p><strong>Ebatlar ve Genel \u00d6zellikler:<\/strong><\/p>\n<ul>\n<li>A\u011f\u0131rl\u0131k: 25 kg \/ Paketleme: 54 adet\/palet \/ Raf \u00d6mr\u00fc: 12 ay<\/li>\n<\/ul>\n<p><strong>\u00dcr\u00fcn Standard\u0131:\u00a0<\/strong>TS EN 1062 &#8211; 1<\/p>","protected":false},"featured_media":941,"comment_status":"open","ping_status":"closed","template":"","meta":[],"product_cat":[206,199],"product_tag":[44,36,47,46,211,201,43,34,35,202,209,39,45,38,207,72],"class_list":["post-940","product","type-product","status-publish","has-post-thumbnail","hentry","product_cat-mantolama-harclari","product_cat-mantolama","product_tag-alci","product_tag-astarlar","product_tag-atasehir-knauf","product_tag-atasehir-yapi","product_tag-decocement","product_tag-hazir-siva","product_tag-kackar-yapi","product_tag-knauf","product_tag-macunlar","product_tag-mantolama","product_tag-multicement","product_tag-yapi","product_tag-yapi-onarim","product_tag-yapi-sistemleri","product_tag-yapicement","product_tag-zemin-sistemleri"],"_links":{"self":[{"href":"https:\/\/kackaryapi.com.tr\/en\/wp-json\/wp\/v2\/product\/940","targetHints":{"allow":["GET"]}}],"collection":[{"href":"https:\/\/kackaryapi.com.tr\/en\/wp-json\/wp\/v2\/product"}],"about":[{"href":"https:\/\/kackaryapi.com.tr\/en\/wp-json\/wp\/v2\/types\/product"}],"replies":[{"embeddable":true,"href":"https:\/\/kackaryapi.com.tr\/en\/wp-json\/wp\/v2\/comments?post=940"}],"wp:featuredmedia":[{"embeddable":true,"href":"https:\/\/kackaryapi.com.tr\/en\/wp-json\/wp\/v2\/media\/941"}],"wp:attachment":[{"href":"https:\/\/kackaryapi.com.tr\/en\/wp-json\/wp\/v2\/media?parent=940"}],"wp:term":[{"taxonomy":"product_cat","embeddable":true,"href":"https:\/\/kackaryapi.com.tr\/en\/wp-json\/wp\/v2\/product_cat?post=940"},{"taxonomy":"product_tag","embeddable":true,"href":"https:\/\/kackaryapi.com.tr\/en\/wp-json\/wp\/v2\/product_tag?post=940"}],"curies":[{"name":"wp","href":"https:\/\/api.w.org\/{rel}","templated":true}]}}