{"id":938,"date":"2022-12-21T00:07:12","date_gmt":"2022-12-20T21:07:12","guid":{"rendered":"https:\/\/kackaryapi.com.tr\/?post_type=product&#038;p=938"},"modified":"2022-12-21T00:07:44","modified_gmt":"2022-12-20T21:07:44","slug":"sm700-pro","status":"publish","type":"product","link":"https:\/\/kackaryapi.com.tr\/en\/product\/sm700-pro\/","title":{"rendered":"SM700 Pro"},"content":{"rendered":"","protected":false},"excerpt":{"rendered":"<p>Mantolama sistemlerinde yal\u0131t\u0131m plaka yap\u0131\u015ft\u0131r\u0131c\u0131s\u0131, donat\u0131 s\u0131va, sonlama s\u0131vas\u0131 ve tadilat s\u0131vas\u0131 olarak kullan\u0131lan, elyaf takviyeli mineral s\u0131vad\u0131r.<\/p>\n<p><strong>\u00d6zellikler:<\/strong><\/p>\n<ul>\n<li>Elyaf takviyeli<\/li>\n<li>\u0130\u00e7 ve d\u0131\u015f alanlara uygun<\/li>\n<li>Makine veya el ile uygulan\u0131r<\/li>\n<li>1mm tane boyutu<\/li>\n<li>Beyaz renkli<\/li>\n<\/ul>\n<p><strong>Kullan\u0131m Alanlar\u0131:<\/strong><\/p>\n<ul>\n<li>D\u0131\u015ftan \u0131s\u0131 yal\u0131t\u0131m sistemlerinde yal\u0131t\u0131m levhalar\u0131n yap\u0131\u015ft\u0131r\u0131c\u0131s\u0131 olarak<\/li>\n<li>D\u0131\u015ftan \u0131s\u0131 yal\u0131t\u0131m sistemlerinde donat\u0131 s\u0131vas\u0131 olarak<\/li>\n<li>Mineral y\u00fczey sonlama s\u0131vas\u0131 olarak<\/li>\n<li>Tadilat harc\u0131 olarak<\/li>\n<\/ul>\n<p><strong>Ebatlar ve Genel \u00d6zellikler:<\/strong><\/p>\n<ul>\n<li>A\u011f\u0131rl\u0131k: 25 kg \/ Paketleme: 50 torbat\/palet \/ Raf \u00d6mr\u00fc: 12 ay<\/li>\n<\/ul>\n<p><strong>\u00dcr\u00fcn Standard\u0131:<\/strong>\u00a0EN 998-1<\/p>","protected":false},"featured_media":939,"comment_status":"open","ping_status":"closed","template":"","meta":[],"product_cat":[206,199],"product_tag":[44,36,47,46,201,43,34,35,202,209,208,210,39,45,38,207,72],"class_list":["post-938","product","type-product","status-publish","has-post-thumbnail","hentry","product_cat-mantolama-harclari","product_cat-mantolama","product_tag-alci","product_tag-astarlar","product_tag-atasehir-knauf","product_tag-atasehir-yapi","product_tag-hazir-siva","product_tag-kackar-yapi","product_tag-knauf","product_tag-macunlar","product_tag-mantolama","product_tag-multicement","product_tag-satencement","product_tag-sm700-pro","product_tag-yapi","product_tag-yapi-onarim","product_tag-yapi-sistemleri","product_tag-yapicement","product_tag-zemin-sistemleri"],"_links":{"self":[{"href":"https:\/\/kackaryapi.com.tr\/en\/wp-json\/wp\/v2\/product\/938","targetHints":{"allow":["GET"]}}],"collection":[{"href":"https:\/\/kackaryapi.com.tr\/en\/wp-json\/wp\/v2\/product"}],"about":[{"href":"https:\/\/kackaryapi.com.tr\/en\/wp-json\/wp\/v2\/types\/product"}],"replies":[{"embeddable":true,"href":"https:\/\/kackaryapi.com.tr\/en\/wp-json\/wp\/v2\/comments?post=938"}],"wp:featuredmedia":[{"embeddable":true,"href":"https:\/\/kackaryapi.com.tr\/en\/wp-json\/wp\/v2\/media\/939"}],"wp:attachment":[{"href":"https:\/\/kackaryapi.com.tr\/en\/wp-json\/wp\/v2\/media?parent=938"}],"wp:term":[{"taxonomy":"product_cat","embeddable":true,"href":"https:\/\/kackaryapi.com.tr\/en\/wp-json\/wp\/v2\/product_cat?post=938"},{"taxonomy":"product_tag","embeddable":true,"href":"https:\/\/kackaryapi.com.tr\/en\/wp-json\/wp\/v2\/product_tag?post=938"}],"curies":[{"name":"wp","href":"https:\/\/api.w.org\/{rel}","templated":true}]}}