{"id":936,"date":"2022-12-21T00:05:43","date_gmt":"2022-12-20T21:05:43","guid":{"rendered":"https:\/\/kackaryapi.com.tr\/?post_type=product&#038;p=936"},"modified":"2024-11-01T11:09:56","modified_gmt":"2024-11-01T08:09:56","slug":"multicement","status":"publish","type":"product","link":"https:\/\/kackaryapi.com.tr\/en\/product\/multicement\/","title":{"rendered":"Multicement"},"content":{"rendered":"","protected":false},"excerpt":{"rendered":"<p>D\u0131\u015ftan \u0131s\u0131 yal\u0131t\u0131m sistemlerinde kullan\u0131lan, makine ve el ile uygulanabilen, \u00e7imento esasl\u0131, gri renkli, \u0131s\u0131 yal\u0131t\u0131m plakas\u0131 yap\u0131\u015ft\u0131r\u0131c\u0131s\u0131 ve s\u0131vas\u0131d\u0131r. EPS, XPS, mineral y\u00fcn vb. \u0131s\u0131 yal\u0131t\u0131m plakalar\u0131n\u0131n yap\u0131\u015ft\u0131r\u0131lmas\u0131nda ve d\u0131\u015f cephe tamiratlar\u0131nda kullan\u0131l\u0131r. Ayr\u0131ca d\u0131\u015ftan \u0131s\u0131 yal\u0131t\u0131m sistemleri i\u00e7in donat\u0131 s\u0131vas\u0131 olarak kullan\u0131l\u0131p dekoratif son kat s\u0131valar i\u00e7in sa\u011flam alt y\u00fczeyler olu\u015fturur.<\/p>\n<p><strong>\u00d6zellikler:<\/strong><\/p>\n<ul>\n<li>Nefes alma \u00f6zelli\u011fi<\/li>\n<li>D\u0131\u015f hava ko\u015fullar\u0131na dayan\u0131m<\/li>\n<li>Kolay ve h\u0131zl\u0131 uygulama<\/li>\n<li>A1 s\u0131n\u0131f\u0131 alev almaz yap\u0131 malzemesi<\/li>\n<li>Son kat uygulamalara haz\u0131r d\u00fczg\u00fcn y\u00fczey<\/li>\n<li>Uzat\u0131lm\u0131\u015f \u00e7al\u0131\u015fma s\u00fcresi<\/li>\n<\/ul>\n<p><strong>Kullan\u0131m Alanlar\u0131:<\/strong><\/p>\n<ul>\n<li>Is\u0131 yal\u0131t\u0131m plakas\u0131 yap\u0131\u015ft\u0131r\u0131c\u0131s\u0131 ve s\u0131vas\u0131<\/li>\n<li>D\u0131\u015f cephe tamiratlar\u0131<\/li>\n<li>D\u0131\u015ftan \u0131s\u0131 yal\u0131t\u0131m sistemleri donat\u0131 s\u0131vas\u0131<\/li>\n<\/ul>\n<p><strong>Ebatlar ve Genel \u00d6zellikler:<\/strong><\/p>\n<ul>\n<li>A\u011f\u0131rl\u0131k: 25 kg \/ Paketleme: 54 adet\/palet \/ Raf \u00d6mr\u00fc: 12 ay<\/li>\n<\/ul>\n<p><strong>\u00dcr\u00fcn Standard\u0131:<\/strong>\u00a0TS EN 998-1:2017 Genel ama\u00e7l\u0131 kaba\/ince s\u0131va harc\u0131 (GP) (CSIV) (W2)<\/p>","protected":false},"featured_media":937,"comment_status":"open","ping_status":"closed","template":"","meta":[],"product_cat":[206,199],"product_tag":[44,36,47,46,201,43,34,35,202,209,208,39,45,38,207,72],"class_list":["post-936","product","type-product","status-publish","has-post-thumbnail","hentry","product_cat-mantolama-harclari","product_cat-mantolama","product_tag-alci","product_tag-astarlar","product_tag-atasehir-knauf","product_tag-atasehir-yapi","product_tag-hazir-siva","product_tag-kackar-yapi","product_tag-knauf","product_tag-macunlar","product_tag-mantolama","product_tag-multicement","product_tag-satencement","product_tag-yapi","product_tag-yapi-onarim","product_tag-yapi-sistemleri","product_tag-yapicement","product_tag-zemin-sistemleri"],"_links":{"self":[{"href":"https:\/\/kackaryapi.com.tr\/en\/wp-json\/wp\/v2\/product\/936","targetHints":{"allow":["GET"]}}],"collection":[{"href":"https:\/\/kackaryapi.com.tr\/en\/wp-json\/wp\/v2\/product"}],"about":[{"href":"https:\/\/kackaryapi.com.tr\/en\/wp-json\/wp\/v2\/types\/product"}],"replies":[{"embeddable":true,"href":"https:\/\/kackaryapi.com.tr\/en\/wp-json\/wp\/v2\/comments?post=936"}],"wp:featuredmedia":[{"embeddable":true,"href":"https:\/\/kackaryapi.com.tr\/en\/wp-json\/wp\/v2\/media\/937"}],"wp:attachment":[{"href":"https:\/\/kackaryapi.com.tr\/en\/wp-json\/wp\/v2\/media?parent=936"}],"wp:term":[{"taxonomy":"product_cat","embeddable":true,"href":"https:\/\/kackaryapi.com.tr\/en\/wp-json\/wp\/v2\/product_cat?post=936"},{"taxonomy":"product_tag","embeddable":true,"href":"https:\/\/kackaryapi.com.tr\/en\/wp-json\/wp\/v2\/product_tag?post=936"}],"curies":[{"name":"wp","href":"https:\/\/api.w.org\/{rel}","templated":true}]}}