{"id":934,"date":"2022-12-21T00:04:19","date_gmt":"2022-12-20T21:04:19","guid":{"rendered":"https:\/\/kackaryapi.com.tr\/?post_type=product&#038;p=934"},"modified":"2025-05-23T15:46:30","modified_gmt":"2025-05-23T12:46:30","slug":"satencement","status":"publish","type":"product","link":"https:\/\/kackaryapi.com.tr\/en\/product\/satencement\/","title":{"rendered":"Satencement"},"content":{"rendered":"","protected":false},"excerpt":{"rendered":"<p>D\u0131\u015ftan \u0131s\u0131 yal\u0131t\u0131m sisteminde kullan\u0131lan, makine ve el ile uygulanabilen, dekoratif son kat s\u0131valar ve kaplamalar i\u00e7in sa\u011flam alt y\u00fczeyler olu\u015fturan \u00e7imento esasl\u0131 \u0131s\u0131 yal\u0131t\u0131m donat\u0131 s\u0131vas\u0131d\u0131r.<\/p>\n<p><strong>\u00d6zellikler:<\/strong><\/p>\n<ul>\n<li>Y\u00fcksek yap\u0131\u015fma g\u00fcc\u00fc<\/li>\n<li>Esneklik ve \u00e7atlamaya kar\u015f\u0131 diren\u00e7<\/li>\n<li>Su iticilik<\/li>\n<li>Uzat\u0131lm\u0131\u015f \u00e7al\u0131\u015fma s\u00fcresi<\/li>\n<\/ul>\n<p><strong>Kullan\u0131m Alanlar\u0131:<\/strong><\/p>\n<ul>\n<li>D\u0131\u015ftan \u0131s\u0131 yal\u0131t\u0131m sistemlerinde EPS, XPS, mineral y\u00fcn vb. \u0131s\u0131 yal\u0131t\u0131m plakalar\u0131n\u0131n \u00fczerinde donat\u0131 s\u0131vas\u0131 olarak<\/li>\n<\/ul>\n<p><strong>Ebatlar ve Genel \u00d6zellikler:<\/strong><\/p>\n<ul>\n<li>A\u011f\u0131rl\u0131k: 25 kg \/ Paketleme: 54 adet\/palet \/ Raf \u00d6mr\u00fc: 12 ay<\/li>\n<\/ul>\n<p>\u00dcr\u00fcn Standard\u0131: TS 13687 \/ EN 998-1<\/p>","protected":false},"featured_media":935,"comment_status":"open","ping_status":"closed","template":"","meta":[],"product_cat":[206,199],"product_tag":[44,36,47,46,201,43,34,35,202,208,39,45,38,207,72],"class_list":["post-934","product","type-product","status-publish","has-post-thumbnail","hentry","product_cat-mantolama-harclari","product_cat-mantolama","product_tag-alci","product_tag-astarlar","product_tag-atasehir-knauf","product_tag-atasehir-yapi","product_tag-hazir-siva","product_tag-kackar-yapi","product_tag-knauf","product_tag-macunlar","product_tag-mantolama","product_tag-satencement","product_tag-yapi","product_tag-yapi-onarim","product_tag-yapi-sistemleri","product_tag-yapicement","product_tag-zemin-sistemleri"],"_links":{"self":[{"href":"https:\/\/kackaryapi.com.tr\/en\/wp-json\/wp\/v2\/product\/934","targetHints":{"allow":["GET"]}}],"collection":[{"href":"https:\/\/kackaryapi.com.tr\/en\/wp-json\/wp\/v2\/product"}],"about":[{"href":"https:\/\/kackaryapi.com.tr\/en\/wp-json\/wp\/v2\/types\/product"}],"replies":[{"embeddable":true,"href":"https:\/\/kackaryapi.com.tr\/en\/wp-json\/wp\/v2\/comments?post=934"}],"wp:featuredmedia":[{"embeddable":true,"href":"https:\/\/kackaryapi.com.tr\/en\/wp-json\/wp\/v2\/media\/935"}],"wp:attachment":[{"href":"https:\/\/kackaryapi.com.tr\/en\/wp-json\/wp\/v2\/media?parent=934"}],"wp:term":[{"taxonomy":"product_cat","embeddable":true,"href":"https:\/\/kackaryapi.com.tr\/en\/wp-json\/wp\/v2\/product_cat?post=934"},{"taxonomy":"product_tag","embeddable":true,"href":"https:\/\/kackaryapi.com.tr\/en\/wp-json\/wp\/v2\/product_tag?post=934"}],"curies":[{"name":"wp","href":"https:\/\/api.w.org\/{rel}","templated":true}]}}