{"id":930,"date":"2022-12-21T00:00:40","date_gmt":"2022-12-20T21:00:40","guid":{"rendered":"https:\/\/kackaryapi.com.tr\/?post_type=product&#038;p=930"},"modified":"2025-05-22T19:37:00","modified_gmt":"2025-05-22T16:37:00","slug":"finecemen","status":"publish","type":"product","link":"https:\/\/kackaryapi.com.tr\/en\/product\/finecemen\/","title":{"rendered":"Finecemen"},"content":{"rendered":"","protected":false},"excerpt":{"rendered":"<p><strong>\u0130\u00e7 ve d\u0131\u015f mekanlarda kaba s\u0131va uzerine el ile uygulanan \u00e7imento esasl\u0131 ince s\u0131va harc\u0131 ve d\u00fczeltme macunudur.Dekoratif son kat s\u0131valar i\u00e7in sa\u011flam ve p\u00fcr\u00fczs\u00fcz alt y\u00fczeyler olu\u015fturur.<\/strong><\/p>\n<p><strong>\u00d6zellikler<\/strong><\/p>\n<ul>\n<li>Nefes alma \u00f6zelli\u011fi<\/li>\n<li>Kolay ve h\u0131zl\u0131 uygulama<\/li>\n<li>A1 s\u0131n\u0131f\u0131 alev almaz yap\u0131 malzemesi<\/li>\n<li>Son kat uygulamalara haz\u0131r d\u00fczg\u00fcn y\u00fczey<\/li>\n<\/ul>\n<p><strong>Kullan\u0131m Alanlar\u0131:<\/strong><\/p>\n<ul>\n<li>\u0130\u00e7 ve d\u0131\u015f mekanlarda kaba s\u0131va \u00fczerine<\/li>\n<\/ul>\n<p><strong>Ebatlar ve Genel \u00d6zellikler:<\/strong><\/p>\n<ul>\n<li>A\u011f\u0131rl\u0131k: 20 kg\/torba<\/li>\n<li>Paketleme: 54 adet\/palet<\/li>\n<li>Raf \u00d6mr\u00fc: 12 ay<\/li>\n<\/ul>\n<p><strong>\u00dcr\u00fcn Standard\u0131:\u00a0<\/strong>TS EN 998-1:2017 Genel ama\u00e7l\u0131 kaba\/ince s\u0131va harc\u0131 (GP) (CSII) (W1)<\/p>","protected":false},"featured_media":931,"comment_status":"open","ping_status":"closed","template":"","meta":[],"product_cat":[200,199],"product_tag":[44,36,47,46,158,203,205,201,204,43,34,35,202,39,45,38,72],"class_list":["post-930","product","type-product","status-publish","has-post-thumbnail","hentry","product_cat-hazir-sivalar","product_cat-mantolama","product_tag-alci","product_tag-astarlar","product_tag-atasehir-knauf","product_tag-atasehir-yapi","product_tag-ciftli-yay","product_tag-cimento-bazli-sistemler","product_tag-finecemen","product_tag-hazir-siva","product_tag-jetcement-outdoor","product_tag-kackar-yapi","product_tag-knauf","product_tag-macunlar","product_tag-mantolama","product_tag-yapi","product_tag-yapi-onarim","product_tag-yapi-sistemleri","product_tag-zemin-sistemleri"],"_links":{"self":[{"href":"https:\/\/kackaryapi.com.tr\/en\/wp-json\/wp\/v2\/product\/930","targetHints":{"allow":["GET"]}}],"collection":[{"href":"https:\/\/kackaryapi.com.tr\/en\/wp-json\/wp\/v2\/product"}],"about":[{"href":"https:\/\/kackaryapi.com.tr\/en\/wp-json\/wp\/v2\/types\/product"}],"replies":[{"embeddable":true,"href":"https:\/\/kackaryapi.com.tr\/en\/wp-json\/wp\/v2\/comments?post=930"}],"wp:featuredmedia":[{"embeddable":true,"href":"https:\/\/kackaryapi.com.tr\/en\/wp-json\/wp\/v2\/media\/931"}],"wp:attachment":[{"href":"https:\/\/kackaryapi.com.tr\/en\/wp-json\/wp\/v2\/media?parent=930"}],"wp:term":[{"taxonomy":"product_cat","embeddable":true,"href":"https:\/\/kackaryapi.com.tr\/en\/wp-json\/wp\/v2\/product_cat?post=930"},{"taxonomy":"product_tag","embeddable":true,"href":"https:\/\/kackaryapi.com.tr\/en\/wp-json\/wp\/v2\/product_tag?post=930"}],"curies":[{"name":"wp","href":"https:\/\/api.w.org\/{rel}","templated":true}]}}