{"id":926,"date":"2022-12-20T23:57:35","date_gmt":"2022-12-20T20:57:35","guid":{"rendered":"https:\/\/kackaryapi.com.tr\/?post_type=product&#038;p=926"},"modified":"2022-12-20T23:58:08","modified_gmt":"2022-12-20T20:58:08","slug":"jetcement-indoor","status":"publish","type":"product","link":"https:\/\/kackaryapi.com.tr\/en\/product\/jetcement-indoor\/","title":{"rendered":"Jetcement Indoor"},"content":{"rendered":"","protected":false},"excerpt":{"rendered":"<p><strong>\u0130\u00e7 mekanlarda tu\u011fla, gaz beton, bims ve br\u00fct beton duvarlar \u00fczerine, tek kat veya uygun kal\u0131nl\u0131kta katmanlar halinde makine ile uygulanan \u00e7imento esasl\u0131 s\u0131vad\u0131r.<\/strong><\/p>\n<p><strong>\u00d6zellikler:<\/strong><\/p>\n<ul>\n<li>Son kat uygulamalara haz\u0131r d\u00fczg\u00fcn y\u00fczey<\/li>\n<li>Nefes alma \u00f6zelli\u011fi<\/li>\n<li>H\u0131zl\u0131 ve kolay uygulama<\/li>\n<li>Uzat\u0131lm\u0131\u015f \u00e7al\u0131\u015fma s\u00fcresi<\/li>\n<\/ul>\n<p><strong>Kullan\u0131m Alanlar\u0131:<\/strong><\/p>\n<ul>\n<li>\u0130\u00e7 Mekanlarda tu\u011fla, briket, gaz beton, br\u00fct beton, vb. y\u00fczeyler<\/li>\n<li>Fayans ve seramik alt\u0131<\/li>\n<\/ul>\n<p><strong>Ebatlar ve Genel \u00d6zellikler:<\/strong><\/p>\n<ul>\n<li>A\u011f\u0131rl\u0131k: 40 kg \/ Paketleme: 40 torba\/palet \/ Raf \u00d6mr\u00fc: 12 ay<\/li>\n<\/ul>\n<p>\u00dcr\u00fcn Standard\u0131: TS EN 998 &#8211; 1: 2017 \/ \u0130\u00e7 Kullan\u0131mlar i\u00e7in Genel Ama\u00e7l\u0131 Kaba\/\u0130nce S\u0131va Harc\u0131 (GP) (CSII)<\/p>","protected":false},"featured_media":927,"comment_status":"open","ping_status":"closed","template":"","meta":[],"product_cat":[200,199],"product_tag":[44,36,47,46,158,203,201,43,34,35,202,39,45,38,72],"class_list":["post-926","product","type-product","status-publish","has-post-thumbnail","hentry","product_cat-hazir-sivalar","product_cat-mantolama","product_tag-alci","product_tag-astarlar","product_tag-atasehir-knauf","product_tag-atasehir-yapi","product_tag-ciftli-yay","product_tag-cimento-bazli-sistemler","product_tag-hazir-siva","product_tag-kackar-yapi","product_tag-knauf","product_tag-macunlar","product_tag-mantolama","product_tag-yapi","product_tag-yapi-onarim","product_tag-yapi-sistemleri","product_tag-zemin-sistemleri"],"_links":{"self":[{"href":"https:\/\/kackaryapi.com.tr\/en\/wp-json\/wp\/v2\/product\/926","targetHints":{"allow":["GET"]}}],"collection":[{"href":"https:\/\/kackaryapi.com.tr\/en\/wp-json\/wp\/v2\/product"}],"about":[{"href":"https:\/\/kackaryapi.com.tr\/en\/wp-json\/wp\/v2\/types\/product"}],"replies":[{"embeddable":true,"href":"https:\/\/kackaryapi.com.tr\/en\/wp-json\/wp\/v2\/comments?post=926"}],"wp:featuredmedia":[{"embeddable":true,"href":"https:\/\/kackaryapi.com.tr\/en\/wp-json\/wp\/v2\/media\/927"}],"wp:attachment":[{"href":"https:\/\/kackaryapi.com.tr\/en\/wp-json\/wp\/v2\/media?parent=926"}],"wp:term":[{"taxonomy":"product_cat","embeddable":true,"href":"https:\/\/kackaryapi.com.tr\/en\/wp-json\/wp\/v2\/product_cat?post=926"},{"taxonomy":"product_tag","embeddable":true,"href":"https:\/\/kackaryapi.com.tr\/en\/wp-json\/wp\/v2\/product_tag?post=926"}],"curies":[{"name":"wp","href":"https:\/\/api.w.org\/{rel}","templated":true}]}}