{"id":922,"date":"2022-12-20T23:40:27","date_gmt":"2022-12-20T20:40:27","guid":{"rendered":"https:\/\/kackaryapi.com.tr\/?post_type=product&#038;p=922"},"modified":"2025-05-23T09:14:48","modified_gmt":"2025-05-23T06:14:48","slug":"tyvek-buhar-dengeleyici-15-m","status":"publish","type":"product","link":"https:\/\/kackaryapi.com.tr\/en\/product\/tyvek-buhar-dengeleyici-15-m\/","title":{"rendered":"TYVEK Buhar Dengeleyici 1,5 m"},"content":{"rendered":"","protected":false},"excerpt":{"rendered":"<p><strong>Aquapanel\u00ae D\u0131\u015f Cephe Sistemlerinde, suyun i\u00e7 y\u00fczeye n\u00fcfuz etmesini ve su buhar\u0131 yo\u011funla\u015fmas\u0131n\u0131 engelleyen koruyucu \u015filtedir.<\/strong><\/p>\n<p><strong>Kullan\u0131m Alanlar\u0131:<\/strong><\/p>\n<ul>\n<li>Aquapanel\u00ae D\u0131\u015f Cephe Sistemleri<\/li>\n<\/ul>\n<p><strong>\u00d6zellikler:<\/strong><\/p>\n<ul>\n<li>Geni\u015flik: 150 cm<\/li>\n<li>Uzunluk: 75 m<\/li>\n<li>Kal\u0131nl\u0131k: 0,22 mm<\/li>\n<\/ul>","protected":false},"featured_media":923,"comment_status":"open","ping_status":"closed","template":"","meta":[],"product_cat":[188,182],"product_tag":[198,44,191,36,47,46,158,43,34,35,197,39,45,38,72],"class_list":["post-922","product","type-product","status-publish","has-post-thumbnail","hentry","product_cat-aquapanel-sistem-aksesuarlari","product_cat-aquapanel-ve-sistem-aksesuarlari","product_tag-5-m","product_tag-alci","product_tag-aquapanel","product_tag-astarlar","product_tag-atasehir-knauf","product_tag-atasehir-yapi","product_tag-ciftli-yay","product_tag-kackar-yapi","product_tag-knauf","product_tag-macunlar","product_tag-tyvek-buhar-dengeleyici-1","product_tag-yapi","product_tag-yapi-onarim","product_tag-yapi-sistemleri","product_tag-zemin-sistemleri"],"_links":{"self":[{"href":"https:\/\/kackaryapi.com.tr\/en\/wp-json\/wp\/v2\/product\/922","targetHints":{"allow":["GET"]}}],"collection":[{"href":"https:\/\/kackaryapi.com.tr\/en\/wp-json\/wp\/v2\/product"}],"about":[{"href":"https:\/\/kackaryapi.com.tr\/en\/wp-json\/wp\/v2\/types\/product"}],"replies":[{"embeddable":true,"href":"https:\/\/kackaryapi.com.tr\/en\/wp-json\/wp\/v2\/comments?post=922"}],"wp:featuredmedia":[{"embeddable":true,"href":"https:\/\/kackaryapi.com.tr\/en\/wp-json\/wp\/v2\/media\/923"}],"wp:attachment":[{"href":"https:\/\/kackaryapi.com.tr\/en\/wp-json\/wp\/v2\/media?parent=922"}],"wp:term":[{"taxonomy":"product_cat","embeddable":true,"href":"https:\/\/kackaryapi.com.tr\/en\/wp-json\/wp\/v2\/product_cat?post=922"},{"taxonomy":"product_tag","embeddable":true,"href":"https:\/\/kackaryapi.com.tr\/en\/wp-json\/wp\/v2\/product_tag?post=922"}],"curies":[{"name":"wp","href":"https:\/\/api.w.org\/{rel}","templated":true}]}}