{"id":920,"date":"2022-12-20T23:38:58","date_gmt":"2022-12-20T20:38:58","guid":{"rendered":"https:\/\/kackaryapi.com.tr\/?post_type=product&#038;p=920"},"modified":"2026-03-06T04:13:47","modified_gmt":"2026-03-06T01:13:47","slug":"aquapanel-rooftop","status":"publish","type":"product","link":"https:\/\/kackaryapi.com.tr\/en\/product\/aquapanel-rooftop\/","title":{"rendered":"AQUAPANEL Rooftop"},"content":{"rendered":"","protected":false},"excerpt":{"rendered":"<p><strong>AQUAPANEL\u00ae Rooftop, Portland \u00e7imentosu ve agregadan olu\u015fan, her iki y\u00fcz\u00fc cam elyaf file kapl\u0131, %100 suya dayan\u0131kl\u0131 \u00e7imento bazl\u0131 \u00e7at\u0131 plakas\u0131d\u0131r. AQUAPANEL\u00ae Rooftop nem ve k\u00fcf dayan\u0131m\u0131n\u0131n yan\u0131 s\u0131ra, yanmaz \u00f6zelli\u011fe sahip olup, dayan\u0131kl\u0131 yap\u0131s\u0131 sayesinde t\u00fcm \u00e7at\u0131 sistemine str\u00fckt\u00fcrel g\u00fc\u00e7 ve mukavemet katar. \u0130ki farkl\u0131 kal\u0131nl\u0131k se\u00e7ene\u011fi (6 mm ve 12,5 mm) mevcuttur. Kenarlar\u0131 k\u00fct yap\u0131ya sahip olup, ekstra dayan\u0131m i\u00e7in g\u00fc\u00e7lendirilmi\u015ftir (EasyEdgeTM). AQUAPANEL\u00ae Rooftop, yo\u011fun d\u0131\u015f hava ko\u015fullar\u0131na kar\u015f\u0131 sa\u011flam bir temel olu\u015fturur.<\/strong><\/p>\n<p><strong>\u00d6zellikleri<\/strong><\/p>\n<ul>\n<li>\u0130nsan trafi\u011fi olan d\u00fcz \u00e7at\u0131lar i\u00e7in uygun<\/li>\n<li>Sa\u011flam, g\u00fc\u00e7l\u00fc, darbeye dayan\u0131kl\u0131 ve mukavim<\/li>\n<li>Y\u00fcksek bas\u0131n\u00e7 dayan\u0131m\u0131<\/li>\n<li>A1 s\u0131n\u0131f\u0131 yang\u0131n dayan\u0131m\u0131<\/li>\n<li>D\u0131\u015f hava ko\u015fullar\u0131na dayan\u0131m ve %100 su dayan\u0131m\u0131<\/li>\n<li>Maket b\u0131\u00e7a\u011f\u0131 ile kesilebilme<\/li>\n<li>Kullan\u0131m \u00f6mr\u00fcne k\u0131yasla d\u00fc\u015f\u00fck maliyet<\/li>\n<li>Daha uzun \u00e7at\u0131 \u00f6mr\u00fc<\/li>\n<li>Geli\u015fmi\u015f r\u00fczgar y\u00fck\u00fc dayan\u0131m\u0131<\/li>\n<li>Kolay ve h\u0131zl\u0131 uygulama<\/li>\n<\/ul>\n<p><strong>Kullan\u0131m Alanlar\u0131:<\/strong><\/p>\n<ul>\n<li>AQUAPANEL\u00ae Rooftop d\u00fcz \u00e7at\u0131l\u0131 ve al\u00e7ak e\u011fime sahip yap\u0131larda kullan\u0131ma uygundur. \u00c7at\u0131 sistem performans\u0131n\u0131 \u00e7e\u015fitli \u015fekillerde iyile\u015ftirmek \u00fczere \u00fcretilmi\u015ftir:<\/li>\n<li>1. Is\u0131 yal\u0131t\u0131m\u0131 ve su yal\u0131t\u0131m membran\u0131 aras\u0131nda, kaplama plakas\u0131 olarak kullan\u0131mda:\n<ul>\n<li>Altta kalan \u00e7at\u0131 yal\u0131t\u0131m\u0131n\u0131 korur<\/li>\n<li>Membran \u00fczerindeki gerilimi azalt\u0131r<\/li>\n<li>T\u00fcm \u00e7at\u0131 sistemine str\u00fckt\u00fcrel sa\u011flaml\u0131k ekler<\/li>\n<li>M\u00fcdahale edilebilir balastl\u0131 \u00e7at\u0131 sistemine diren\u00e7li zemin sa\u011flar<\/li>\n<\/ul>\n<p>&nbsp;<\/li>\n<li>2. Trapez \u00e7at\u0131 konstr\u00fcksiyonu \u00fczerine do\u011frudan \u00e7at\u0131 alt katman\u0131 olarak kullan\u0131mda:\n<ul>\n<li>\u0130nsan trafi\u011fi olan d\u00fcz \u00e7at\u0131lar i\u00e7in uygun<\/li>\n<li>Sa\u011flam, g\u00fc\u00e7l\u00fc, darbeye dayan\u0131kl\u0131 ve mukavim<\/li>\n<li>Y\u00fcksek bas\u0131n\u00e7 dayan\u0131m\u0131<\/li>\n<li>A1 s\u0131n\u0131f\u0131 yang\u0131n dayan\u0131m\u0131<\/li>\n<li>D\u0131\u015f hava ko\u015fullar\u0131na dayan\u0131m ve %100 su dayan\u0131m\u0131<\/li>\n<li>Maket b\u0131\u00e7a\u011f\u0131 ile kesilebilme<\/li>\n<li>Kullan\u0131m \u00f6mr\u00fcne k\u0131yasla d\u00fc\u015f\u00fck maliyet<\/li>\n<li>Daha uzun \u00e7at\u0131 \u00f6mr\u00fc<\/li>\n<li>Geli\u015fmi\u015f r\u00fczgar y\u00fck\u00fc dayan\u0131m\u0131<\/li>\n<li>Kolay ve h\u0131zl\u0131 uygulama<\/li>\n<\/ul>\n<p>&nbsp;<\/li>\n<\/ul>\n<p><strong>Genel \u00d6zellikler<\/strong><\/p>\n<ul>\n<li>Kal\u0131nl\u0131k: 6 \/ 12,5 mm<\/li>\n<li>A\u011f\u0131rl\u0131k: yakl. 8,5 \/ 16,5 kg\/ m2<\/li>\n<li>Geni\u015flik: 1200 mm<\/li>\n<li>Uzunluk: 900 \/ 2400 mm<\/li>\n<li>Paketleme: 100 \/ 70 \/ 50 adet \/ palet<\/li>\n<\/ul>\n<p>\u00dcr\u00fcn Standard\u0131: EN 12467, Kategori D, S\u0131n\u0131f 2<\/p>","protected":false},"featured_media":921,"comment_status":"open","ping_status":"closed","template":"","meta":[],"product_cat":[188,182],"product_tag":[44,191,36,47,46,158,43,34,35,39,45,38,72],"class_list":["post-920","product","type-product","status-publish","has-post-thumbnail","hentry","product_cat-aquapanel-sistem-aksesuarlari","product_cat-aquapanel-ve-sistem-aksesuarlari","product_tag-alci","product_tag-aquapanel","product_tag-astarlar","product_tag-atasehir-knauf","product_tag-atasehir-yapi","product_tag-ciftli-yay","product_tag-kackar-yapi","product_tag-knauf","product_tag-macunlar","product_tag-yapi","product_tag-yapi-onarim","product_tag-yapi-sistemleri","product_tag-zemin-sistemleri"],"_links":{"self":[{"href":"https:\/\/kackaryapi.com.tr\/en\/wp-json\/wp\/v2\/product\/920","targetHints":{"allow":["GET"]}}],"collection":[{"href":"https:\/\/kackaryapi.com.tr\/en\/wp-json\/wp\/v2\/product"}],"about":[{"href":"https:\/\/kackaryapi.com.tr\/en\/wp-json\/wp\/v2\/types\/product"}],"replies":[{"embeddable":true,"href":"https:\/\/kackaryapi.com.tr\/en\/wp-json\/wp\/v2\/comments?post=920"}],"wp:featuredmedia":[{"embeddable":true,"href":"https:\/\/kackaryapi.com.tr\/en\/wp-json\/wp\/v2\/media\/921"}],"wp:attachment":[{"href":"https:\/\/kackaryapi.com.tr\/en\/wp-json\/wp\/v2\/media?parent=920"}],"wp:term":[{"taxonomy":"product_cat","embeddable":true,"href":"https:\/\/kackaryapi.com.tr\/en\/wp-json\/wp\/v2\/product_cat?post=920"},{"taxonomy":"product_tag","embeddable":true,"href":"https:\/\/kackaryapi.com.tr\/en\/wp-json\/wp\/v2\/product_tag?post=920"}],"curies":[{"name":"wp","href":"https:\/\/api.w.org\/{rel}","templated":true}]}}