{"id":918,"date":"2022-12-20T23:34:35","date_gmt":"2022-12-20T20:34:35","guid":{"rendered":"https:\/\/kackaryapi.com.tr\/?post_type=product&#038;p=918"},"modified":"2022-12-20T23:35:11","modified_gmt":"2022-12-20T20:35:11","slug":"aquapanel-tesviye-dolgusu-kedi-kumu","status":"publish","type":"product","link":"https:\/\/kackaryapi.com.tr\/en\/product\/aquapanel-tesviye-dolgusu-kedi-kumu\/","title":{"rendered":"Aquapanel Tesviye Dolgusu (kedi kumu)"},"content":{"rendered":"","protected":false},"excerpt":{"rendered":"<p><strong>Aquapanel\u00ae Zemin Sistemlerinde plakalar\u0131n alt\u0131nda kullan\u0131lan, y\u00fckseklik seviyeleme, yang\u0131n koruma, \u0131s\u0131 ve ses yal\u0131t\u0131m\u0131 sa\u011flayan perlitli dolgu malzemesidir.<\/strong><\/p>\n<p><strong>Kullan\u0131m Alanlar\u0131:<\/strong><\/p>\n<ul>\n<li>Aquapanel\u00ae Zemin Plakalar\u0131n\u0131n alt\u0131<\/li>\n<\/ul>\n<p><strong>Genel \u00d6zellikler:<\/strong><\/p>\n<ul>\n<li>A\u011f\u0131rl\u0131k: 100 L<\/li>\n<li>Paketleme: 1 adet<\/li>\n<li>Raf \u00d6mr\u00fc: 6 ay<\/li>\n<\/ul>","protected":false},"featured_media":919,"comment_status":"open","ping_status":"closed","template":"","meta":[],"product_cat":[188,182],"product_tag":[44,191,36,47,46,158,43,34,35,39,45,38,72],"class_list":["post-918","product","type-product","status-publish","has-post-thumbnail","hentry","product_cat-aquapanel-sistem-aksesuarlari","product_cat-aquapanel-ve-sistem-aksesuarlari","product_tag-alci","product_tag-aquapanel","product_tag-astarlar","product_tag-atasehir-knauf","product_tag-atasehir-yapi","product_tag-ciftli-yay","product_tag-kackar-yapi","product_tag-knauf","product_tag-macunlar","product_tag-yapi","product_tag-yapi-onarim","product_tag-yapi-sistemleri","product_tag-zemin-sistemleri"],"_links":{"self":[{"href":"https:\/\/kackaryapi.com.tr\/en\/wp-json\/wp\/v2\/product\/918","targetHints":{"allow":["GET"]}}],"collection":[{"href":"https:\/\/kackaryapi.com.tr\/en\/wp-json\/wp\/v2\/product"}],"about":[{"href":"https:\/\/kackaryapi.com.tr\/en\/wp-json\/wp\/v2\/types\/product"}],"replies":[{"embeddable":true,"href":"https:\/\/kackaryapi.com.tr\/en\/wp-json\/wp\/v2\/comments?post=918"}],"wp:featuredmedia":[{"embeddable":true,"href":"https:\/\/kackaryapi.com.tr\/en\/wp-json\/wp\/v2\/media\/919"}],"wp:attachment":[{"href":"https:\/\/kackaryapi.com.tr\/en\/wp-json\/wp\/v2\/media?parent=918"}],"wp:term":[{"taxonomy":"product_cat","embeddable":true,"href":"https:\/\/kackaryapi.com.tr\/en\/wp-json\/wp\/v2\/product_cat?post=918"},{"taxonomy":"product_tag","embeddable":true,"href":"https:\/\/kackaryapi.com.tr\/en\/wp-json\/wp\/v2\/product_tag?post=918"}],"curies":[{"name":"wp","href":"https:\/\/api.w.org\/{rel}","templated":true}]}}