{"id":914,"date":"2022-12-20T21:34:39","date_gmt":"2022-12-20T18:34:39","guid":{"rendered":"https:\/\/kackaryapi.com.tr\/?post_type=product&#038;p=914"},"modified":"2025-05-29T17:03:08","modified_gmt":"2025-05-29T14:03:08","slug":"aquapanel-derz-yapistiricisi-pu","status":"publish","type":"product","link":"https:\/\/kackaryapi.com.tr\/en\/product\/aquapanel-derz-yapistiricisi-pu\/","title":{"rendered":"Aquapanel Derz Yap\u0131\u015ft\u0131r\u0131c\u0131s\u0131 (PU)"},"content":{"rendered":"","protected":false},"excerpt":{"rendered":"<p><strong>Aquapanel\u00ae \u0130\u00e7 Cephe Plakalar\u0131n\u0131 birbirine yap\u0131\u015ft\u0131rmak i\u00e7in birle\u015fim derzlerine uygulanan suya dayan\u0131kl\u0131 yap\u0131\u015ft\u0131r\u0131c\u0131d\u0131r<\/strong><\/p>\n<p><strong>Kullan\u0131m Alanlar\u0131:<\/strong><\/p>\n<ul>\n<li>Aquapanel\u00ae \u0130\u00e7 Cephe Plakalar\u0131n\u0131n derzleri<\/li>\n<\/ul>\n<p><strong>Genel \u00d6zellikler<\/strong><\/p>\n<ul>\n<li>A\u011f\u0131rl\u0131k: 310ml \/ t\u00fcp<\/li>\n<li>Paketleme: 1adet \/ t\u00fcp<\/li>\n<li>Raf \u00d6mr\u00fc: 18 ay<\/li>\n<\/ul>","protected":false},"featured_media":915,"comment_status":"open","ping_status":"closed","template":"","meta":[],"product_cat":[188,182],"product_tag":[44,191,195,36,47,46,158,43,34,35,39,45,38,72],"class_list":["post-914","product","type-product","status-publish","has-post-thumbnail","hentry","product_cat-aquapanel-sistem-aksesuarlari","product_cat-aquapanel-ve-sistem-aksesuarlari","product_tag-alci","product_tag-aquapanel","product_tag-aquapanel-ic-cephe-astari","product_tag-astarlar","product_tag-atasehir-knauf","product_tag-atasehir-yapi","product_tag-ciftli-yay","product_tag-kackar-yapi","product_tag-knauf","product_tag-macunlar","product_tag-yapi","product_tag-yapi-onarim","product_tag-yapi-sistemleri","product_tag-zemin-sistemleri"],"_links":{"self":[{"href":"https:\/\/kackaryapi.com.tr\/en\/wp-json\/wp\/v2\/product\/914","targetHints":{"allow":["GET"]}}],"collection":[{"href":"https:\/\/kackaryapi.com.tr\/en\/wp-json\/wp\/v2\/product"}],"about":[{"href":"https:\/\/kackaryapi.com.tr\/en\/wp-json\/wp\/v2\/types\/product"}],"replies":[{"embeddable":true,"href":"https:\/\/kackaryapi.com.tr\/en\/wp-json\/wp\/v2\/comments?post=914"}],"wp:featuredmedia":[{"embeddable":true,"href":"https:\/\/kackaryapi.com.tr\/en\/wp-json\/wp\/v2\/media\/915"}],"wp:attachment":[{"href":"https:\/\/kackaryapi.com.tr\/en\/wp-json\/wp\/v2\/media?parent=914"}],"wp:term":[{"taxonomy":"product_cat","embeddable":true,"href":"https:\/\/kackaryapi.com.tr\/en\/wp-json\/wp\/v2\/product_cat?post=914"},{"taxonomy":"product_tag","embeddable":true,"href":"https:\/\/kackaryapi.com.tr\/en\/wp-json\/wp\/v2\/product_tag?post=914"}],"curies":[{"name":"wp","href":"https:\/\/api.w.org\/{rel}","templated":true}]}}