{"id":912,"date":"2022-12-20T21:33:01","date_gmt":"2022-12-20T18:33:01","guid":{"rendered":"https:\/\/kackaryapi.com.tr\/?post_type=product&#038;p=912"},"modified":"2022-12-20T21:33:35","modified_gmt":"2022-12-20T18:33:35","slug":"aquapanel-dis-cephe-astari","status":"publish","type":"product","link":"https:\/\/kackaryapi.com.tr\/en\/product\/aquapanel-dis-cephe-astari\/","title":{"rendered":"Aquapanel D\u0131\u015f Cephe Astar\u0131"},"content":{"rendered":"","protected":false},"excerpt":{"rendered":"<p><strong>Aquapanel\u00ae D\u0131\u015f Cephe Plakalar\u0131 \u00fczerine, s\u0131va aderans\u0131n\u0131 art\u0131rmak i\u00e7in kullan\u0131lan astard\u0131r.<\/strong><\/p>\n<p><strong>Kullan\u0131m Alanlar\u0131:<\/strong><\/p>\n<ul>\n<li>Aquapanel\u00ae derz dolgu ve s\u0131va harc\u0131 uygulanm\u0131\u015f y\u00fczeylere,boya veya mineral s\u0131valardan \u00f6nce<\/li>\n<li>S\u0131va yap\u0131lm\u0131\u015f y\u00fczeylere boya veya mineral s\u0131va uygulamadan \u00f6nce<\/li>\n<\/ul>\n<p><strong>Genel \u00d6zellikler<\/strong><\/p>\n<ul>\n<li>A\u011f\u0131rl\u0131k: 15 kg<\/li>\n<li>Paketleme: 1 adet \/ kova<\/li>\n<li>Raf \u00d6mr\u00fc: 18 ay<\/li>\n<\/ul>","protected":false},"featured_media":913,"comment_status":"open","ping_status":"closed","template":"","meta":[],"product_cat":[188,182],"product_tag":[44,191,195,36,47,46,158,43,34,35,39,45,38,72],"class_list":["post-912","product","type-product","status-publish","has-post-thumbnail","hentry","product_cat-aquapanel-sistem-aksesuarlari","product_cat-aquapanel-ve-sistem-aksesuarlari","product_tag-alci","product_tag-aquapanel","product_tag-aquapanel-ic-cephe-astari","product_tag-astarlar","product_tag-atasehir-knauf","product_tag-atasehir-yapi","product_tag-ciftli-yay","product_tag-kackar-yapi","product_tag-knauf","product_tag-macunlar","product_tag-yapi","product_tag-yapi-onarim","product_tag-yapi-sistemleri","product_tag-zemin-sistemleri"],"_links":{"self":[{"href":"https:\/\/kackaryapi.com.tr\/en\/wp-json\/wp\/v2\/product\/912","targetHints":{"allow":["GET"]}}],"collection":[{"href":"https:\/\/kackaryapi.com.tr\/en\/wp-json\/wp\/v2\/product"}],"about":[{"href":"https:\/\/kackaryapi.com.tr\/en\/wp-json\/wp\/v2\/types\/product"}],"replies":[{"embeddable":true,"href":"https:\/\/kackaryapi.com.tr\/en\/wp-json\/wp\/v2\/comments?post=912"}],"wp:featuredmedia":[{"embeddable":true,"href":"https:\/\/kackaryapi.com.tr\/en\/wp-json\/wp\/v2\/media\/913"}],"wp:attachment":[{"href":"https:\/\/kackaryapi.com.tr\/en\/wp-json\/wp\/v2\/media?parent=912"}],"wp:term":[{"taxonomy":"product_cat","embeddable":true,"href":"https:\/\/kackaryapi.com.tr\/en\/wp-json\/wp\/v2\/product_cat?post=912"},{"taxonomy":"product_tag","embeddable":true,"href":"https:\/\/kackaryapi.com.tr\/en\/wp-json\/wp\/v2\/product_tag?post=912"}],"curies":[{"name":"wp","href":"https:\/\/api.w.org\/{rel}","templated":true}]}}