{"id":906,"date":"2022-12-20T20:45:24","date_gmt":"2022-12-20T17:45:24","guid":{"rendered":"https:\/\/kackaryapi.com.tr\/?post_type=product&#038;p=906"},"modified":"2022-12-20T20:46:14","modified_gmt":"2022-12-20T17:46:14","slug":"aquapanel-mineral-siva","status":"publish","type":"product","link":"https:\/\/kackaryapi.com.tr\/en\/product\/aquapanel-mineral-siva\/","title":{"rendered":"Aquapanel\u00ae Mineral S\u0131va"},"content":{"rendered":"","protected":false},"excerpt":{"rendered":"<p><strong>Aquapanel\u00ae D\u0131\u015f Cephe Plakalar\u0131n\u0131n y\u00fczeyinde, y\u00fczey s\u0131vas\u0131ndan sonra kullan\u0131lan, el ve makine ile uygulanabilen son kat s\u0131vas\u0131d\u0131r.<\/strong><\/p>\n<p><strong>Kullan\u0131m Alanlar\u0131:<\/strong><\/p>\n<ul>\n<li>Aquapanel\u00ae d\u0131\u015f cephe plakalar\u0131n\u0131n y\u00fczeyi<\/li>\n<\/ul>\n<p><strong>Genel \u00d6zellikler:<\/strong><\/p>\n<ul>\n<li>A\u011f\u0131rl\u0131k: 30 kg \/ kutu<\/li>\n<li>Paketleme: 1 adet \/ torba<\/li>\n<li>Raf \u00d6mr\u00fc: 12 ay<\/li>\n<\/ul>\n<p>\u00dcr\u00fcn Standard\u0131: DIN 18550, tip P II &#8211; EN 998 &#8211; 1, CS II<\/p>","protected":false},"featured_media":907,"comment_status":"open","ping_status":"closed","template":"","meta":[],"product_cat":[188,182],"product_tag":[44,191,190,192,193,36,47,46,158,43,34,35,39,45,38,72],"class_list":["post-906","product","type-product","status-publish","has-post-thumbnail","hentry","product_cat-aquapanel-sistem-aksesuarlari","product_cat-aquapanel-ve-sistem-aksesuarlari","product_tag-alci","product_tag-aquapanel","product_tag-aquapanel-derz-band","product_tag-aquapanel-siva-harci-basecoat","product_tag-aquapanel-mineral-siva","product_tag-astarlar","product_tag-atasehir-knauf","product_tag-atasehir-yapi","product_tag-ciftli-yay","product_tag-kackar-yapi","product_tag-knauf","product_tag-macunlar","product_tag-yapi","product_tag-yapi-onarim","product_tag-yapi-sistemleri","product_tag-zemin-sistemleri"],"_links":{"self":[{"href":"https:\/\/kackaryapi.com.tr\/en\/wp-json\/wp\/v2\/product\/906","targetHints":{"allow":["GET"]}}],"collection":[{"href":"https:\/\/kackaryapi.com.tr\/en\/wp-json\/wp\/v2\/product"}],"about":[{"href":"https:\/\/kackaryapi.com.tr\/en\/wp-json\/wp\/v2\/types\/product"}],"replies":[{"embeddable":true,"href":"https:\/\/kackaryapi.com.tr\/en\/wp-json\/wp\/v2\/comments?post=906"}],"wp:featuredmedia":[{"embeddable":true,"href":"https:\/\/kackaryapi.com.tr\/en\/wp-json\/wp\/v2\/media\/907"}],"wp:attachment":[{"href":"https:\/\/kackaryapi.com.tr\/en\/wp-json\/wp\/v2\/media?parent=906"}],"wp:term":[{"taxonomy":"product_cat","embeddable":true,"href":"https:\/\/kackaryapi.com.tr\/en\/wp-json\/wp\/v2\/product_cat?post=906"},{"taxonomy":"product_tag","embeddable":true,"href":"https:\/\/kackaryapi.com.tr\/en\/wp-json\/wp\/v2\/product_tag?post=906"}],"curies":[{"name":"wp","href":"https:\/\/api.w.org\/{rel}","templated":true}]}}