{"id":904,"date":"2022-12-20T20:42:54","date_gmt":"2022-12-20T17:42:54","guid":{"rendered":"https:\/\/kackaryapi.com.tr\/?post_type=product&#038;p=904"},"modified":"2022-12-20T20:43:52","modified_gmt":"2022-12-20T17:43:52","slug":"aquapanel-siva-filesi","status":"publish","type":"product","link":"https:\/\/kackaryapi.com.tr\/en\/product\/aquapanel-siva-filesi\/","title":{"rendered":"Aquapanel S\u0131va Filesi"},"content":{"rendered":"","protected":false},"excerpt":{"rendered":"<p><strong>Aquapanel\u00ae D\u0131\u015f cephe plaka uygulamalar\u0131nda, derz dolgu ve s\u0131va harc\u0131 ile birlikte kullan\u0131lan cam elyaf donat\u0131 filesidir.<\/strong><\/p>\n<p><strong>Kullan\u0131m Alanlar\u0131:<\/strong><\/p>\n<ul>\n<li>Aquapanel\u00ae \u0130\u00e7 ve D\u0131\u015f Cephe Plakalar\u0131<\/li>\n<\/ul>\n<p><strong>Genel \u00d6zellikler:<\/strong><\/p>\n<ul>\n<li>A\u011f\u0131rl\u0131k: 160 \/ 200 g \/ m2<\/li>\n<li>Paketleme: 30 rulo\/ palet<\/li>\n<\/ul>","protected":false},"featured_media":905,"comment_status":"open","ping_status":"closed","template":"","meta":[],"product_cat":[188,182],"product_tag":[44,191,190,192,36,47,46,158,43,34,35,39,45,38,72],"class_list":["post-904","product","type-product","status-publish","has-post-thumbnail","hentry","product_cat-aquapanel-sistem-aksesuarlari","product_cat-aquapanel-ve-sistem-aksesuarlari","product_tag-alci","product_tag-aquapanel","product_tag-aquapanel-derz-band","product_tag-aquapanel-siva-harci-basecoat","product_tag-astarlar","product_tag-atasehir-knauf","product_tag-atasehir-yapi","product_tag-ciftli-yay","product_tag-kackar-yapi","product_tag-knauf","product_tag-macunlar","product_tag-yapi","product_tag-yapi-onarim","product_tag-yapi-sistemleri","product_tag-zemin-sistemleri"],"_links":{"self":[{"href":"https:\/\/kackaryapi.com.tr\/en\/wp-json\/wp\/v2\/product\/904","targetHints":{"allow":["GET"]}}],"collection":[{"href":"https:\/\/kackaryapi.com.tr\/en\/wp-json\/wp\/v2\/product"}],"about":[{"href":"https:\/\/kackaryapi.com.tr\/en\/wp-json\/wp\/v2\/types\/product"}],"replies":[{"embeddable":true,"href":"https:\/\/kackaryapi.com.tr\/en\/wp-json\/wp\/v2\/comments?post=904"}],"wp:featuredmedia":[{"embeddable":true,"href":"https:\/\/kackaryapi.com.tr\/en\/wp-json\/wp\/v2\/media\/905"}],"wp:attachment":[{"href":"https:\/\/kackaryapi.com.tr\/en\/wp-json\/wp\/v2\/media?parent=904"}],"wp:term":[{"taxonomy":"product_cat","embeddable":true,"href":"https:\/\/kackaryapi.com.tr\/en\/wp-json\/wp\/v2\/product_cat?post=904"},{"taxonomy":"product_tag","embeddable":true,"href":"https:\/\/kackaryapi.com.tr\/en\/wp-json\/wp\/v2\/product_tag?post=904"}],"curies":[{"name":"wp","href":"https:\/\/api.w.org\/{rel}","templated":true}]}}