{"id":902,"date":"2022-12-20T20:40:49","date_gmt":"2022-12-20T17:40:49","guid":{"rendered":"https:\/\/kackaryapi.com.tr\/?post_type=product&#038;p=902"},"modified":"2022-12-20T20:41:33","modified_gmt":"2022-12-20T17:41:33","slug":"aquapanel-siva-harci-basecoat","status":"publish","type":"product","link":"https:\/\/kackaryapi.com.tr\/en\/product\/aquapanel-siva-harci-basecoat\/","title":{"rendered":"Aquapanel S\u0131va Harc\u0131 (Basecoat)"},"content":{"rendered":"","protected":false},"excerpt":{"rendered":"<p><strong>Aquapanel\u00ae \u0130\u00e7 ve D\u0131\u015f Cephe Plakalar\u0131n\u0131n s\u0131va i\u015flemlerinde kullan\u0131lan \u00e7imento bazl\u0131 har\u00e7t\u0131r.<\/strong><\/p>\n<p><strong>\u00d6zellikler:<\/strong><\/p>\n<ul>\n<li>Esneklik<\/li>\n<li>Sentetik re\u00e7ine katk\u0131l\u0131<\/li>\n<li>D\u0131\u015f hava \u015fartlar\u0131na dayan\u0131kl\u0131l\u0131k<\/li>\n<li>Su iticilik<\/li>\n<li>Y\u00fcksek aderans<\/li>\n<\/ul>\n<p><strong>Kullan\u0131m Alanlar\u0131:<\/strong><\/p>\n<ul>\n<li>Aquapanel\u00ae \u0130\u00e7 Cephe ve D\u0131\u015f Cephe Plakalar\u0131 y\u00fczey s\u0131vas\u0131<\/li>\n<\/ul>\n<p><strong>Genel \u00d6zellikler:<\/strong><\/p>\n<ul>\n<li>A\u011f\u0131rl\u0131k: 25 kg<\/li>\n<li>Paketleme: 1 adet \/ torba<\/li>\n<li>Raf \u00d6mr\u00fc: 12 ay<\/li>\n<\/ul>\n<p>\u00dcr\u00fcn Standard\u0131: EN 998 &#8211; 1<\/p>","protected":false},"featured_media":903,"comment_status":"open","ping_status":"closed","template":"","meta":[],"product_cat":[188,182],"product_tag":[44,191,190,192,36,47,46,158,43,34,35,39,45,38,72],"class_list":["post-902","product","type-product","status-publish","has-post-thumbnail","hentry","product_cat-aquapanel-sistem-aksesuarlari","product_cat-aquapanel-ve-sistem-aksesuarlari","product_tag-alci","product_tag-aquapanel","product_tag-aquapanel-derz-band","product_tag-aquapanel-siva-harci-basecoat","product_tag-astarlar","product_tag-atasehir-knauf","product_tag-atasehir-yapi","product_tag-ciftli-yay","product_tag-kackar-yapi","product_tag-knauf","product_tag-macunlar","product_tag-yapi","product_tag-yapi-onarim","product_tag-yapi-sistemleri","product_tag-zemin-sistemleri"],"_links":{"self":[{"href":"https:\/\/kackaryapi.com.tr\/en\/wp-json\/wp\/v2\/product\/902","targetHints":{"allow":["GET"]}}],"collection":[{"href":"https:\/\/kackaryapi.com.tr\/en\/wp-json\/wp\/v2\/product"}],"about":[{"href":"https:\/\/kackaryapi.com.tr\/en\/wp-json\/wp\/v2\/types\/product"}],"replies":[{"embeddable":true,"href":"https:\/\/kackaryapi.com.tr\/en\/wp-json\/wp\/v2\/comments?post=902"}],"wp:featuredmedia":[{"embeddable":true,"href":"https:\/\/kackaryapi.com.tr\/en\/wp-json\/wp\/v2\/media\/903"}],"wp:attachment":[{"href":"https:\/\/kackaryapi.com.tr\/en\/wp-json\/wp\/v2\/media?parent=902"}],"wp:term":[{"taxonomy":"product_cat","embeddable":true,"href":"https:\/\/kackaryapi.com.tr\/en\/wp-json\/wp\/v2\/product_cat?post=902"},{"taxonomy":"product_tag","embeddable":true,"href":"https:\/\/kackaryapi.com.tr\/en\/wp-json\/wp\/v2\/product_tag?post=902"}],"curies":[{"name":"wp","href":"https:\/\/api.w.org\/{rel}","templated":true}]}}