{"id":900,"date":"2022-12-20T20:35:43","date_gmt":"2022-12-20T17:35:43","guid":{"rendered":"https:\/\/kackaryapi.com.tr\/?post_type=product&#038;p=900"},"modified":"2022-12-20T20:36:25","modified_gmt":"2022-12-20T17:36:25","slug":"aquapanel-derz-band","status":"publish","type":"product","link":"https:\/\/kackaryapi.com.tr\/en\/product\/aquapanel-derz-band\/","title":{"rendered":"Aquapanel Derz Band"},"content":{"rendered":"","protected":false},"excerpt":{"rendered":"<p><strong>Aquapanel\u00ae \u00e7e\u015fitlerinin birle\u015fim derzlerinde kullan\u0131lan, alkali dayan\u0131m\u0131 olan cam elyaf derz band\u0131d\u0131r.<\/strong><\/p>\n<p><strong>Kullan\u0131m Alanlar\u0131:<\/strong><\/p>\n<ul>\n<li>Aquapanel\u00ae B\u00f6lme Duvar Sistemleri<\/li>\n<li>Aquapanel\u00ae \u0130\u00e7 ve D\u0131\u015f Asma Tavan Sistemleri<\/li>\n<li>Aquapanel\u00ae Duvar Giydirme Sistemleri<\/li>\n<li>Aquapanel\u00ae D\u0131\u015f Cephe Duvar Sistemleri<\/li>\n<\/ul>\n<p><strong>Genel \u00d6zellikler:<\/strong><\/p>\n<ul>\n<li>Geni\u015flik: 100 mm<\/li>\n<li>Boy: 50 m<\/li>\n<li>Paketleme: 12 adet \/ kutu<\/li>\n<\/ul>","protected":false},"featured_media":901,"comment_status":"open","ping_status":"closed","template":"","meta":[],"product_cat":[188,182],"product_tag":[44,191,190,36,47,46,158,43,34,35,39,45,38,72],"class_list":["post-900","product","type-product","status-publish","has-post-thumbnail","hentry","product_cat-aquapanel-sistem-aksesuarlari","product_cat-aquapanel-ve-sistem-aksesuarlari","product_tag-alci","product_tag-aquapanel","product_tag-aquapanel-derz-band","product_tag-astarlar","product_tag-atasehir-knauf","product_tag-atasehir-yapi","product_tag-ciftli-yay","product_tag-kackar-yapi","product_tag-knauf","product_tag-macunlar","product_tag-yapi","product_tag-yapi-onarim","product_tag-yapi-sistemleri","product_tag-zemin-sistemleri"],"_links":{"self":[{"href":"https:\/\/kackaryapi.com.tr\/en\/wp-json\/wp\/v2\/product\/900","targetHints":{"allow":["GET"]}}],"collection":[{"href":"https:\/\/kackaryapi.com.tr\/en\/wp-json\/wp\/v2\/product"}],"about":[{"href":"https:\/\/kackaryapi.com.tr\/en\/wp-json\/wp\/v2\/types\/product"}],"replies":[{"embeddable":true,"href":"https:\/\/kackaryapi.com.tr\/en\/wp-json\/wp\/v2\/comments?post=900"}],"wp:featuredmedia":[{"embeddable":true,"href":"https:\/\/kackaryapi.com.tr\/en\/wp-json\/wp\/v2\/media\/901"}],"wp:attachment":[{"href":"https:\/\/kackaryapi.com.tr\/en\/wp-json\/wp\/v2\/media?parent=900"}],"wp:term":[{"taxonomy":"product_cat","embeddable":true,"href":"https:\/\/kackaryapi.com.tr\/en\/wp-json\/wp\/v2\/product_cat?post=900"},{"taxonomy":"product_tag","embeddable":true,"href":"https:\/\/kackaryapi.com.tr\/en\/wp-json\/wp\/v2\/product_tag?post=900"}],"curies":[{"name":"wp","href":"https:\/\/api.w.org\/{rel}","templated":true}]}}