{"id":898,"date":"2022-12-20T20:32:31","date_gmt":"2022-12-20T17:32:31","guid":{"rendered":"https:\/\/kackaryapi.com.tr\/?post_type=product&#038;p=898"},"modified":"2022-12-20T20:34:31","modified_gmt":"2022-12-20T17:34:31","slug":"aquapanel-sivri-uclu-vida","status":"publish","type":"product","link":"https:\/\/kackaryapi.com.tr\/en\/product\/aquapanel-sivri-uclu-vida\/","title":{"rendered":"Aquapanel Sivri U\u00e7lu Vida"},"content":{"rendered":"","protected":false},"excerpt":{"rendered":"<p><strong>Aquapanel\u00ae \u0130\u00e7 ve D\u0131\u015f Cephe Plakalar\u0131n\u0131n 0.6 &#8211; 0.7 mm aras\u0131 sac kal\u0131nl\u0131\u011f\u0131nda metal konstr\u00fcksiyonlara tespit edilmesinde kullan\u0131lan hav\u015fa ba\u015fl\u0131 vidad\u0131r.<\/strong><\/p>\n<p><strong>Kullan\u0131m Alanlar\u0131:<\/strong><\/p>\n<ul>\n<li>Aquapanel\u00ae B\u00f6lme Duvar Sistemleri<\/li>\n<li>Aquapanel\u00ae Asma Tavan Sistemleri<\/li>\n<li>Aquapanel\u00ae Duvar Giydirme Sistemleri<\/li>\n<\/ul>\n<p><strong>Genel \u00d6zellikler:<\/strong><\/p>\n<ul>\n<li>\u00c7ap: 4,2 mm<\/li>\n<li>Boy: 25 \/ 39 mm<\/li>\n<li>A\u011f\u0131rl\u0131k: 1,40 \/ 1,85 kg \/ kutu<\/li>\n<li>Paketleme: 500 \/ 1000 adet \/ kutu<\/li>\n<\/ul>\n<p>\u00dcr\u00fcn Standard\u0131: DIN 18182 &#8211; 2<\/p>","protected":false},"featured_media":899,"comment_status":"open","ping_status":"closed","template":"","meta":[],"product_cat":[188,182],"product_tag":[44,189,186,187,36,47,46,158,43,34,35,39,45,38,72],"class_list":["post-898","product","type-product","status-publish","has-post-thumbnail","hentry","product_cat-aquapanel-sistem-aksesuarlari","product_cat-aquapanel-ve-sistem-aksesuarlari","product_tag-alci","product_tag-aquapanel-sivri-uclu-vida","product_tag-aquapanel-zemin-plakasi","product_tag-aquapanel-zemin-plakasi-mf","product_tag-astarlar","product_tag-atasehir-knauf","product_tag-atasehir-yapi","product_tag-ciftli-yay","product_tag-kackar-yapi","product_tag-knauf","product_tag-macunlar","product_tag-yapi","product_tag-yapi-onarim","product_tag-yapi-sistemleri","product_tag-zemin-sistemleri"],"_links":{"self":[{"href":"https:\/\/kackaryapi.com.tr\/en\/wp-json\/wp\/v2\/product\/898","targetHints":{"allow":["GET"]}}],"collection":[{"href":"https:\/\/kackaryapi.com.tr\/en\/wp-json\/wp\/v2\/product"}],"about":[{"href":"https:\/\/kackaryapi.com.tr\/en\/wp-json\/wp\/v2\/types\/product"}],"replies":[{"embeddable":true,"href":"https:\/\/kackaryapi.com.tr\/en\/wp-json\/wp\/v2\/comments?post=898"}],"wp:featuredmedia":[{"embeddable":true,"href":"https:\/\/kackaryapi.com.tr\/en\/wp-json\/wp\/v2\/media\/899"}],"wp:attachment":[{"href":"https:\/\/kackaryapi.com.tr\/en\/wp-json\/wp\/v2\/media?parent=898"}],"wp:term":[{"taxonomy":"product_cat","embeddable":true,"href":"https:\/\/kackaryapi.com.tr\/en\/wp-json\/wp\/v2\/product_cat?post=898"},{"taxonomy":"product_tag","embeddable":true,"href":"https:\/\/kackaryapi.com.tr\/en\/wp-json\/wp\/v2\/product_tag?post=898"}],"curies":[{"name":"wp","href":"https:\/\/api.w.org\/{rel}","templated":true}]}}