{"id":895,"date":"2022-12-20T19:32:25","date_gmt":"2022-12-20T16:32:25","guid":{"rendered":"https:\/\/kackaryapi.com.tr\/?post_type=product&#038;p=895"},"modified":"2022-12-20T19:32:48","modified_gmt":"2022-12-20T16:32:48","slug":"aquapanel-zemin-seramik-alti-plakasi","status":"publish","type":"product","link":"https:\/\/kackaryapi.com.tr\/en\/product\/aquapanel-zemin-seramik-alti-plakasi\/","title":{"rendered":"Aquapanel\u00ae Zemin Seramik Alt\u0131 Plakas\u0131"},"content":{"rendered":"","protected":false},"excerpt":{"rendered":"<p><strong>\u00c7imento bazl\u0131, her iki y\u00fcz\u00fc cam elyaf file zemin plakas\u0131d\u0131r.<\/strong><\/p>\n<p><strong>\u00d6zellikler:<\/strong><\/p>\n<ul>\n<li>%100 suya dayan\u0131m<\/li>\n<li>K\u00fcf ve mantar olu\u015fturmama<\/li>\n<li>A\u011f\u0131r y\u00fcklere kar\u015f\u0131 dayan\u0131m<\/li>\n<li>Y\u00fcksek \u0131s\u0131 ve ses yal\u0131t\u0131m\u0131<\/li>\n<li>Yerden \u0131s\u0131tma sistemleri ile y\u00fcksek performans ve enerji tasarrufu<\/li>\n<li>Vidas\u0131z, yap\u0131\u015ft\u0131rmal\u0131 ba\u011flant\u0131<\/li>\n<li>Temiz, h\u0131zl\u0131 ve kolay montaj<\/li>\n<\/ul>\n<p><strong>Kullan\u0131m Alanlar\u0131:<\/strong><\/p>\n<ul>\n<li>Kuru \u015fap zemin uygulamalar\u0131<\/li>\n<\/ul>\n<p><strong>Ebatlar ve Genel \u00d6zellikler:<\/strong><\/p>\n<ul>\n<li>Kal\u0131nl\u0131k: 6 mm<\/li>\n<li>A\u011f\u0131rl\u0131k: 8,5 kg<\/li>\n<li>Geni\u015flik: 900 mm<\/li>\n<li>Uzunluk: 1200 mm<\/li>\n<li>Paketleme: 100 adet\/palet<\/li>\n<\/ul>","protected":false},"featured_media":893,"comment_status":"open","ping_status":"closed","template":"","meta":[],"product_cat":[182,183],"product_tag":[44,186,187,36,47,46,158,43,34,35,39,45,38,72],"class_list":["post-895","product","type-product","status-publish","has-post-thumbnail","hentry","product_cat-aquapanel-ve-sistem-aksesuarlari","product_cat-plakalar-aquapanel-ve-sistem-aksesuarlari","product_tag-alci","product_tag-aquapanel-zemin-plakasi","product_tag-aquapanel-zemin-plakasi-mf","product_tag-astarlar","product_tag-atasehir-knauf","product_tag-atasehir-yapi","product_tag-ciftli-yay","product_tag-kackar-yapi","product_tag-knauf","product_tag-macunlar","product_tag-yapi","product_tag-yapi-onarim","product_tag-yapi-sistemleri","product_tag-zemin-sistemleri"],"_links":{"self":[{"href":"https:\/\/kackaryapi.com.tr\/en\/wp-json\/wp\/v2\/product\/895","targetHints":{"allow":["GET"]}}],"collection":[{"href":"https:\/\/kackaryapi.com.tr\/en\/wp-json\/wp\/v2\/product"}],"about":[{"href":"https:\/\/kackaryapi.com.tr\/en\/wp-json\/wp\/v2\/types\/product"}],"replies":[{"embeddable":true,"href":"https:\/\/kackaryapi.com.tr\/en\/wp-json\/wp\/v2\/comments?post=895"}],"wp:featuredmedia":[{"embeddable":true,"href":"https:\/\/kackaryapi.com.tr\/en\/wp-json\/wp\/v2\/media\/893"}],"wp:attachment":[{"href":"https:\/\/kackaryapi.com.tr\/en\/wp-json\/wp\/v2\/media?parent=895"}],"wp:term":[{"taxonomy":"product_cat","embeddable":true,"href":"https:\/\/kackaryapi.com.tr\/en\/wp-json\/wp\/v2\/product_cat?post=895"},{"taxonomy":"product_tag","embeddable":true,"href":"https:\/\/kackaryapi.com.tr\/en\/wp-json\/wp\/v2\/product_tag?post=895"}],"curies":[{"name":"wp","href":"https:\/\/api.w.org\/{rel}","templated":true}]}}