{"id":890,"date":"2022-12-20T19:27:23","date_gmt":"2022-12-20T16:27:23","guid":{"rendered":"https:\/\/kackaryapi.com.tr\/?post_type=product&#038;p=890"},"modified":"2024-10-25T10:59:45","modified_gmt":"2024-10-25T07:59:45","slug":"aquapanel-ic-cephe-plakasi","status":"publish","type":"product","link":"https:\/\/kackaryapi.com.tr\/en\/product\/aquapanel-ic-cephe-plakasi\/","title":{"rendered":"Aquapanel\u00ae \u0130\u00e7 Cephe Plakas\u0131"},"content":{"rendered":"","protected":false},"excerpt":{"rendered":"<p><strong>\u00c7imento bazl\u0131, her iki y\u00fcz\u00fc cam elyaf file kapl\u0131 i\u00e7 cephe plakas\u0131d\u0131r.<\/strong><\/p>\n<p><strong>\u00d6zellikler:<\/strong><\/p>\n<ul>\n<li>%100 su dayan\u0131m\u0131<\/li>\n<li>Y\u00fcksek mukavemet<\/li>\n<li>Yonga ve sel\u00fcloz i\u00e7ermeme<\/li>\n<li>A1 s\u0131n\u0131f\u0131 yanmaz malzeme<\/li>\n<li>K\u00fcf ve mantar olu\u015fturmama<\/li>\n<li>Maket b\u0131\u00e7a\u011f\u0131 ile kolay kesilebilme<\/li>\n<li>E\u011frisel uygulanabilme<\/li>\n<li>Temiz, h\u0131zl\u0131 ve kolay montaj<\/li>\n<\/ul>\n<p><strong>Kullan\u0131m Alanlar\u0131:<\/strong><\/p>\n<ul>\n<li>Y\u00fcksek de\u011ferde neme sahip t\u00fcm \u0131slak i\u00e7 mekanlar\n<ul>\n<li>B\u00f6lme duvar<\/li>\n<li>Asma tavan<\/li>\n<li>Duvara giydirme<\/li>\n<\/ul>\n<p>&nbsp;<\/li>\n<\/ul>\n<p><strong>Ebatlar ve Genel \u00d6zellikler:<\/strong><\/p>\n<ul>\n<li>Kal\u0131nl\u0131k: 12,5 mm<\/li>\n<li>A\u011f\u0131rl\u0131k: 11 kg\/m<sup>2<\/sup><\/li>\n<li>Geni\u015flik: 1200 mm<\/li>\n<li>Uzunluk: 2400 \/ 2500 \/ 2800 mm<\/li>\n<li>Paketleme: 30 adet\/palet<\/li>\n<\/ul>","protected":false},"featured_media":891,"comment_status":"open","ping_status":"closed","template":"","meta":[],"product_cat":[182,183],"product_tag":[44,185,36,47,46,158,43,34,35,39,45,38,72],"class_list":["post-890","product","type-product","status-publish","has-post-thumbnail","hentry","product_cat-aquapanel-ve-sistem-aksesuarlari","product_cat-plakalar-aquapanel-ve-sistem-aksesuarlari","product_tag-alci","product_tag-aquapanel-ic-cephe-plakasi","product_tag-astarlar","product_tag-atasehir-knauf","product_tag-atasehir-yapi","product_tag-ciftli-yay","product_tag-kackar-yapi","product_tag-knauf","product_tag-macunlar","product_tag-yapi","product_tag-yapi-onarim","product_tag-yapi-sistemleri","product_tag-zemin-sistemleri"],"_links":{"self":[{"href":"https:\/\/kackaryapi.com.tr\/en\/wp-json\/wp\/v2\/product\/890","targetHints":{"allow":["GET"]}}],"collection":[{"href":"https:\/\/kackaryapi.com.tr\/en\/wp-json\/wp\/v2\/product"}],"about":[{"href":"https:\/\/kackaryapi.com.tr\/en\/wp-json\/wp\/v2\/types\/product"}],"replies":[{"embeddable":true,"href":"https:\/\/kackaryapi.com.tr\/en\/wp-json\/wp\/v2\/comments?post=890"}],"wp:featuredmedia":[{"embeddable":true,"href":"https:\/\/kackaryapi.com.tr\/en\/wp-json\/wp\/v2\/media\/891"}],"wp:attachment":[{"href":"https:\/\/kackaryapi.com.tr\/en\/wp-json\/wp\/v2\/media?parent=890"}],"wp:term":[{"taxonomy":"product_cat","embeddable":true,"href":"https:\/\/kackaryapi.com.tr\/en\/wp-json\/wp\/v2\/product_cat?post=890"},{"taxonomy":"product_tag","embeddable":true,"href":"https:\/\/kackaryapi.com.tr\/en\/wp-json\/wp\/v2\/product_tag?post=890"}],"curies":[{"name":"wp","href":"https:\/\/api.w.org\/{rel}","templated":true}]}}