{"id":882,"date":"2022-12-20T19:15:46","date_gmt":"2022-12-20T16:15:46","guid":{"rendered":"https:\/\/kackaryapi.com.tr\/?post_type=product&#038;p=882"},"modified":"2022-12-20T19:16:35","modified_gmt":"2022-12-20T16:16:35","slug":"alustar-revizyon-kapagi","status":"publish","type":"product","link":"https:\/\/kackaryapi.com.tr\/en\/product\/alustar-revizyon-kapagi\/","title":{"rendered":"ALUSTAR Revizyon Kapa\u011f\u0131"},"content":{"rendered":"","protected":false},"excerpt":{"rendered":"<p><strong>M\u00fcdahale edilmesi gereken b\u00f6lgelere kolay eri\u015fim imkan\u0131 sa\u011flayan, tek y\u00f6ne a\u00e7\u0131lan aparatt\u0131r.<\/strong><\/p>\n<p><strong>Kullan\u0131m Alanlar\u0131:<\/strong><\/p>\n<ul>\n<li>Tek kat Al\u00e7\u0131pan\u00ae Asma Tavan<\/li>\n<li>Tek kat Al\u00e7\u0131pan\u00ae B\u00f6lme Duvar<\/li>\n<li>Tek kat Al\u00e7\u0131pan\u00ae Duvar Giydirme<\/li>\n<\/ul>\n<p><strong>Ebatlar ve Genel \u00d6zellikler:<\/strong><\/p>\n<ul>\n<li>12,5 mm WR Al\u00e7\u0131pan\u00ae \/ En: 300 &#8211; 600 mm aras\u0131 \/ Boy: 300 &#8211; 600 mm aras\u0131<\/li>\n<\/ul>","protected":false},"featured_media":883,"comment_status":"open","ping_status":"closed","template":"","meta":[],"product_cat":[40,150],"product_tag":[44,171,181,180,36,47,46,158,43,34,35,39,45,38,72],"class_list":["post-882","product","type-product","status-publish","has-post-thumbnail","hentry","product_cat-kuruyapi","product_cat-sistem-aksesuarlari","product_tag-alci","product_tag-alcipan-sistemlerinde","product_tag-alustar-revizyon-kapagi","product_tag-alutop-variant-revizyon-kapagi","product_tag-astarlar","product_tag-atasehir-knauf","product_tag-atasehir-yapi","product_tag-ciftli-yay","product_tag-kackar-yapi","product_tag-knauf","product_tag-macunlar","product_tag-yapi","product_tag-yapi-onarim","product_tag-yapi-sistemleri","product_tag-zemin-sistemleri"],"_links":{"self":[{"href":"https:\/\/kackaryapi.com.tr\/en\/wp-json\/wp\/v2\/product\/882","targetHints":{"allow":["GET"]}}],"collection":[{"href":"https:\/\/kackaryapi.com.tr\/en\/wp-json\/wp\/v2\/product"}],"about":[{"href":"https:\/\/kackaryapi.com.tr\/en\/wp-json\/wp\/v2\/types\/product"}],"replies":[{"embeddable":true,"href":"https:\/\/kackaryapi.com.tr\/en\/wp-json\/wp\/v2\/comments?post=882"}],"wp:featuredmedia":[{"embeddable":true,"href":"https:\/\/kackaryapi.com.tr\/en\/wp-json\/wp\/v2\/media\/883"}],"wp:attachment":[{"href":"https:\/\/kackaryapi.com.tr\/en\/wp-json\/wp\/v2\/media?parent=882"}],"wp:term":[{"taxonomy":"product_cat","embeddable":true,"href":"https:\/\/kackaryapi.com.tr\/en\/wp-json\/wp\/v2\/product_cat?post=882"},{"taxonomy":"product_tag","embeddable":true,"href":"https:\/\/kackaryapi.com.tr\/en\/wp-json\/wp\/v2\/product_tag?post=882"}],"curies":[{"name":"wp","href":"https:\/\/api.w.org\/{rel}","templated":true}]}}