{"id":876,"date":"2022-12-20T19:04:04","date_gmt":"2022-12-20T16:04:04","guid":{"rendered":"https:\/\/kackaryapi.com.tr\/?post_type=product&#038;p=876"},"modified":"2026-03-02T14:28:23","modified_gmt":"2026-03-02T11:28:23","slug":"kenar-birlesim-noktalari-ayirici-bant-65mm","status":"publish","type":"product","link":"https:\/\/kackaryapi.com.tr\/en\/product\/kenar-birlesim-noktalari-ayirici-bant-65mm\/","title":{"rendered":"Kenar (birle\u015fim noktalar\u0131) ay\u0131r\u0131c\u0131 bant (65mm)"},"content":{"rendered":"","protected":false},"excerpt":{"rendered":"<p><strong>B\u00f6lme duvarlar\u0131n, di\u011fer duvar ve tavanlarla olan birle\u015fimlerinde \u00e7atlamalar\u0131n olu\u015fmas\u0131n\u0131 \u00f6nlemek amac\u0131 ile kullan\u0131lan bantt\u0131r.<\/strong><\/p>\n<p><strong>Kullan\u0131m Alanlar\u0131:<\/strong><\/p>\n<ul>\n<li>Al\u00e7\u0131pan\u00ae B\u00f6lme Duvar Sistemleri<\/li>\n<\/ul>\n<p><strong>Ebatlar ve Genel \u00d6zellikler:<\/strong><\/p>\n<ul>\n<li>Geni\u015flik: 65 mm \/ Boy: 50 m \/ Paketleme: 30 adet\/kutu<\/li>\n<\/ul>","protected":false},"featured_media":877,"comment_status":"open","ping_status":"closed","template":"","meta":[],"product_cat":[40,150],"product_tag":[44,171,36,47,46,158,177,43,178,34,35,39,45,38,72],"class_list":["post-876","product","type-product","status-publish","has-post-thumbnail","hentry","product_cat-kuruyapi","product_cat-sistem-aksesuarlari","product_tag-alci","product_tag-alcipan-sistemlerinde","product_tag-astarlar","product_tag-atasehir-knauf","product_tag-atasehir-yapi","product_tag-ciftli-yay","product_tag-izobant","product_tag-kackar-yapi","product_tag-kenar-birlesim-noktalari-ayirici-bant-65mm","product_tag-knauf","product_tag-macunlar","product_tag-yapi","product_tag-yapi-onarim","product_tag-yapi-sistemleri","product_tag-zemin-sistemleri"],"_links":{"self":[{"href":"https:\/\/kackaryapi.com.tr\/en\/wp-json\/wp\/v2\/product\/876","targetHints":{"allow":["GET"]}}],"collection":[{"href":"https:\/\/kackaryapi.com.tr\/en\/wp-json\/wp\/v2\/product"}],"about":[{"href":"https:\/\/kackaryapi.com.tr\/en\/wp-json\/wp\/v2\/types\/product"}],"replies":[{"embeddable":true,"href":"https:\/\/kackaryapi.com.tr\/en\/wp-json\/wp\/v2\/comments?post=876"}],"wp:featuredmedia":[{"embeddable":true,"href":"https:\/\/kackaryapi.com.tr\/en\/wp-json\/wp\/v2\/media\/877"}],"wp:attachment":[{"href":"https:\/\/kackaryapi.com.tr\/en\/wp-json\/wp\/v2\/media?parent=876"}],"wp:term":[{"taxonomy":"product_cat","embeddable":true,"href":"https:\/\/kackaryapi.com.tr\/en\/wp-json\/wp\/v2\/product_cat?post=876"},{"taxonomy":"product_tag","embeddable":true,"href":"https:\/\/kackaryapi.com.tr\/en\/wp-json\/wp\/v2\/product_tag?post=876"}],"curies":[{"name":"wp","href":"https:\/\/api.w.org\/{rel}","templated":true}]}}