{"id":874,"date":"2022-12-20T19:02:50","date_gmt":"2022-12-20T16:02:50","guid":{"rendered":"https:\/\/kackaryapi.com.tr\/?post_type=product&#038;p=874"},"modified":"2022-12-20T19:03:25","modified_gmt":"2022-12-20T16:03:25","slug":"izobant","status":"publish","type":"product","link":"https:\/\/kackaryapi.com.tr\/en\/product\/izobant\/","title":{"rendered":"\u0130zobant"},"content":{"rendered":"","protected":false},"excerpt":{"rendered":"<p><strong>Al\u00e7\u0131pan\u00ae Sistemlerinde, \u0131s\u0131 ve ses yal\u0131t\u0131m\u0131 sa\u011flamak amac\u0131 ile, profillere uygulanan kendinden yap\u0131\u015fkanl\u0131 izolasyon band\u0131d\u0131r.<\/strong><\/p>\n<p><strong>Kullan\u0131m Alanlar\u0131:<\/strong><\/p>\n<ul>\n<li>Duvar U ve Duvar C Profillerin yap\u0131ya temas eden arka y\u00fczlerinde<\/li>\n<\/ul>\n<p><strong>Ebatlar ve Genel \u00d6zellikler:<\/strong>\u00a0Geni\u015flik: 50 mm \/ Boy: 25 m \/ Paketleme: 24 adet\/kutu<\/p>\n<ul>\n<li>Geni\u015flik: 50 \/ 75 \/ 100 mm \/ Boy: 25 m \/ Kal\u0131nl\u0131k: 4 \/ 3 mm \/ Paketleme: 24 \/ 16 \/ 12 adet\/kutu<\/li>\n<\/ul>","protected":false},"featured_media":875,"comment_status":"open","ping_status":"closed","template":"","meta":[],"product_cat":[40,150],"product_tag":[44,171,36,47,46,158,176,177,43,34,35,170,167,39,45,38,72],"class_list":["post-874","product","type-product","status-publish","has-post-thumbnail","hentry","product_cat-kuruyapi","product_cat-sistem-aksesuarlari","product_tag-alci","product_tag-alcipan-sistemlerinde","product_tag-astarlar","product_tag-atasehir-knauf","product_tag-atasehir-yapi","product_tag-ciftli-yay","product_tag-guardex-derz-bandi","product_tag-izobant","product_tag-kackar-yapi","product_tag-knauf","product_tag-macunlar","product_tag-plastik-dubel-m8","product_tag-vidipan-vidasi","product_tag-yapi","product_tag-yapi-onarim","product_tag-yapi-sistemleri","product_tag-zemin-sistemleri"],"_links":{"self":[{"href":"https:\/\/kackaryapi.com.tr\/en\/wp-json\/wp\/v2\/product\/874","targetHints":{"allow":["GET"]}}],"collection":[{"href":"https:\/\/kackaryapi.com.tr\/en\/wp-json\/wp\/v2\/product"}],"about":[{"href":"https:\/\/kackaryapi.com.tr\/en\/wp-json\/wp\/v2\/types\/product"}],"replies":[{"embeddable":true,"href":"https:\/\/kackaryapi.com.tr\/en\/wp-json\/wp\/v2\/comments?post=874"}],"wp:featuredmedia":[{"embeddable":true,"href":"https:\/\/kackaryapi.com.tr\/en\/wp-json\/wp\/v2\/media\/875"}],"wp:attachment":[{"href":"https:\/\/kackaryapi.com.tr\/en\/wp-json\/wp\/v2\/media?parent=874"}],"wp:term":[{"taxonomy":"product_cat","embeddable":true,"href":"https:\/\/kackaryapi.com.tr\/en\/wp-json\/wp\/v2\/product_cat?post=874"},{"taxonomy":"product_tag","embeddable":true,"href":"https:\/\/kackaryapi.com.tr\/en\/wp-json\/wp\/v2\/product_tag?post=874"}],"curies":[{"name":"wp","href":"https:\/\/api.w.org\/{rel}","templated":true}]}}