{"id":872,"date":"2022-12-20T19:01:39","date_gmt":"2022-12-20T16:01:39","guid":{"rendered":"https:\/\/kackaryapi.com.tr\/?post_type=product&#038;p=872"},"modified":"2026-04-10T13:25:36","modified_gmt":"2026-04-10T10:25:36","slug":"fireboard-derz-bandi","status":"publish","type":"product","link":"https:\/\/kackaryapi.com.tr\/en\/product\/fireboard-derz-bandi\/","title":{"rendered":"Fireboard\u00ae Derz Band\u0131"},"content":{"rendered":"","protected":false},"excerpt":{"rendered":"<p><strong>Fireboard\u00ae Al\u00e7\u0131pan\u00ae \u00e7e\u015fitlerinin birle\u015fim derzlerinde kullan\u0131lan cam elyaf derz band\u0131d\u0131r.<\/strong><\/p>\n<p><strong>Kullan\u0131m Alanlar\u0131:<\/strong><\/p>\n<ul>\n<li>Fireboard\u00ae B\u00f6lme Duvar Sistemleri<\/li>\n<li>Fireboard\u00ae Asma Tavan Sistemleri<\/li>\n<li>Fireboard\u00ae \u015eaft Duvar Sistemleri<\/li>\n<\/ul>\n<p><strong>Ebatlar ve Genel \u00d6zellikler:<\/strong><\/p>\n<ul>\n<li>Geni\u015flik: 50 mm \/ Boy: 25 m \/ Paketleme: 40 adet\/kutu<\/li>\n<\/ul>","protected":false},"featured_media":873,"comment_status":"open","ping_status":"closed","template":"","meta":[],"product_cat":[40,150],"product_tag":[44,171,36,47,46,158,176,43,34,35,170,167,39,45,38,72],"class_list":["post-872","product","type-product","status-publish","has-post-thumbnail","hentry","product_cat-kuruyapi","product_cat-sistem-aksesuarlari","product_tag-alci","product_tag-alcipan-sistemlerinde","product_tag-astarlar","product_tag-atasehir-knauf","product_tag-atasehir-yapi","product_tag-ciftli-yay","product_tag-guardex-derz-bandi","product_tag-kackar-yapi","product_tag-knauf","product_tag-macunlar","product_tag-plastik-dubel-m8","product_tag-vidipan-vidasi","product_tag-yapi","product_tag-yapi-onarim","product_tag-yapi-sistemleri","product_tag-zemin-sistemleri"],"_links":{"self":[{"href":"https:\/\/kackaryapi.com.tr\/en\/wp-json\/wp\/v2\/product\/872","targetHints":{"allow":["GET"]}}],"collection":[{"href":"https:\/\/kackaryapi.com.tr\/en\/wp-json\/wp\/v2\/product"}],"about":[{"href":"https:\/\/kackaryapi.com.tr\/en\/wp-json\/wp\/v2\/types\/product"}],"replies":[{"embeddable":true,"href":"https:\/\/kackaryapi.com.tr\/en\/wp-json\/wp\/v2\/comments?post=872"}],"wp:featuredmedia":[{"embeddable":true,"href":"https:\/\/kackaryapi.com.tr\/en\/wp-json\/wp\/v2\/media\/873"}],"wp:attachment":[{"href":"https:\/\/kackaryapi.com.tr\/en\/wp-json\/wp\/v2\/media?parent=872"}],"wp:term":[{"taxonomy":"product_cat","embeddable":true,"href":"https:\/\/kackaryapi.com.tr\/en\/wp-json\/wp\/v2\/product_cat?post=872"},{"taxonomy":"product_tag","embeddable":true,"href":"https:\/\/kackaryapi.com.tr\/en\/wp-json\/wp\/v2\/product_tag?post=872"}],"curies":[{"name":"wp","href":"https:\/\/api.w.org\/{rel}","templated":true}]}}