{"id":870,"date":"2022-12-20T18:59:32","date_gmt":"2022-12-20T15:59:32","guid":{"rendered":"https:\/\/kackaryapi.com.tr\/?post_type=product&#038;p=870"},"modified":"2022-12-20T19:00:53","modified_gmt":"2022-12-20T16:00:53","slug":"guardex-derz-bandi","status":"publish","type":"product","link":"https:\/\/kackaryapi.com.tr\/en\/product\/guardex-derz-bandi\/","title":{"rendered":"Guardex Derz Band\u0131"},"content":{"rendered":"","protected":false},"excerpt":{"rendered":"<p><strong>Aquapanel\u00ae d\u0131\u015f cephe plakas\u0131 Climateshield\u2019\u0131n birle\u015fim derzlerinde kullan\u0131lan,kendinden yap\u0131\u015fkan, suya ve UV \u0131\u015f\u0131nlar\u0131na dayan\u0131kl\u0131 derz band\u0131d\u0131r. Climateshield derz band\u0131 uygulamalar\u0131nda, derz dolgusu kullan\u0131lmamaktad\u0131r ve derz band\u0131 tek ba\u015f\u0131na uygulan\u0131r.<\/strong><\/p>\n<p><strong>Kullan\u0131m Alanlar\u0131:<\/strong><\/p>\n<ul>\n<li>D\u0131\u015f cephe kaplama alt\u0131 duvar uygulamalar\u0131<\/li>\n<\/ul>\n<p><strong>Ebatlar ve Genel \u00d6zellikler:<\/strong><\/p>\n<ul>\n<li>Geni\u015flik: 75 mm \/ Boy: 23m \/ Paketleme: 12 adet\/kutu<\/li>\n<\/ul>","protected":false},"featured_media":871,"comment_status":"open","ping_status":"closed","template":"","meta":[],"product_cat":[40,150],"product_tag":[44,171,36,47,46,158,176,43,34,35,170,167,39,45,38,72],"class_list":["post-870","product","type-product","status-publish","has-post-thumbnail","hentry","product_cat-kuruyapi","product_cat-sistem-aksesuarlari","product_tag-alci","product_tag-alcipan-sistemlerinde","product_tag-astarlar","product_tag-atasehir-knauf","product_tag-atasehir-yapi","product_tag-ciftli-yay","product_tag-guardex-derz-bandi","product_tag-kackar-yapi","product_tag-knauf","product_tag-macunlar","product_tag-plastik-dubel-m8","product_tag-vidipan-vidasi","product_tag-yapi","product_tag-yapi-onarim","product_tag-yapi-sistemleri","product_tag-zemin-sistemleri"],"_links":{"self":[{"href":"https:\/\/kackaryapi.com.tr\/en\/wp-json\/wp\/v2\/product\/870","targetHints":{"allow":["GET"]}}],"collection":[{"href":"https:\/\/kackaryapi.com.tr\/en\/wp-json\/wp\/v2\/product"}],"about":[{"href":"https:\/\/kackaryapi.com.tr\/en\/wp-json\/wp\/v2\/types\/product"}],"replies":[{"embeddable":true,"href":"https:\/\/kackaryapi.com.tr\/en\/wp-json\/wp\/v2\/comments?post=870"}],"wp:featuredmedia":[{"embeddable":true,"href":"https:\/\/kackaryapi.com.tr\/en\/wp-json\/wp\/v2\/media\/871"}],"wp:attachment":[{"href":"https:\/\/kackaryapi.com.tr\/en\/wp-json\/wp\/v2\/media?parent=870"}],"wp:term":[{"taxonomy":"product_cat","embeddable":true,"href":"https:\/\/kackaryapi.com.tr\/en\/wp-json\/wp\/v2\/product_cat?post=870"},{"taxonomy":"product_tag","embeddable":true,"href":"https:\/\/kackaryapi.com.tr\/en\/wp-json\/wp\/v2\/product_tag?post=870"}],"curies":[{"name":"wp","href":"https:\/\/api.w.org\/{rel}","templated":true}]}}