{"id":868,"date":"2022-12-20T18:58:06","date_gmt":"2022-12-20T15:58:06","guid":{"rendered":"https:\/\/kackaryapi.com.tr\/?post_type=product&#038;p=868"},"modified":"2022-12-20T18:59:18","modified_gmt":"2022-12-20T15:59:18","slug":"kurt-kagit-derz-bandi","status":"publish","type":"product","link":"https:\/\/kackaryapi.com.tr\/en\/product\/kurt-kagit-derz-bandi\/","title":{"rendered":"Kurt Ka\u011f\u0131t Derz Band\u0131"},"content":{"rendered":"","protected":false},"excerpt":{"rendered":"<p><strong>Al\u00e7\u0131pan\u00ae \u00e7e\u015fitlerinin birle\u015fim derzlerinde kullan\u0131lan, \u00e7atlamalara kar\u015f\u0131 y\u00fcksek diren\u00e7 g\u00f6steren ka\u011f\u0131t derz band\u0131d\u0131r.<\/strong><\/p>\n<p><strong>Kullan\u0131m Alanlar\u0131:<\/strong><\/p>\n<ul>\n<li>Al\u00e7\u0131pan\u00ae B\u00f6lme Duvar Sistemleri<\/li>\n<li>Al\u00e7\u0131pan\u00ae Asma Tavan Sistemleri<\/li>\n<li>Al\u00e7\u0131pan\u00ae Duvar Giydirme Sistemleri<\/li>\n<\/ul>\n<p><strong>Ebatlar ve Genel \u00d6zellikler:<\/strong><\/p>\n<ul>\n<li>Geni\u015flik: 50 mm \/ Boy: 75 m \/ Paketleme: 20 adet\/kutu<\/li>\n<\/ul>\n<p>\u00dcr\u00fcn Standard\u0131: EN 13963<\/p>","protected":false},"featured_media":869,"comment_status":"open","ping_status":"closed","template":"","meta":[],"product_cat":[40,150],"product_tag":[44,171,36,47,46,158,174,43,173,34,175,35,170,169,167,39,45,38,72],"class_list":["post-868","product","type-product","status-publish","has-post-thumbnail","hentry","product_cat-kuruyapi","product_cat-sistem-aksesuarlari","product_tag-alci","product_tag-alcipan-sistemlerinde","product_tag-astarlar","product_tag-atasehir-knauf","product_tag-atasehir-yapi","product_tag-ciftli-yay","product_tag-file-derz-bandi","product_tag-kackar-yapi","product_tag-kanatli-alcipan-dubeli","product_tag-knauf","product_tag-kurt-kagit-derz-bandi","product_tag-macunlar","product_tag-plastik-dubel-m8","product_tag-sismik-celik-dubel-m6x25","product_tag-vidipan-vidasi","product_tag-yapi","product_tag-yapi-onarim","product_tag-yapi-sistemleri","product_tag-zemin-sistemleri"],"_links":{"self":[{"href":"https:\/\/kackaryapi.com.tr\/en\/wp-json\/wp\/v2\/product\/868","targetHints":{"allow":["GET"]}}],"collection":[{"href":"https:\/\/kackaryapi.com.tr\/en\/wp-json\/wp\/v2\/product"}],"about":[{"href":"https:\/\/kackaryapi.com.tr\/en\/wp-json\/wp\/v2\/types\/product"}],"replies":[{"embeddable":true,"href":"https:\/\/kackaryapi.com.tr\/en\/wp-json\/wp\/v2\/comments?post=868"}],"wp:featuredmedia":[{"embeddable":true,"href":"https:\/\/kackaryapi.com.tr\/en\/wp-json\/wp\/v2\/media\/869"}],"wp:attachment":[{"href":"https:\/\/kackaryapi.com.tr\/en\/wp-json\/wp\/v2\/media?parent=868"}],"wp:term":[{"taxonomy":"product_cat","embeddable":true,"href":"https:\/\/kackaryapi.com.tr\/en\/wp-json\/wp\/v2\/product_cat?post=868"},{"taxonomy":"product_tag","embeddable":true,"href":"https:\/\/kackaryapi.com.tr\/en\/wp-json\/wp\/v2\/product_tag?post=868"}],"curies":[{"name":"wp","href":"https:\/\/api.w.org\/{rel}","templated":true}]}}