{"id":862,"date":"2022-12-20T18:53:20","date_gmt":"2022-12-20T15:53:20","guid":{"rendered":"https:\/\/kackaryapi.com.tr\/?post_type=product&#038;p=862"},"modified":"2022-12-20T18:54:25","modified_gmt":"2022-12-20T15:54:25","slug":"alcipan-dubeli-cc","status":"publish","type":"product","link":"https:\/\/kackaryapi.com.tr\/en\/product\/alcipan-dubeli-cc\/","title":{"rendered":"Al\u00e7\u0131pan\u00ae D\u00fcbeli (CC)"},"content":{"rendered":"","protected":false},"excerpt":{"rendered":"<p><strong>Birden \u00e7ok kat Al\u00e7\u0131pan\u00ae \u00fczerine klima, dolap, radyat\u00f6r, ankastre elemanlar\u0131 vb.malzemeleri asmak i\u00e7in kullan\u0131lan \u00e7elik d\u00fcbeldir.<\/strong><\/p>\n<p><strong>\u00d6zellikler:<\/strong><\/p>\n<ul>\n<li>Tavanda 12 kg ta\u015f\u0131r<\/li>\n<li>Duvarda 28 kg ta\u015f\u0131r<\/li>\n<\/ul>\n<p><strong>Kullan\u0131m Alanlar\u0131:<\/strong><\/p>\n<ul>\n<li>Al\u00e7\u0131pan\u00ae B\u00f6lme Duvarlara y\u00fck as\u0131lmas\u0131nda<\/li>\n<li>Al\u00e7\u0131pan\u00ae Asma Tavanlara y\u00fck as\u0131lmas\u0131nda<\/li>\n<li>Al\u00e7\u0131pan\u00ae Duvar Giydirmelere y\u00fck as\u0131lmas\u0131nda<\/li>\n<\/ul>\n<p><strong>Ebatlar ve Genel \u00d6zellikler:<\/strong><\/p>\n<ul>\n<li>D\u00fcbel \u00c7ap\u0131: 8 mm \/ Al\u00e7\u0131pan Kal\u0131nl\u0131\u011f\u0131: 14-32 mm \/ D\u00fcbel Boyu: 59 mm \/ A\u011f\u0131rl\u0131k: 1,902 kg\/kutu \/ Paketleme: 100 adet\/kutu<\/li>\n<\/ul>\n<p>\u00dcr\u00fcn Standard\u0131: prEN 14566<\/p>","protected":false},"featured_media":863,"comment_status":"open","ping_status":"closed","template":"","meta":[],"product_cat":[40,150],"product_tag":[44,171,36,47,46,158,172,43,34,35,170,169,167,39,45,38,72],"class_list":["post-862","product","type-product","status-publish","has-post-thumbnail","hentry","product_cat-kuruyapi","product_cat-sistem-aksesuarlari","product_tag-alci","product_tag-alcipan-sistemlerinde","product_tag-astarlar","product_tag-atasehir-knauf","product_tag-atasehir-yapi","product_tag-ciftli-yay","product_tag-driva-tp-12-alcipan-dubeli","product_tag-kackar-yapi","product_tag-knauf","product_tag-macunlar","product_tag-plastik-dubel-m8","product_tag-sismik-celik-dubel-m6x25","product_tag-vidipan-vidasi","product_tag-yapi","product_tag-yapi-onarim","product_tag-yapi-sistemleri","product_tag-zemin-sistemleri"],"_links":{"self":[{"href":"https:\/\/kackaryapi.com.tr\/en\/wp-json\/wp\/v2\/product\/862","targetHints":{"allow":["GET"]}}],"collection":[{"href":"https:\/\/kackaryapi.com.tr\/en\/wp-json\/wp\/v2\/product"}],"about":[{"href":"https:\/\/kackaryapi.com.tr\/en\/wp-json\/wp\/v2\/types\/product"}],"replies":[{"embeddable":true,"href":"https:\/\/kackaryapi.com.tr\/en\/wp-json\/wp\/v2\/comments?post=862"}],"wp:featuredmedia":[{"embeddable":true,"href":"https:\/\/kackaryapi.com.tr\/en\/wp-json\/wp\/v2\/media\/863"}],"wp:attachment":[{"href":"https:\/\/kackaryapi.com.tr\/en\/wp-json\/wp\/v2\/media?parent=862"}],"wp:term":[{"taxonomy":"product_cat","embeddable":true,"href":"https:\/\/kackaryapi.com.tr\/en\/wp-json\/wp\/v2\/product_cat?post=862"},{"taxonomy":"product_tag","embeddable":true,"href":"https:\/\/kackaryapi.com.tr\/en\/wp-json\/wp\/v2\/product_tag?post=862"}],"curies":[{"name":"wp","href":"https:\/\/api.w.org\/{rel}","templated":true}]}}