{"id":860,"date":"2022-12-20T18:51:40","date_gmt":"2022-12-20T15:51:40","guid":{"rendered":"https:\/\/kackaryapi.com.tr\/?post_type=product&#038;p=860"},"modified":"2022-12-20T18:53:07","modified_gmt":"2022-12-20T15:53:07","slug":"driva-plus-tp-12-alcipan-dubeli","status":"publish","type":"product","link":"https:\/\/kackaryapi.com.tr\/en\/product\/driva-plus-tp-12-alcipan-dubeli\/","title":{"rendered":"Driva Plus TP 12 Al\u00e7\u0131pan\u00ae D\u00fcbeli"},"content":{"rendered":"","protected":false},"excerpt":{"rendered":"<p><strong>Tek kat Al\u00e7\u0131pan\u00ae \u00fczerine klima, dolap, radyat\u00f6r, ankastre vb. a\u011f\u0131rl\u0131klar\u0131 asmak i\u00e7in kullan\u0131lan \u00e7elik d\u00fcbeldir.<\/strong><\/p>\n<p><strong>\u00d6zellikler:<\/strong><\/p>\n<ul>\n<li>Tavanda 12 kg ta\u015f\u0131r<\/li>\n<li>Duvarda 28 kg ta\u015f\u0131r<\/li>\n<\/ul>\n<p><strong>Kullan\u0131m Alanlar\u0131:<\/strong><\/p>\n<ul>\n<li>Al\u00e7\u0131pan\u00ae B\u00f6lme Duvarlara y\u00fck as\u0131lmas\u0131nda<\/li>\n<li>Al\u00e7\u0131pan\u00ae Asma Tavanlara y\u00fck as\u0131lmas\u0131nda<\/li>\n<li>Al\u00e7\u0131pan\u00ae Duvar Giydirmelere y\u00fck as\u0131lmas\u0131nda<\/li>\n<\/ul>\n<p><strong>Ebatlar ve Genel \u00d6zellikler:<\/strong><\/p>\n<ul>\n<li>D\u00fcbel \u00c7ap\u0131: 16 mm \/ Al\u00e7\u0131pan Kal\u0131nl\u0131\u011f\u0131: 12,5 mm \/ D\u00fcbel Boyu: 39 mm \/ A\u011f\u0131rl\u0131k: 0,65 kg\/kutu \/ Paketleme: 100 adet\/kutu<\/li>\n<\/ul>\n<p>\u00dcr\u00fcn Standard\u0131: EN 14566<\/p>","protected":false},"featured_media":861,"comment_status":"open","ping_status":"closed","template":"","meta":[],"product_cat":[40,150],"product_tag":[44,171,36,47,46,158,172,43,34,35,170,169,167,39,45,38,72],"class_list":["post-860","product","type-product","status-publish","has-post-thumbnail","hentry","product_cat-kuruyapi","product_cat-sistem-aksesuarlari","product_tag-alci","product_tag-alcipan-sistemlerinde","product_tag-astarlar","product_tag-atasehir-knauf","product_tag-atasehir-yapi","product_tag-ciftli-yay","product_tag-driva-tp-12-alcipan-dubeli","product_tag-kackar-yapi","product_tag-knauf","product_tag-macunlar","product_tag-plastik-dubel-m8","product_tag-sismik-celik-dubel-m6x25","product_tag-vidipan-vidasi","product_tag-yapi","product_tag-yapi-onarim","product_tag-yapi-sistemleri","product_tag-zemin-sistemleri"],"_links":{"self":[{"href":"https:\/\/kackaryapi.com.tr\/en\/wp-json\/wp\/v2\/product\/860","targetHints":{"allow":["GET"]}}],"collection":[{"href":"https:\/\/kackaryapi.com.tr\/en\/wp-json\/wp\/v2\/product"}],"about":[{"href":"https:\/\/kackaryapi.com.tr\/en\/wp-json\/wp\/v2\/types\/product"}],"replies":[{"embeddable":true,"href":"https:\/\/kackaryapi.com.tr\/en\/wp-json\/wp\/v2\/comments?post=860"}],"wp:featuredmedia":[{"embeddable":true,"href":"https:\/\/kackaryapi.com.tr\/en\/wp-json\/wp\/v2\/media\/861"}],"wp:attachment":[{"href":"https:\/\/kackaryapi.com.tr\/en\/wp-json\/wp\/v2\/media?parent=860"}],"wp:term":[{"taxonomy":"product_cat","embeddable":true,"href":"https:\/\/kackaryapi.com.tr\/en\/wp-json\/wp\/v2\/product_cat?post=860"},{"taxonomy":"product_tag","embeddable":true,"href":"https:\/\/kackaryapi.com.tr\/en\/wp-json\/wp\/v2\/product_tag?post=860"}],"curies":[{"name":"wp","href":"https:\/\/api.w.org\/{rel}","templated":true}]}}