{"id":854,"date":"2022-12-20T18:21:30","date_gmt":"2022-12-20T15:21:30","guid":{"rendered":"https:\/\/kackaryapi.com.tr\/?post_type=product&#038;p=854"},"modified":"2024-11-09T19:19:46","modified_gmt":"2024-11-09T16:19:46","slug":"gazbeton-dubeli-m8","status":"publish","type":"product","link":"https:\/\/kackaryapi.com.tr\/en\/product\/gazbeton-dubeli-m8\/","title":{"rendered":"Bo\u015fluklu D\u00fcbel M8"},"content":{"rendered":"","protected":false},"excerpt":{"rendered":"<p><strong>Al\u00e7\u0131pan\u00ae Sistemlerinde, konstr\u00fcksiyonun beton, tu\u011fla, gazbeton, briket vb. y\u00fczeylere tespit edilmesinde kullan\u0131lan d\u00fcbeldir.<\/strong><\/p>\n<p><strong>Kullan\u0131m Alanlar\u0131:<\/strong><\/p>\n<ul>\n<li>Al\u00e7\u0131pan\u00ae B\u00f6lme Duvar Sistemleri<\/li>\n<li>Al\u00e7\u0131pan\u00ae Asma Tavan Sistemleri<\/li>\n<li>Al\u00e7\u0131pan\u00ae Duvar Giydirme Sistemleri<\/li>\n<\/ul>\n<p><strong>Ebatlar ve Genel \u00d6zellikler:<\/strong><\/p>\n<ul>\n<li>A\u011f\u0131rl\u0131k: 0,75 kg\/kutu \/ Paketleme: 500 adet\/kutu<\/li>\n<\/ul>","protected":false},"featured_media":856,"comment_status":"open","ping_status":"closed","template":"","meta":[],"product_cat":[40,150],"product_tag":[44,171,36,47,46,158,43,34,35,170,169,167,39,45,38,72],"class_list":["post-854","product","type-product","status-publish","has-post-thumbnail","hentry","product_cat-kuruyapi","product_cat-sistem-aksesuarlari","product_tag-alci","product_tag-alcipan-sistemlerinde","product_tag-astarlar","product_tag-atasehir-knauf","product_tag-atasehir-yapi","product_tag-ciftli-yay","product_tag-kackar-yapi","product_tag-knauf","product_tag-macunlar","product_tag-plastik-dubel-m8","product_tag-sismik-celik-dubel-m6x25","product_tag-vidipan-vidasi","product_tag-yapi","product_tag-yapi-onarim","product_tag-yapi-sistemleri","product_tag-zemin-sistemleri"],"_links":{"self":[{"href":"https:\/\/kackaryapi.com.tr\/en\/wp-json\/wp\/v2\/product\/854","targetHints":{"allow":["GET"]}}],"collection":[{"href":"https:\/\/kackaryapi.com.tr\/en\/wp-json\/wp\/v2\/product"}],"about":[{"href":"https:\/\/kackaryapi.com.tr\/en\/wp-json\/wp\/v2\/types\/product"}],"replies":[{"embeddable":true,"href":"https:\/\/kackaryapi.com.tr\/en\/wp-json\/wp\/v2\/comments?post=854"}],"wp:featuredmedia":[{"embeddable":true,"href":"https:\/\/kackaryapi.com.tr\/en\/wp-json\/wp\/v2\/media\/856"}],"wp:attachment":[{"href":"https:\/\/kackaryapi.com.tr\/en\/wp-json\/wp\/v2\/media?parent=854"}],"wp:term":[{"taxonomy":"product_cat","embeddable":true,"href":"https:\/\/kackaryapi.com.tr\/en\/wp-json\/wp\/v2\/product_cat?post=854"},{"taxonomy":"product_tag","embeddable":true,"href":"https:\/\/kackaryapi.com.tr\/en\/wp-json\/wp\/v2\/product_tag?post=854"}],"curies":[{"name":"wp","href":"https:\/\/api.w.org\/{rel}","templated":true}]}}