{"id":850,"date":"2022-12-20T18:17:21","date_gmt":"2022-12-20T15:17:21","guid":{"rendered":"https:\/\/kackaryapi.com.tr\/?post_type=product&#038;p=850"},"modified":"2024-11-17T11:18:48","modified_gmt":"2024-11-17T08:18:48","slug":"sismik-celik-dubel-m6x25","status":"publish","type":"product","link":"https:\/\/kackaryapi.com.tr\/en\/product\/sismik-celik-dubel-m6x25\/","title":{"rendered":"Sismik \u00c7elik D\u00fcbel M6x25"},"content":{"rendered":"","protected":false},"excerpt":{"rendered":"<p><strong>Asma tavan sistemlerinde, sismik \u00f6zellikli ask\u0131 sisteminin betonarme d\u00f6\u015femeye sabitlenmesinde kullan\u0131lan sismik \u00f6zellikli d\u00fcbeldir.<\/strong><\/p>\n<p><strong>Kullan\u0131m Alanlar\u0131:<\/strong><\/p>\n<ul>\n<li>Sismik \u00f6zellikli Al\u00e7\u0131pan\u00ae Asma Tavan Sistemleri<\/li>\n<\/ul>\n<p><strong>Ebatlar ve Genel \u00d6zellikler:<\/strong><\/p>\n<ul>\n<li>Paketleme: 100 adet\/kutu<\/li>\n<\/ul>\n<p>\u00dcr\u00fcn Standard\u0131: ETA-07\/0049<\/p>","protected":false},"featured_media":851,"comment_status":"open","ping_status":"closed","template":"","meta":[],"product_cat":[40,150],"product_tag":[44,36,47,46,158,168,43,34,35,169,167,39,45,38,72],"class_list":["post-850","product","type-product","status-publish","has-post-thumbnail","hentry","product_cat-kuruyapi","product_cat-sistem-aksesuarlari","product_tag-alci","product_tag-astarlar","product_tag-atasehir-knauf","product_tag-atasehir-yapi","product_tag-ciftli-yay","product_tag-cleaneo-akustik-alcipan-vidasi-sn","product_tag-kackar-yapi","product_tag-knauf","product_tag-macunlar","product_tag-sismik-celik-dubel-m6x25","product_tag-vidipan-vidasi","product_tag-yapi","product_tag-yapi-onarim","product_tag-yapi-sistemleri","product_tag-zemin-sistemleri"],"_links":{"self":[{"href":"https:\/\/kackaryapi.com.tr\/en\/wp-json\/wp\/v2\/product\/850","targetHints":{"allow":["GET"]}}],"collection":[{"href":"https:\/\/kackaryapi.com.tr\/en\/wp-json\/wp\/v2\/product"}],"about":[{"href":"https:\/\/kackaryapi.com.tr\/en\/wp-json\/wp\/v2\/types\/product"}],"replies":[{"embeddable":true,"href":"https:\/\/kackaryapi.com.tr\/en\/wp-json\/wp\/v2\/comments?post=850"}],"wp:featuredmedia":[{"embeddable":true,"href":"https:\/\/kackaryapi.com.tr\/en\/wp-json\/wp\/v2\/media\/851"}],"wp:attachment":[{"href":"https:\/\/kackaryapi.com.tr\/en\/wp-json\/wp\/v2\/media?parent=850"}],"wp:term":[{"taxonomy":"product_cat","embeddable":true,"href":"https:\/\/kackaryapi.com.tr\/en\/wp-json\/wp\/v2\/product_cat?post=850"},{"taxonomy":"product_tag","embeddable":true,"href":"https:\/\/kackaryapi.com.tr\/en\/wp-json\/wp\/v2\/product_tag?post=850"}],"curies":[{"name":"wp","href":"https:\/\/api.w.org\/{rel}","templated":true}]}}