{"id":844,"date":"2022-12-20T18:09:36","date_gmt":"2022-12-20T15:09:36","guid":{"rendered":"https:\/\/kackaryapi.com.tr\/?post_type=product&#038;p=844"},"modified":"2022-12-20T18:10:38","modified_gmt":"2022-12-20T15:10:38","slug":"diamant-vidasi","status":"publish","type":"product","link":"https:\/\/kackaryapi.com.tr\/en\/product\/diamant-vidasi\/","title":{"rendered":"Diamant\u00ae Vidas\u0131"},"content":{"rendered":"","protected":false},"excerpt":{"rendered":"<p><strong>Diamant Al\u00e7\u0131pan\u00ae \u00e7e\u015fitlerinin, metal konstr\u00fcksiyonlara tespit edilmesinde kullan\u0131lan hav\u015fa ba\u015fl\u0131 vidad\u0131r.<\/strong><\/p>\n<p><strong>Kullan\u0131m Alanlar\u0131:<\/strong><\/p>\n<ul>\n<li>Diamant B\u00f6lme Duvar Sistemleri<\/li>\n<li>Diamant Duvar Giydirme Sistemleri<\/li>\n<\/ul>\n<p><strong>Ebatlar ve Genel \u00d6zellikler:<\/strong><\/p>\n<ul>\n<li>Boy: 23 mm: \u00c7ap: 3,9 mm \/ A\u011f\u0131rl\u0131k: 1,3 kg\/kutu \/ Paketleme: 1000 adet\/kutu<\/li>\n<li>Boy: 38 mm: \u00c7ap: 3,9 mm \/ A\u011f\u0131rl\u0131k: 2,05 kg\/kutu \/ Paketleme: 1000 adet\/kutu<\/li>\n<li>Boy: 55 mm: \u00c7ap: 3,9 mm \/ A\u011f\u0131rl\u0131k: 3,1 kg\/kutu \/ Paketleme: 1000 adet\/kutu<\/li>\n<\/ul>\n<p>\u00dcr\u00fcn Standard\u0131: EN 14566<\/p>","protected":false},"featured_media":845,"comment_status":"open","ping_status":"closed","template":"","meta":[],"product_cat":[40,150],"product_tag":[44,166,165,36,47,46,158,43,34,35,39,45,38,72],"class_list":["post-844","product","type-product","status-publish","has-post-thumbnail","hentry","product_cat-kuruyapi","product_cat-sistem-aksesuarlari","product_tag-alci","product_tag-alcipan-matkap-uclu-vida","product_tag-alcipan-sivri-uclu-vida","product_tag-astarlar","product_tag-atasehir-knauf","product_tag-atasehir-yapi","product_tag-ciftli-yay","product_tag-kackar-yapi","product_tag-knauf","product_tag-macunlar","product_tag-yapi","product_tag-yapi-onarim","product_tag-yapi-sistemleri","product_tag-zemin-sistemleri"],"_links":{"self":[{"href":"https:\/\/kackaryapi.com.tr\/en\/wp-json\/wp\/v2\/product\/844","targetHints":{"allow":["GET"]}}],"collection":[{"href":"https:\/\/kackaryapi.com.tr\/en\/wp-json\/wp\/v2\/product"}],"about":[{"href":"https:\/\/kackaryapi.com.tr\/en\/wp-json\/wp\/v2\/types\/product"}],"replies":[{"embeddable":true,"href":"https:\/\/kackaryapi.com.tr\/en\/wp-json\/wp\/v2\/comments?post=844"}],"wp:featuredmedia":[{"embeddable":true,"href":"https:\/\/kackaryapi.com.tr\/en\/wp-json\/wp\/v2\/media\/845"}],"wp:attachment":[{"href":"https:\/\/kackaryapi.com.tr\/en\/wp-json\/wp\/v2\/media?parent=844"}],"wp:term":[{"taxonomy":"product_cat","embeddable":true,"href":"https:\/\/kackaryapi.com.tr\/en\/wp-json\/wp\/v2\/product_cat?post=844"},{"taxonomy":"product_tag","embeddable":true,"href":"https:\/\/kackaryapi.com.tr\/en\/wp-json\/wp\/v2\/product_tag?post=844"}],"curies":[{"name":"wp","href":"https:\/\/api.w.org\/{rel}","templated":true}]}}