{"id":840,"date":"2022-12-20T18:03:06","date_gmt":"2022-12-20T15:03:06","guid":{"rendered":"https:\/\/kackaryapi.com.tr\/?post_type=product&#038;p=840"},"modified":"2025-05-27T03:42:02","modified_gmt":"2025-05-27T00:42:02","slug":"guardex-matkap-uclu-vida","status":"publish","type":"product","link":"https:\/\/kackaryapi.com.tr\/en\/product\/guardex-matkap-uclu-vida\/","title":{"rendered":"Guardex\u00ae Matkap U\u00e7lu Vida"},"content":{"rendered":"","protected":false},"excerpt":{"rendered":"<p><strong>Guardex\u00ae Plakalar\u0131\u2019n\u0131n 1,0 &#8211; 3,0 mm kal\u0131nl\u0131ktaki profillere sabitlenmesinde kullan\u0131lan,en az 240 saat tuz testi dayan\u0131m\u0131na sahip matkap u\u00e7lu vidad\u0131r.<\/strong><\/p>\n<p><strong>Kullan\u0131m Alanlar\u0131:<\/strong><\/p>\n<ul>\n<li>Guardex\u00ae d\u0131\u015f cephe kuru yap\u0131 duvar sistemleri<\/li>\n<li>Guardex\u00ae d\u0131\u015f cephe mantolama sistemleri<\/li>\n<li>Guardex\u00ae d\u0131\u015f cephe havaland\u0131rmal\u0131 sistemler<\/li>\n<\/ul>\n<p><strong>Ebatlar ve Genel \u00d6zellikler:<\/strong><\/p>\n<ul>\n<li>Boy: 25 mm \/ \u00c7ap: 3,5 mm \/ A\u011f\u0131rl\u0131k: 1,5 kg\/kutu \/ Paketleme: 1000 adet\/kutu<\/li>\n<\/ul>","protected":false},"featured_media":841,"comment_status":"open","ping_status":"closed","template":"","meta":[],"product_cat":[40,150],"product_tag":[44,166,165,36,47,46,158,43,34,35,39,45,38,72],"class_list":["post-840","product","type-product","status-publish","has-post-thumbnail","hentry","product_cat-kuruyapi","product_cat-sistem-aksesuarlari","product_tag-alci","product_tag-alcipan-matkap-uclu-vida","product_tag-alcipan-sivri-uclu-vida","product_tag-astarlar","product_tag-atasehir-knauf","product_tag-atasehir-yapi","product_tag-ciftli-yay","product_tag-kackar-yapi","product_tag-knauf","product_tag-macunlar","product_tag-yapi","product_tag-yapi-onarim","product_tag-yapi-sistemleri","product_tag-zemin-sistemleri"],"_links":{"self":[{"href":"https:\/\/kackaryapi.com.tr\/en\/wp-json\/wp\/v2\/product\/840","targetHints":{"allow":["GET"]}}],"collection":[{"href":"https:\/\/kackaryapi.com.tr\/en\/wp-json\/wp\/v2\/product"}],"about":[{"href":"https:\/\/kackaryapi.com.tr\/en\/wp-json\/wp\/v2\/types\/product"}],"replies":[{"embeddable":true,"href":"https:\/\/kackaryapi.com.tr\/en\/wp-json\/wp\/v2\/comments?post=840"}],"wp:featuredmedia":[{"embeddable":true,"href":"https:\/\/kackaryapi.com.tr\/en\/wp-json\/wp\/v2\/media\/841"}],"wp:attachment":[{"href":"https:\/\/kackaryapi.com.tr\/en\/wp-json\/wp\/v2\/media?parent=840"}],"wp:term":[{"taxonomy":"product_cat","embeddable":true,"href":"https:\/\/kackaryapi.com.tr\/en\/wp-json\/wp\/v2\/product_cat?post=840"},{"taxonomy":"product_tag","embeddable":true,"href":"https:\/\/kackaryapi.com.tr\/en\/wp-json\/wp\/v2\/product_tag?post=840"}],"curies":[{"name":"wp","href":"https:\/\/api.w.org\/{rel}","templated":true}]}}