{"id":838,"date":"2022-12-20T17:52:52","date_gmt":"2022-12-20T14:52:52","guid":{"rendered":"https:\/\/kackaryapi.com.tr\/?post_type=product&#038;p=838"},"modified":"2024-11-08T01:34:27","modified_gmt":"2024-11-07T22:34:27","slug":"mercimek-basli-vida-mb","status":"publish","type":"product","link":"https:\/\/kackaryapi.com.tr\/en\/product\/mercimek-basli-vida-mb\/","title":{"rendered":"Mercimek Ba\u015fl\u0131 Vida (MB)"},"content":{"rendered":"","protected":false},"excerpt":{"rendered":"<p><strong>Al\u00e7\u0131pan\u00ae Sistemlerinde, metal konstr\u00fcksiyon ve ba\u011flant\u0131 elemanlar\u0131n\u0131n birbirine ba\u011flanmas\u0131nda kullan\u0131lan mercimek ba\u015fl\u0131 vidad\u0131r.<\/strong><\/p>\n<p><strong>Kullan\u0131m Alanlar\u0131:<\/strong><\/p>\n<ul>\n<li>Metal konstr\u00fcksiyon ve ba\u011flant\u0131 elemanlar\u0131n\u0131n tespit edilmesi<\/li>\n<\/ul>\n<p><strong>Ebatlar ve Genel \u00d6zellikler:<\/strong><\/p>\n<ul>\n<li>Boy: 13 mm \/ \u00c7ap: 4,2 mm \/ A\u011f\u0131rl\u0131k: 1,35 kg\/kutu \/ Paketleme: 1000 adet\/kutu<\/li>\n<\/ul>\n<p>\u00dcr\u00fcn Standard\u0131: EN 14566<\/p>","protected":false},"featured_media":839,"comment_status":"open","ping_status":"closed","template":"","meta":[],"product_cat":[40,150],"product_tag":[44,166,165,36,47,46,158,43,34,35,39,45,38,72],"class_list":["post-838","product","type-product","status-publish","has-post-thumbnail","hentry","product_cat-kuruyapi","product_cat-sistem-aksesuarlari","product_tag-alci","product_tag-alcipan-matkap-uclu-vida","product_tag-alcipan-sivri-uclu-vida","product_tag-astarlar","product_tag-atasehir-knauf","product_tag-atasehir-yapi","product_tag-ciftli-yay","product_tag-kackar-yapi","product_tag-knauf","product_tag-macunlar","product_tag-yapi","product_tag-yapi-onarim","product_tag-yapi-sistemleri","product_tag-zemin-sistemleri"],"_links":{"self":[{"href":"https:\/\/kackaryapi.com.tr\/en\/wp-json\/wp\/v2\/product\/838","targetHints":{"allow":["GET"]}}],"collection":[{"href":"https:\/\/kackaryapi.com.tr\/en\/wp-json\/wp\/v2\/product"}],"about":[{"href":"https:\/\/kackaryapi.com.tr\/en\/wp-json\/wp\/v2\/types\/product"}],"replies":[{"embeddable":true,"href":"https:\/\/kackaryapi.com.tr\/en\/wp-json\/wp\/v2\/comments?post=838"}],"wp:featuredmedia":[{"embeddable":true,"href":"https:\/\/kackaryapi.com.tr\/en\/wp-json\/wp\/v2\/media\/839"}],"wp:attachment":[{"href":"https:\/\/kackaryapi.com.tr\/en\/wp-json\/wp\/v2\/media?parent=838"}],"wp:term":[{"taxonomy":"product_cat","embeddable":true,"href":"https:\/\/kackaryapi.com.tr\/en\/wp-json\/wp\/v2\/product_cat?post=838"},{"taxonomy":"product_tag","embeddable":true,"href":"https:\/\/kackaryapi.com.tr\/en\/wp-json\/wp\/v2\/product_tag?post=838"}],"curies":[{"name":"wp","href":"https:\/\/api.w.org\/{rel}","templated":true}]}}