{"id":834,"date":"2022-12-20T17:48:09","date_gmt":"2022-12-20T14:48:09","guid":{"rendered":"https:\/\/kackaryapi.com.tr\/?post_type=product&#038;p=834"},"modified":"2024-10-31T17:46:51","modified_gmt":"2024-10-31T14:46:51","slug":"alcipan-matkap-uclu-vida","status":"publish","type":"product","link":"https:\/\/kackaryapi.com.tr\/en\/product\/alcipan-matkap-uclu-vida\/","title":{"rendered":"Al\u00e7\u0131pan\u00ae Matkap U\u00e7lu Vida"},"content":{"rendered":"","protected":false},"excerpt":{"rendered":"<p><strong>Al\u00e7\u0131pan\u00ae \u00e7e\u015fitlerinin, 0,7 &#8211; 2,25 mm aras\u0131 sac kal\u0131nl\u0131\u011f\u0131nda metal konstr\u00fcksiyonlara tespit edilmesinde kullan\u0131lan hav\u015fa ba\u015fl\u0131 vidad\u0131r.<\/strong><\/p>\n<p><strong>Kullan\u0131m Alanlar\u0131:<\/strong><\/p>\n<ul>\n<li>Al\u00e7\u0131pan\u00ae B\u00f6lme Duvar Sistemleri<\/li>\n<li>Al\u00e7\u0131pan\u00ae Asma Tavan Sistemleri<\/li>\n<li>Al\u00e7\u0131pan\u00ae Duvar Giydirme Sistemleri<\/li>\n<\/ul>\n<p><strong>Ebatlar ve Genel \u00d6zellikler:<\/strong><\/p>\n<ul>\n<li>Boy: 25 mm \/ \u00c7ap: 3,5 mm \/ A\u011f\u0131rl\u0131k: 1,40\/22,50 kg\/kutu \/ Paketleme: 1000\/16000 adet\/kutu<\/li>\n<li>Boy: 35 mm \/ \u00c7ap: 3,5 mm \/ A\u011f\u0131rl\u0131k: 2\/17 kg\/kutu\/ Paketleme: 1000\/9000 adet\/kutu<\/li>\n<\/ul>","protected":false},"featured_media":835,"comment_status":"open","ping_status":"closed","template":"","meta":[],"product_cat":[40,150],"product_tag":[44,166,165,36,47,46,158,43,34,35,39,45,38,72],"class_list":["post-834","product","type-product","status-publish","has-post-thumbnail","hentry","product_cat-kuruyapi","product_cat-sistem-aksesuarlari","product_tag-alci","product_tag-alcipan-matkap-uclu-vida","product_tag-alcipan-sivri-uclu-vida","product_tag-astarlar","product_tag-atasehir-knauf","product_tag-atasehir-yapi","product_tag-ciftli-yay","product_tag-kackar-yapi","product_tag-knauf","product_tag-macunlar","product_tag-yapi","product_tag-yapi-onarim","product_tag-yapi-sistemleri","product_tag-zemin-sistemleri"],"_links":{"self":[{"href":"https:\/\/kackaryapi.com.tr\/en\/wp-json\/wp\/v2\/product\/834","targetHints":{"allow":["GET"]}}],"collection":[{"href":"https:\/\/kackaryapi.com.tr\/en\/wp-json\/wp\/v2\/product"}],"about":[{"href":"https:\/\/kackaryapi.com.tr\/en\/wp-json\/wp\/v2\/types\/product"}],"replies":[{"embeddable":true,"href":"https:\/\/kackaryapi.com.tr\/en\/wp-json\/wp\/v2\/comments?post=834"}],"wp:featuredmedia":[{"embeddable":true,"href":"https:\/\/kackaryapi.com.tr\/en\/wp-json\/wp\/v2\/media\/835"}],"wp:attachment":[{"href":"https:\/\/kackaryapi.com.tr\/en\/wp-json\/wp\/v2\/media?parent=834"}],"wp:term":[{"taxonomy":"product_cat","embeddable":true,"href":"https:\/\/kackaryapi.com.tr\/en\/wp-json\/wp\/v2\/product_cat?post=834"},{"taxonomy":"product_tag","embeddable":true,"href":"https:\/\/kackaryapi.com.tr\/en\/wp-json\/wp\/v2\/product_tag?post=834"}],"curies":[{"name":"wp","href":"https:\/\/api.w.org\/{rel}","templated":true}]}}