{"id":825,"date":"2022-12-20T17:34:02","date_gmt":"2022-12-20T14:34:02","guid":{"rendered":"https:\/\/kackaryapi.com.tr\/?post_type=product&#038;p=825"},"modified":"2022-12-20T17:34:47","modified_gmt":"2022-12-20T14:34:47","slug":"clip-in-klips","status":"publish","type":"product","link":"https:\/\/kackaryapi.com.tr\/en\/product\/clip-in-klips\/","title":{"rendered":"Clip-In Klips"},"content":{"rendered":"","protected":false},"excerpt":{"rendered":"<p><strong>Gizli ta\u015f\u0131y\u0131c\u0131l\u0131 metal asma tavan sistemlerinde, ta\u015f\u0131y\u0131c\u0131 profilleri birbirine ba\u011flamak i\u00e7in kullan\u0131lan elemand\u0131r.<\/strong><\/p>\n<p><strong>Kullan\u0131m Alanlar\u0131:<\/strong><\/p>\n<ul>\n<li>Gizli ta\u015f\u0131y\u0131c\u0131l\u0131 mod\u00fcler asma tavan sistemleri<\/li>\n<\/ul>\n<p><strong>Ebatlar ve Genel \u00d6zellikler:<\/strong><\/p>\n<ul>\n<li>Kal\u0131nl\u0131k: 0,6 mm \/ A\u011f\u0131rl\u0131k: 0,013 kg\/adet \/ Paketleme: 200 adet\/paket<\/li>\n<\/ul>","protected":false},"featured_media":826,"comment_status":"open","ping_status":"closed","template":"","meta":[],"product_cat":[40,150],"product_tag":[44,36,47,46,158,162,163,43,34,35,39,45,38,72],"class_list":["post-825","product","type-product","status-publish","has-post-thumbnail","hentry","product_cat-kuruyapi","product_cat-sistem-aksesuarlari","product_tag-alci","product_tag-astarlar","product_tag-atasehir-knauf","product_tag-atasehir-yapi","product_tag-ciftli-yay","product_tag-clip-in-aski-alt-parca","product_tag-clip-in-klips","product_tag-kackar-yapi","product_tag-knauf","product_tag-macunlar","product_tag-yapi","product_tag-yapi-onarim","product_tag-yapi-sistemleri","product_tag-zemin-sistemleri"],"_links":{"self":[{"href":"https:\/\/kackaryapi.com.tr\/en\/wp-json\/wp\/v2\/product\/825","targetHints":{"allow":["GET"]}}],"collection":[{"href":"https:\/\/kackaryapi.com.tr\/en\/wp-json\/wp\/v2\/product"}],"about":[{"href":"https:\/\/kackaryapi.com.tr\/en\/wp-json\/wp\/v2\/types\/product"}],"replies":[{"embeddable":true,"href":"https:\/\/kackaryapi.com.tr\/en\/wp-json\/wp\/v2\/comments?post=825"}],"wp:featuredmedia":[{"embeddable":true,"href":"https:\/\/kackaryapi.com.tr\/en\/wp-json\/wp\/v2\/media\/826"}],"wp:attachment":[{"href":"https:\/\/kackaryapi.com.tr\/en\/wp-json\/wp\/v2\/media?parent=825"}],"wp:term":[{"taxonomy":"product_cat","embeddable":true,"href":"https:\/\/kackaryapi.com.tr\/en\/wp-json\/wp\/v2\/product_cat?post=825"},{"taxonomy":"product_tag","embeddable":true,"href":"https:\/\/kackaryapi.com.tr\/en\/wp-json\/wp\/v2\/product_tag?post=825"}],"curies":[{"name":"wp","href":"https:\/\/api.w.org\/{rel}","templated":true}]}}