{"id":819,"date":"2022-12-20T17:28:20","date_gmt":"2022-12-20T14:28:20","guid":{"rendered":"https:\/\/kackaryapi.com.tr\/?post_type=product&#038;p=819"},"modified":"2022-12-20T17:29:36","modified_gmt":"2022-12-20T14:29:36","slug":"nonius-baglanti-teli","status":"publish","type":"product","link":"https:\/\/kackaryapi.com.tr\/en\/product\/nonius-baglanti-teli\/","title":{"rendered":"Nonius Ba\u011flant\u0131 Teli"},"content":{"rendered":"","protected":false},"excerpt":{"rendered":"<p><strong>Nonius \u00dcst Par\u00e7a ve Nonius Ask\u0131 \u00c7er\u00e7eve Eleman\u0131n\u0131 birbirine ba\u011flayan teldir.<\/strong><\/p>\n<p><strong>Kullan\u0131m Alanlar\u0131:<\/strong><\/p>\n<ul>\n<li>Asma tavan sistemleri<\/li>\n<\/ul>\n<p><strong>Ebatlar ve Genel \u00d6zellikler:<\/strong><\/p>\n<ul>\n<li>Kal\u0131nl\u0131k: 2,5 mm \/ A\u011f\u0131rl\u0131k: 0,005 kg\/adet \/ Paketleme: 100 adet\/paket<\/li>\n<\/ul>","protected":false},"featured_media":820,"comment_status":"open","ping_status":"closed","template":"","meta":[],"product_cat":[40,150],"product_tag":[44,36,47,46,158,156,157,43,34,35,159,160,39,45,38,72],"class_list":["post-819","product","type-product","status-publish","has-post-thumbnail","hentry","product_cat-kuruyapi","product_cat-sistem-aksesuarlari","product_tag-alci","product_tag-astarlar","product_tag-atasehir-knauf","product_tag-atasehir-yapi","product_tag-ciftli-yay","product_tag-ekleme-parcasi","product_tag-esit-seviye-ekleme-parcasi","product_tag-kackar-yapi","product_tag-knauf","product_tag-macunlar","product_tag-nonius-aski-cerceve-elemani","product_tag-nonius-baglanti-teli","product_tag-yapi","product_tag-yapi-onarim","product_tag-yapi-sistemleri","product_tag-zemin-sistemleri"],"_links":{"self":[{"href":"https:\/\/kackaryapi.com.tr\/en\/wp-json\/wp\/v2\/product\/819","targetHints":{"allow":["GET"]}}],"collection":[{"href":"https:\/\/kackaryapi.com.tr\/en\/wp-json\/wp\/v2\/product"}],"about":[{"href":"https:\/\/kackaryapi.com.tr\/en\/wp-json\/wp\/v2\/types\/product"}],"replies":[{"embeddable":true,"href":"https:\/\/kackaryapi.com.tr\/en\/wp-json\/wp\/v2\/comments?post=819"}],"wp:featuredmedia":[{"embeddable":true,"href":"https:\/\/kackaryapi.com.tr\/en\/wp-json\/wp\/v2\/media\/820"}],"wp:attachment":[{"href":"https:\/\/kackaryapi.com.tr\/en\/wp-json\/wp\/v2\/media?parent=819"}],"wp:term":[{"taxonomy":"product_cat","embeddable":true,"href":"https:\/\/kackaryapi.com.tr\/en\/wp-json\/wp\/v2\/product_cat?post=819"},{"taxonomy":"product_tag","embeddable":true,"href":"https:\/\/kackaryapi.com.tr\/en\/wp-json\/wp\/v2\/product_tag?post=819"}],"curies":[{"name":"wp","href":"https:\/\/api.w.org\/{rel}","templated":true}]}}