{"id":815,"date":"2022-12-20T17:25:45","date_gmt":"2022-12-20T14:25:45","guid":{"rendered":"https:\/\/kackaryapi.com.tr\/?post_type=product&#038;p=815"},"modified":"2025-05-26T06:52:59","modified_gmt":"2025-05-26T03:52:59","slug":"nonius-aski-ust-parca","status":"publish","type":"product","link":"https:\/\/kackaryapi.com.tr\/en\/product\/nonius-aski-ust-parca\/","title":{"rendered":"Nonius Ask\u0131 \u00dcst Par\u00e7a"},"content":{"rendered":"","protected":false},"excerpt":{"rendered":"<p><strong>Asma tavan sistemlerini tavana ba\u011flayan ask\u0131 eleman\u0131d\u0131r.<\/strong><\/p>\n<p><strong>Kullan\u0131m Alanlar\u0131:<\/strong><\/p>\n<ul>\n<li>Asma tavan sistemleri<\/li>\n<\/ul>\n<p><strong>Ebatlar ve Genel \u00d6zellikler:<\/strong><\/p>\n<ul>\n<li>20 cm: Kal\u0131nl\u0131k: 1 mm \/ A\u011f\u0131rl\u0131k: 0,038 kg\/adet \/ Paketleme: 50 adet\/paket<\/li>\n<li>40 cm: Kal\u0131nl\u0131k: 1 mm \/ A\u011f\u0131rl\u0131k: 0,075 kg\/adet \/ Paketleme: 50 adet\/paket<\/li>\n<li>60 cm: Kal\u0131nl\u0131k: 1 mm \/ A\u011f\u0131rl\u0131k: 0,115 kg\/adet \/ Paketleme: 50 adet\/paket<\/li>\n<li>80 cm: Kal\u0131nl\u0131k: 1 mm \/ A\u011f\u0131rl\u0131k: 0,150 kg\/adet \/ Paketleme: 50 adet\/paket<\/li>\n<li>100 cm: Kal\u0131nl\u0131k: 1 mm \/ A\u011f\u0131rl\u0131k: 0,190 kg\/adet \/ Paketleme: 50 adet\/paket<\/li>\n<li>120 cm: Kal\u0131nl\u0131k: 1 mm \/ A\u011f\u0131rl\u0131k: 0,225 kg\/adet \/ Paketleme: 50 adet\/paket<\/li>\n<li>140 cm: Kal\u0131nl\u0131k: 1 mm \/ A\u011f\u0131rl\u0131k: 0,265 kg\/adet \/ Paketleme: 50 adet\/paket<\/li>\n<li>160 cm: Kal\u0131nl\u0131k: 1 mm \/ A\u011f\u0131rl\u0131k: 0,300 kg\/adet \/ Paketleme: 50 adet\/paket<\/li>\n<li>200 cm: Kal\u0131nl\u0131k: 1 mm \/ A\u011f\u0131rl\u0131k: 0,375 kg\/adet \/ Paketleme: 50 adet\/paket<\/li>\n<li>300 cm: Kal\u0131nl\u0131k: 1 mm \/ A\u011f\u0131rl\u0131k: 0,579 kg\/adet \/ Paketleme: 50 adet\/paket<\/li>\n<li>400 cm: Kal\u0131nl\u0131k: 1 mm \/ A\u011f\u0131rl\u0131k: 0,762 kg\/adet \/ Paketleme: 50 adet\/paket<\/li>\n<\/ul>","protected":false},"featured_media":816,"comment_status":"open","ping_status":"closed","template":"","meta":[],"product_cat":[40,150],"product_tag":[44,36,47,46,158,156,157,43,34,35,39,45,38,72],"class_list":["post-815","product","type-product","status-publish","has-post-thumbnail","hentry","product_cat-kuruyapi","product_cat-sistem-aksesuarlari","product_tag-alci","product_tag-astarlar","product_tag-atasehir-knauf","product_tag-atasehir-yapi","product_tag-ciftli-yay","product_tag-ekleme-parcasi","product_tag-esit-seviye-ekleme-parcasi","product_tag-kackar-yapi","product_tag-knauf","product_tag-macunlar","product_tag-yapi","product_tag-yapi-onarim","product_tag-yapi-sistemleri","product_tag-zemin-sistemleri"],"_links":{"self":[{"href":"https:\/\/kackaryapi.com.tr\/en\/wp-json\/wp\/v2\/product\/815","targetHints":{"allow":["GET"]}}],"collection":[{"href":"https:\/\/kackaryapi.com.tr\/en\/wp-json\/wp\/v2\/product"}],"about":[{"href":"https:\/\/kackaryapi.com.tr\/en\/wp-json\/wp\/v2\/types\/product"}],"replies":[{"embeddable":true,"href":"https:\/\/kackaryapi.com.tr\/en\/wp-json\/wp\/v2\/comments?post=815"}],"wp:featuredmedia":[{"embeddable":true,"href":"https:\/\/kackaryapi.com.tr\/en\/wp-json\/wp\/v2\/media\/816"}],"wp:attachment":[{"href":"https:\/\/kackaryapi.com.tr\/en\/wp-json\/wp\/v2\/media?parent=815"}],"wp:term":[{"taxonomy":"product_cat","embeddable":true,"href":"https:\/\/kackaryapi.com.tr\/en\/wp-json\/wp\/v2\/product_cat?post=815"},{"taxonomy":"product_tag","embeddable":true,"href":"https:\/\/kackaryapi.com.tr\/en\/wp-json\/wp\/v2\/product_tag?post=815"}],"curies":[{"name":"wp","href":"https:\/\/api.w.org\/{rel}","templated":true}]}}