{"id":812,"date":"2022-12-20T17:23:43","date_gmt":"2022-12-20T14:23:43","guid":{"rendered":"https:\/\/kackaryapi.com.tr\/?post_type=product&#038;p=812"},"modified":"2022-12-20T17:24:24","modified_gmt":"2022-12-20T14:24:24","slug":"ciftli-yay","status":"publish","type":"product","link":"https:\/\/kackaryapi.com.tr\/en\/product\/ciftli-yay\/","title":{"rendered":"\u00c7iftli Yay"},"content":{"rendered":"","protected":false},"excerpt":{"rendered":"<p><strong>Asma tavan sistemlerinde, iki ask\u0131 telini birbirine ba\u011flayan elemand\u0131r.<\/strong><\/p>\n<p><strong>Kullan\u0131m Alanlar\u0131:<\/strong><\/p>\n<ul>\n<li>Asma tavan sistemleri<\/li>\n<\/ul>\n<p><strong>Ebatlar ve Genel \u00d6zellikler:<\/strong><\/p>\n<ul>\n<li>Kal\u0131nl\u0131k: 0,6 mm \/ A\u011f\u0131rl\u0131k: 0,02 kg\/adet \/ Paketleme: 250 adet\/paket<\/li>\n<\/ul>","protected":false},"featured_media":813,"comment_status":"open","ping_status":"closed","template":"","meta":[],"product_cat":[40,150],"product_tag":[44,36,47,46,158,156,157,43,34,35,39,45,38,72],"class_list":["post-812","product","type-product","status-publish","has-post-thumbnail","hentry","product_cat-kuruyapi","product_cat-sistem-aksesuarlari","product_tag-alci","product_tag-astarlar","product_tag-atasehir-knauf","product_tag-atasehir-yapi","product_tag-ciftli-yay","product_tag-ekleme-parcasi","product_tag-esit-seviye-ekleme-parcasi","product_tag-kackar-yapi","product_tag-knauf","product_tag-macunlar","product_tag-yapi","product_tag-yapi-onarim","product_tag-yapi-sistemleri","product_tag-zemin-sistemleri"],"_links":{"self":[{"href":"https:\/\/kackaryapi.com.tr\/en\/wp-json\/wp\/v2\/product\/812","targetHints":{"allow":["GET"]}}],"collection":[{"href":"https:\/\/kackaryapi.com.tr\/en\/wp-json\/wp\/v2\/product"}],"about":[{"href":"https:\/\/kackaryapi.com.tr\/en\/wp-json\/wp\/v2\/types\/product"}],"replies":[{"embeddable":true,"href":"https:\/\/kackaryapi.com.tr\/en\/wp-json\/wp\/v2\/comments?post=812"}],"wp:featuredmedia":[{"embeddable":true,"href":"https:\/\/kackaryapi.com.tr\/en\/wp-json\/wp\/v2\/media\/813"}],"wp:attachment":[{"href":"https:\/\/kackaryapi.com.tr\/en\/wp-json\/wp\/v2\/media?parent=812"}],"wp:term":[{"taxonomy":"product_cat","embeddable":true,"href":"https:\/\/kackaryapi.com.tr\/en\/wp-json\/wp\/v2\/product_cat?post=812"},{"taxonomy":"product_tag","embeddable":true,"href":"https:\/\/kackaryapi.com.tr\/en\/wp-json\/wp\/v2\/product_tag?post=812"}],"curies":[{"name":"wp","href":"https:\/\/api.w.org\/{rel}","templated":true}]}}